{"id":791,"date":"2023-06-29T13:28:47","date_gmt":"2023-06-29T13:28:47","guid":{"rendered":"https:\/\/agence-france.fr\/?page_id=791"},"modified":"2024-02-26T11:50:33","modified_gmt":"2024-02-26T11:50:33","slug":"nos-marques-stengel","status":"publish","type":"page","link":"https:\/\/agence-france.fr\/index.php\/nos-marques-stengel\/","title":{"rendered":"Nos marques &#8211; Stengel"},"content":{"rendered":"\n<div class=\"wp-block-uagb-container uagb-block-80a79117 alignfull uagb-is-root-container\"><div class=\"uagb-container-inner-blocks-wrap\">\n<div class=\"wp-block-uagb-container uagb-block-2dff907d\"><style>.kb-google-maps-container_4dda3c-84{height:450px;}<\/style><div class=\"kb-google-maps-container kb-google-maps-container_4dda3c-84  wp-block-kadence-googlemaps\" data-mapid=\"_4dda3c-84\"><iframe width=\"100%\" height=\"100%\"\n\t\t\t\t\t\t\tstyle=\"border:0\" loading=\"lazy\"\n\t\t\t\t\t\t\tsrc=\"https:\/\/www.google.com\/maps\/embed\/v1\/place?key=AIzaSyBAM2o7PiQqwk15LC1XRH2e_KJ-jUa7KYk&#038;zoom=5&#038;maptype=roadmap&#038;q=Max-Eyth-Stra%C3%9Fe+15%2C+73479+Ellwangen+%28Jagst%29%2C+Allemagne\"\n\t\t\t\t\t\t\ttitle=\"Google map of Max-Eyth-Stra\u00dfe 15, 73479 Ellwangen (Jagst), Allemagne\"><\/iframe><\/div><script>function kb_google_map_4dda3c_84() { let center = { lat: 37.8201, lng: -122.4781}; let map = new google.maps.Map(document.getElementById(\"kb-google-map_4dda3c-84\"), {\n\t\t\t\t\t    zoom: 5,\n\t\t\t\t\t    center: center,});let marker = new google.maps.Marker({   position: { lat: 37.8201, lng: -122.4781},    map: map,  });}<\/script><\/div>\n\n\n\n<div class=\"wp-block-uagb-container uagb-block-b6618dd9\">\n<p>Stengel Steel Concept GmbH<\/p>\n\n\n\n<p>Max-Eyth-Stra\u00dfe 15, 73479 Ellwangen (Jagst), Allemagne<\/p>\n\n\n\n<figure class=\"wp-block-embed is-type-wp-embed is-provider-stengel-steelconcept wp-block-embed-stengel-steelconcept\"><div class=\"wp-block-embed__wrapper\">\n<blockquote class=\"wp-embedded-content\" data-secret=\"IpYhigbE9z\"><a href=\"https:\/\/minikuechen.de\/\">Neue Startseite<\/a><\/blockquote><iframe class=\"wp-embedded-content\" sandbox=\"allow-scripts\" security=\"restricted\" style=\"position: absolute; clip: rect(1px, 1px, 1px, 1px);\" title=\"&#8222;Neue Startseite&#8220; &#8212; stengel-steelconcept\" src=\"https:\/\/minikuechen.de\/embed\/#?secret=eRwLyyb65o#?secret=IpYhigbE9z\" data-secret=\"IpYhigbE9z\" width=\"500\" height=\"282\" frameborder=\"0\" marginwidth=\"0\" marginheight=\"0\" scrolling=\"no\"><\/iframe>\n<\/div><\/figure>\n\n\n\n<p>+49796191210<\/p>\n<\/div>\n\n\n\n<div class=\"wp-block-uagb-container uagb-block-9bb6d691\">\n<div class=\"alignnormal\"><div id=\"metaslider-id-794\" style=\"width: 100%;\" class=\"ml-slider-3-30-1 metaslider metaslider-nivo metaslider-794 ml-slider\">\n    <div id=\"metaslider_container_794\">\n        <div class='slider-wrapper theme-default'><div class='ribbon'><\/div><div id='metaslider_794' class='nivoSlider'><img src=\"https:\/\/agence-france.fr\/wp-content\/uploads\/2023\/06\/00_TITEL-scaled-905x900.jpg\" height=\"900\" width=\"905\" title=\"00_TITEL\" alt=\"\" class=\"slider-794 slide-809\" \/><img src=\"https:\/\/agence-france.fr\/wp-content\/uploads\/2023\/06\/10_OKT-scaled-905x900.jpg\" height=\"900\" width=\"905\" title=\"10_OKT\" alt=\"\" class=\"slider-794 slide-810\" \/><img src=\"https:\/\/agence-france.fr\/wp-content\/uploads\/2023\/06\/12_DEZ-scaled-905x900.jpg\" height=\"900\" width=\"905\" title=\"12_DEZ\" alt=\"\" class=\"slider-794 slide-811\" \/><\/div><\/div>\n        \n    <\/div>\n<\/div><\/div>\n<\/div>\n<\/div><\/div>\n\n\n\n<div class=\"alignnormal\"><div id=\"metaslider-id-812\" style=\"width: 100%;\" class=\"ml-slider-3-30-1 metaslider metaslider-nivo metaslider-812 ml-slider\">\n    <div id=\"metaslider_container_812\">\n        <div class='slider-wrapper theme-default'><div class='ribbon'><\/div><div id='metaslider_812' class='nivoSlider'><img src=\"https:\/\/agence-france.fr\/wp-content\/uploads\/2023\/06\/06_JUN-scaled-905x300.jpg\" height=\"300\" width=\"905\" title=\"06_JUN\" alt=\"\" class=\"slider-812 slide-813\" \/><img src=\"https:\/\/agence-france.fr\/wp-content\/uploads\/2023\/06\/07_JUL-scaled-905x300.jpg\" height=\"300\" width=\"905\" title=\"07_JUL\" alt=\"\" class=\"slider-812 slide-814\" \/><img src=\"https:\/\/agence-france.fr\/wp-content\/uploads\/2023\/06\/04_APR-scaled-905x300.jpg\" height=\"300\" width=\"905\" title=\"04_APR\" alt=\"\" class=\"slider-812 slide-815\" \/><img src=\"https:\/\/agence-france.fr\/wp-content\/uploads\/2023\/06\/03_MARZ-1-scaled-905x300.jpg\" height=\"300\" width=\"905\" title=\"03_M\u00c4RZ\" alt=\"\" class=\"slider-812 slide-816\" \/><img src=\"https:\/\/agence-france.fr\/wp-content\/uploads\/2023\/06\/02_FEB-1-scaled-905x300.jpg\" height=\"300\" width=\"905\" title=\"02_FEB\" alt=\"\" class=\"slider-812 slide-817\" \/><img src=\"https:\/\/agence-france.fr\/wp-content\/uploads\/2023\/06\/01_JAN-1-scaled-905x300.jpg\" height=\"300\" width=\"905\" title=\"01_JAN\" alt=\"\" class=\"slider-812 slide-818\" \/><img src=\"https:\/\/agence-france.fr\/wp-content\/uploads\/2023\/06\/05_MAI-1-scaled-905x300.jpg\" height=\"300\" width=\"905\" title=\"05_MAI\" alt=\"\" class=\"slider-812 slide-819\" \/><img src=\"https:\/\/agence-france.fr\/wp-content\/uploads\/2023\/06\/08_AUG-scaled-905x300.jpg\" height=\"300\" width=\"905\" title=\"08_AUG\" alt=\"\" class=\"slider-812 slide-820\" \/><img src=\"https:\/\/agence-france.fr\/wp-content\/uploads\/2023\/06\/09_SEPT-scaled-905x300.jpg\" height=\"300\" width=\"905\" title=\"09_SEPT\" alt=\"\" class=\"slider-812 slide-821\" \/><img src=\"https:\/\/agence-france.fr\/wp-content\/uploads\/2023\/06\/11_NOV-scaled-905x300.jpg\" height=\"300\" width=\"905\" title=\"11_NOV\" alt=\"\" class=\"slider-812 slide-822\" \/><\/div><\/div>\n        \n    <\/div>\n<\/div><\/div>\n\n\n\n<div class=\"wp-block-uagb-container uagb-block-187782f8 alignfull uagb-is-root-container\"><div class=\"uagb-container-inner-blocks-wrap\">\n<div class=\"wp-block-uagb-container uagb-block-71cc93f4\">\n<p>Le groupe Stengel a \u00e9t\u00e9 fond\u00e9e en 1967 en Allemagne et a connu une croissance fulgurante avec aujourd\u2019hui plusieurs unit\u00e9s de production r\u00e9partis sur 108 hectares. Il compte ainsi 850 employ\u00e9s et produit 15 000 cuisines par an.\u00a0 Les mini cuisines Stengel, produites et assembl\u00e9es dans leurs usines en Allemagne se d\u00e9marquent notamment par des collections en acier inoxydable avec des designs sobres et travaill\u00e9s pour des cuisines compactes, mini-cuisines et cuisines d\u2019ext\u00e9rieur.\u00a0<\/p>\n\n\n\n<p>Les produits Stengel made in Germany sont produits pour \u00eatre durables, solides tout en gardant un design soign\u00e9.&nbsp;<\/p>\n<\/div>\n\n\n\n<div class=\"wp-block-uagb-container uagb-block-20d60b7a\">\n<div class=\"wp-block-uagb-image uagb-block-f5b4e256 wp-block-uagb-image--layout-default wp-block-uagb-image--effect-static wp-block-uagb-image--align-none\"><figure class=\"wp-block-uagb-image__figure\"><img decoding=\"async\" srcset=\"https:\/\/agence-france.fr\/wp-content\/uploads\/2023\/05\/Cuisine-Stengel-1.jpg \" sizes=\"(max-width: 480px) 150px\" src=\"https:\/\/agence-france.fr\/wp-content\/uploads\/2023\/05\/Cuisine-Stengel-1.jpg\" alt=\"\" class=\"uag-image-100\" width=\"734\" height=\"505\" title=\"\" loading=\"lazy\"\/><\/figure><\/div>\n<\/div>\n<\/div><\/div>\n\n\n\n<hr class=\"wp-block-separator has-alpha-channel-opacity\"\/>\n\n\n\n<div class=\"wp-block-uagb-container uagb-block-48a72daf alignfull uagb-is-root-container\"><div class=\"uagb-container-inner-blocks-wrap\">\n<div class=\"wp-block-columns is-layout-flex wp-container-2 wp-block-columns-is-layout-flex\">\n<div class=\"wp-block-column is-layout-flow wp-block-column-is-layout-flow\" style=\"flex-basis:100%\">\n<figure class=\"wp-block-image size-large\"><img decoding=\"async\" loading=\"lazy\" width=\"724\" height=\"1024\" src=\"https:\/\/agence-france.fr\/wp-content\/uploads\/2023\/06\/plaquette-designline-perso-1-724x1024.png\" alt=\"\" class=\"wp-image-830\" srcset=\"https:\/\/agence-france.fr\/wp-content\/uploads\/2023\/06\/plaquette-designline-perso-1-724x1024.png 724w, https:\/\/agence-france.fr\/wp-content\/uploads\/2023\/06\/plaquette-designline-perso-1-212x300.png 212w, https:\/\/agence-france.fr\/wp-content\/uploads\/2023\/06\/plaquette-designline-perso-1-768x1086.png 768w, https:\/\/agence-france.fr\/wp-content\/uploads\/2023\/06\/plaquette-designline-perso-1-1086x1536.png 1086w, https:\/\/agence-france.fr\/wp-content\/uploads\/2023\/06\/plaquette-designline-perso-1.png 1414w\" sizes=\"(max-width: 724px) 100vw, 724px\" \/><figcaption class=\"wp-element-caption\"><em><strong>Studio Line<\/strong> et en 3 options et 8 coloris diff\u00e9rents<\/em><\/figcaption><\/figure>\n\n\n\n<p>Nous proposons avec Stengel une multitude de choix pour r\u00e9pondre \u00e0 tous les besoins uniques de l&#8217;utilisateur. <\/p>\n<\/div>\n<\/div>\n\n\n\n<div class=\"wp-block-uagb-container uagb-block-a7c0b1c8\">\n<ul>\n<li>Des mini cuisines en m\u00e9tal allant de 90 \u00e0 180cm de largeur&nbsp;<\/li>\n<\/ul>\n\n\n\n<ul>\n<li>8 couleurs en int\u00e9rieur et 5 en ext\u00e9rieur<\/li>\n<\/ul>\n\n\n\n<ul>\n<li>6 lignes de cuisine, une cuisine encastr\u00e9e, des cuisines ext\u00e9rieurs.&nbsp;<\/li>\n<\/ul>\n\n\n\n<ul>\n<li>Avec ou sans, 3 types de plaques de cuisson<\/li>\n<\/ul>\n\n\n\n<ul>\n<li>28 variantes de meubles suspendus et d&nbsp;\u2018armoires hautes.&nbsp;<\/li>\n<\/ul>\n\n\n\n<ul>\n<li>Et bien s\u00fbr une qualit\u00e9 de produits made in Germany avec un design travaill\u00e9, tendance et une livraison mont\u00e9e, rapide.&nbsp;<\/li>\n<\/ul>\n\n\n\n<p>Le catalogue de produits se divise essentiellement en 5&nbsp; lignes de cuisines \u2013 toutes, \u00e9tant produits sur commande, offrent de nombreuses possibilit\u00e9s en terme d\u2019options.&nbsp;<\/p>\n<\/div>\n<\/div><\/div>\n\n\n\n<div class=\"wp-block-uagb-container uagb-block-5c68fc60 alignfull uagb-is-root-container\"><div class=\"uagb-container-inner-blocks-wrap\">\n<div class=\"wp-block-essential-blocks-number-counter\"><div class=\"eb-parent-wrapper eb-parent-eb-counter-vq10kmo \"><div class=\"eb-counter-vq10kmo eb-counter-wrapper\"><div class=\"counter-contents-wrapper\"><h4 class=\"eb-counter-number\"><span class=\"eb-counter-prefix\"><\/span><span class=\"eb-counter eb-counter-number\" data-duration=\"5320\" data-startvalue=\"0\" data-target=\"15000\" data-separator=\",\" data-isshowseparator=\"true\">0<\/span><span class=\"eb-counter-suffix\">+<\/span><\/h4><h3 class=\"eb-counter-title\">Mini cuisines produites par an<\/h3><\/div><\/div><\/div><\/div>\n<\/div><\/div>\n\n\n\n<hr class=\"wp-block-separator has-alpha-channel-opacity\"\/>\n\n\n\n<div class=\"wp-block-uagb-container uagb-block-45d477f4 alignfull uagb-is-root-container\"><div class=\"uagb-container-inner-blocks-wrap\">\n<p>Les mod\u00e8les de la gamme<strong><em> EASYLINE<\/em><\/strong> s\u2019illustrent par la qualit\u00e9 des appareils \u00e9lectrom\u00e9nagers, propos\u00e9s dans une mini-cuisine simple \u00e0 petit prix. La kitchenette en m\u00e9tal thermolaqu\u00e9 et poss\u00e8de des portes \u00e0 double parois insonoris\u00e9es \u00e9quipp\u00e9s d\u2019un syst\u00e8me d\u2019ouverture par pression.&nbsp;                            Disponibles en Longueur 100cm et en Longueur 120cm, avec ou sans plaques, et choix sur l\u2019emplacement de l\u2019\u00e9vier.&nbsp;&nbsp;<\/p>\n\n\n\n<p>La profondeur et la hauteur des kitchenettes gardent un standard tr\u00e8s compactes de 60cm (P) et 89cm (H)<\/p>\n\n\n\n<div class=\"wp-block-uagb-container uagb-block-25256197\">\n<div class=\"wp-block-uagb-image uagb-block-99c036df wp-block-uagb-image--layout-default wp-block-uagb-image--effect-static wp-block-uagb-image--align-none\"><figure class=\"wp-block-uagb-image__figure\"><img decoding=\"async\" srcset=\"https:\/\/agence-france.fr\/wp-content\/uploads\/2023\/06\/ME120_KF_hq-1024x768.jpg \" sizes=\"(max-width: 480px) 150px\" src=\"https:\/\/agence-france.fr\/wp-content\/uploads\/2023\/06\/ME120_KF_hq-1024x768.jpg\" alt=\"\" class=\"uag-image-826\" width=\"1024\" height=\"768\" title=\"\" loading=\"lazy\"\/><\/figure><\/div>\n<\/div>\n<\/div><\/div>\n\n\n\n<hr class=\"wp-block-separator has-alpha-channel-opacity\"\/>\n\n\n\n<div class=\"wp-block-uagb-container uagb-block-56089c28 alignfull uagb-is-root-container\"><div class=\"uagb-container-inner-blocks-wrap\">\n<p>Les mini-cuisines PREMIUMLINE met l\u2019accent sur un design \u00ab&nbsp;styl\u00e9&nbsp;\u00bb tout en restant \u00e0 la fois tr\u00e8s fonctionnelles et compactes.&nbsp;La cuisine fabriqu\u00e9e en m\u00e9tal thermolaqu\u00e9 est produite avec des portes \u00e0 double paroi remplies d\u2019un isolant sp\u00e9cial premium.&nbsp;Micro-ondes, son lave)vaisselle et son four traditionnel, sont propos\u00e9s en option.<\/p>\n\n\n\n<p>Disponibles en largeurs 100, 120, 150, 160, 170 et 180cm.&nbsp;<\/p>\n\n\n\n<div class=\"wp-block-uagb-container uagb-block-2ce3aa1c\">\n<div class=\"wp-block-uagb-image uagb-block-c231c904 wp-block-uagb-image--layout-default wp-block-uagb-image--effect-static wp-block-uagb-image--align-none\"><figure class=\"wp-block-uagb-image__figure\"><img decoding=\"async\" srcset=\"https:\/\/agence-france.fr\/wp-content\/uploads\/2023\/06\/MPMOS180A_GIK_Schwarz-1024x683.jpg \" sizes=\"(max-width: 480px) 150px\" src=\"https:\/\/agence-france.fr\/wp-content\/uploads\/2023\/06\/MPMOS180A_GIK_Schwarz-1024x683.jpg\" alt=\"\" class=\"uag-image-859\" width=\"1024\" height=\"683\" title=\"\" loading=\"lazy\"\/><\/figure><\/div>\n<\/div>\n<\/div><\/div>\n\n\n\n<div class=\"wp-block-uagb-container uagb-block-f54de1e6 alignfull uagb-is-root-container\"><div class=\"uagb-container-inner-blocks-wrap\">\n<p>Le <strong><em>STUDIO LINE<\/em><\/strong> <strong><em>KIT<\/em><\/strong> de Stengel est un support autoportant avec \u00e9l\u00e9ments hauts r\u00e9pondant aux exigences les plus strictes avec des mod\u00e8les autoportant \u00e0 largeur tr\u00e8s compactes (106, 126 et 156cm pour des kitchenettes 100, 120 et 150cm) pour la <em>PREMIUM LINE<\/em>.&nbsp;Disponibles en 7 diff\u00e9rentes couleurs en combinaison avec une mini-cuisine assortie.Les joues fournies ont un cadre en INOX 1.4301 bross\u00e9 et poli, rempli en m\u00e9tal rev\u00eatu par poudrage.&nbsp;Les cuisines Studio line sont disponibles en hauteur 206cm ou en 222cm. Cette derni\u00e8re hauteur permet la mise en place d\u2019une hotte aspirante Amica en option.La profondeur et la hauteur des kitchenettes gardent un standard tr\u00e8s compactes de 60cm (P) et 89cm (H). <\/p>\n\n\n\n<div class=\"wp-block-uagb-container uagb-block-09722e97\">\n<div class=\"wp-block-uagb-image alignright uagb-block-37310e4d wp-block-uagb-image--layout-default wp-block-uagb-image--effect-static wp-block-uagb-image--align-right\"><figure class=\"wp-block-uagb-image__figure\"><img decoding=\"async\" srcset=\"https:\/\/agence-france.fr\/wp-content\/uploads\/2023\/06\/Studioline_D_150-288x300.jpg \" sizes=\"(max-width: 480px) 150px\" src=\"https:\/\/agence-france.fr\/wp-content\/uploads\/2023\/06\/Studioline_D_150-288x300.jpg\" alt=\"\" class=\"uag-image-854\" width=\"288\" height=\"300\" title=\"\" loading=\"lazy\"\/><figcaption class=\"uagb-image-caption\">*<em>Disponible avec ou sans hotte aspirante<\/em>.<\/figcaption><\/figure><\/div>\n<\/div>\n<\/div><\/div>\n\n\n\n<div class=\"wp-block-uagb-container uagb-block-3def11c3 alignfull uagb-is-root-container\"><div class=\"uagb-container-inner-blocks-wrap\">\n<p>Les cuisines armoires <strong><em>SKM<\/em><\/strong> se fondent dans toutes les pi\u00e8ces gr\u00e2ce \u00e0 un design moderne et harmonieux.&nbsp; Le montage est simplifi\u00e9 et mise en oeuvre rapide.&nbsp;Les cuisines armoires de Stengel sont compos\u00e9es selon les diff\u00e9rentes options disponibles.&nbsp;<\/p>\n\n\n\n<div class=\"wp-block-uagb-container uagb-block-983dc149\"><div class=\"wp-block-image\">\n<figure class=\"alignright size-large is-resized\"><img decoding=\"async\" loading=\"lazy\" src=\"https:\/\/agence-france.fr\/wp-content\/uploads\/2023\/06\/SKM_offen-LQ-1024x909.jpg\" alt=\"\" class=\"wp-image-862\" width=\"256\" height=\"227\" srcset=\"https:\/\/agence-france.fr\/wp-content\/uploads\/2023\/06\/SKM_offen-LQ-1024x909.jpg 1024w, https:\/\/agence-france.fr\/wp-content\/uploads\/2023\/06\/SKM_offen-LQ-300x266.jpg 300w, https:\/\/agence-france.fr\/wp-content\/uploads\/2023\/06\/SKM_offen-LQ-768x682.jpg 768w, https:\/\/agence-france.fr\/wp-content\/uploads\/2023\/06\/SKM_offen-LQ-1536x1363.jpg 1536w, https:\/\/agence-france.fr\/wp-content\/uploads\/2023\/06\/SKM_offen-LQ-2048x1818.jpg 2048w\" sizes=\"(max-width: 256px) 100vw, 256px\" \/><\/figure><\/div><\/div>\n<\/div><\/div>\n\n\n\n<hr class=\"wp-block-separator has-alpha-channel-opacity\"\/>\n\n\n\n<div class=\"wp-block-uagb-container uagb-block-0138d3e2 alignfull uagb-is-root-container\"><div class=\"uagb-container-inner-blocks-wrap\">\n<p>La<em> <strong>DESIGNLINE&nbsp;<\/strong><\/em>comme son nom l&#8217;indique met l&#8217;accent sur le design de la cuisine. Avec des plans de travail diff\u00e9rents, 12 variantes et mod\u00e8les, \u00e9l\u00e9gant avec des ouvertures de ventilation frontales int\u00e9gr\u00e9es presque invisibles et 8 couleurs, la ligne design pr\u00e9sente tous les atouts d\u2019une cuisine parfaite.&nbsp;<\/p>\n\n\n\n<p>Disponibles en largeur 150, 160, 170 et 180 cm avec un vaste choix des accessoires et des \u00e9lectrom\u00e9nagers.&nbsp;<\/p>\n\n\n\n<div class=\"wp-block-uagb-container uagb-block-f32b533a\">\n<figure class=\"wp-block-image size-large\"><img decoding=\"async\" loading=\"lazy\" width=\"1024\" height=\"763\" src=\"https:\/\/agence-france.fr\/wp-content\/uploads\/2023\/06\/2019_Stengel_Edelstahl_03-160-1024x763.jpg\" alt=\"\" class=\"wp-image-866\" srcset=\"https:\/\/agence-france.fr\/wp-content\/uploads\/2023\/06\/2019_Stengel_Edelstahl_03-160-1024x763.jpg 1024w, https:\/\/agence-france.fr\/wp-content\/uploads\/2023\/06\/2019_Stengel_Edelstahl_03-160-300x224.jpg 300w, https:\/\/agence-france.fr\/wp-content\/uploads\/2023\/06\/2019_Stengel_Edelstahl_03-160-768x572.jpg 768w, https:\/\/agence-france.fr\/wp-content\/uploads\/2023\/06\/2019_Stengel_Edelstahl_03-160-1536x1144.jpg 1536w, https:\/\/agence-france.fr\/wp-content\/uploads\/2023\/06\/2019_Stengel_Edelstahl_03-160-2048x1526.jpg 2048w\" sizes=\"(max-width: 1024px) 100vw, 1024px\" \/><\/figure>\n<\/div>\n<\/div><\/div>\n\n\n\n<div class=\"wp-block-uagb-container uagb-block-f41927d9 alignfull uagb-is-root-container\"><div class=\"uagb-container-inner-blocks-wrap\">\n<div class=\"wp-block-uagb-container uagb-block-86f99008\">\n<div class=\"wp-block-uagb-image uagb-block-72b1d6ec wp-block-uagb-image--layout-default wp-block-uagb-image--effect-static wp-block-uagb-image--align-none\"><figure class=\"wp-block-uagb-image__figure\"><a class=\"\" href=\"https:\/\/agence-france.fr\/index.php\/catalogues-stengel\/\" target=\"\" rel=\"noopener\"><img decoding=\"async\" srcset=\"https:\/\/agence-france.fr\/wp-content\/uploads\/2023\/06\/plaquette-designline-perso-1-1-724x1024.png \" sizes=\"(max-width: 480px) 150px\" src=\"https:\/\/agence-france.fr\/wp-content\/uploads\/2023\/06\/plaquette-designline-perso-1-1-724x1024.png\" alt=\"\" class=\"uag-image-834\" title=\"\" loading=\"lazy\"\/><\/a><\/figure><\/div>\n<\/div>\n\n\n\n<div class=\"wp-block-uagb-container uagb-block-71b59764\">\n<div class=\"wp-block-uagb-image uagb-block-8168e888 wp-block-uagb-image--layout-default wp-block-uagb-image--effect-static wp-block-uagb-image--align-none\"><figure class=\"wp-block-uagb-image__figure\"><a class=\"\" href=\"https:\/\/agence-france.fr\/index.php\/galerie-stengel\/\" target=\"\" rel=\"noopener\"><img decoding=\"async\" srcset=\"https:\/\/agence-france.fr\/wp-content\/uploads\/2023\/06\/plaquette-designline-perso-2-724x1024.png \" sizes=\"(max-width: 480px) 150px\" src=\"https:\/\/agence-france.fr\/wp-content\/uploads\/2023\/06\/plaquette-designline-perso-2-724x1024.png\" alt=\"\" class=\"uag-image-835\" title=\"\" loading=\"lazy\"\/><\/a><\/figure><\/div>\n<\/div>\n\n\n\n<div class=\"wp-block-uagb-container uagb-block-567a1545\">\n<div class=\"wp-block-uagb-image uagb-block-ec724116 wp-block-uagb-image--layout-default wp-block-uagb-image--effect-static wp-block-uagb-image--align-none\"><figure class=\"wp-block-uagb-image__figure\"><img decoding=\"async\" srcset=\"https:\/\/agence-france.fr\/wp-content\/uploads\/2023\/06\/Site-1-724x1024.png \" sizes=\"(max-width: 480px) 150px\" src=\"https:\/\/agence-france.fr\/wp-content\/uploads\/2023\/06\/Site-1-724x1024.png\" alt=\"\" class=\"uag-image-774\" title=\"\" loading=\"lazy\"\/><\/figure><\/div>\n<\/div>\n\n\n\n<div class=\"wp-block-uagb-container uagb-block-98b36dd3\">\n<div class=\"wp-block-uagb-image uagb-block-b890f980 wp-block-uagb-image--layout-default wp-block-uagb-image--effect-static wp-block-uagb-image--align-none\"><figure class=\"wp-block-uagb-image__figure\"><a class=\"\" href=\"https:\/\/agence-france.fr\/index.php\/nos-marques\/\" target=\"\" rel=\"noopener\"><img decoding=\"async\" srcset=\"https:\/\/agence-france.fr\/wp-content\/uploads\/2023\/06\/Site-724x1024.png \" sizes=\"(max-width: 480px) 150px\" src=\"https:\/\/agence-france.fr\/wp-content\/uploads\/2023\/06\/Site-724x1024.png\" alt=\"\" class=\"uag-image-772\" title=\"\" loading=\"lazy\"\/><\/a><\/figure><\/div>\n<\/div>\n<\/div><\/div>\n","protected":false},"excerpt":{"rendered":"<p>Stengel Steel Concept GmbH Max-Eyth-Stra\u00dfe 15, 73479 Ellwangen (Jagst), Allemagne +49796191210 Le groupe Stengel a \u00e9t\u00e9 fond\u00e9e en 1967 en Allemagne et a connu une croissance fulgurante avec aujourd\u2019hui plusieurs unit\u00e9s de production r\u00e9partis sur 108 hectares. Il compte ainsi 850 employ\u00e9s et produit 15 000 cuisines par an.\u00a0 Les mini cuisines Stengel, produites et [&hellip;]<\/p>\n","protected":false},"author":1,"featured_media":575,"parent":0,"menu_order":0,"comment_status":"closed","ping_status":"closed","template":"page-templates\/full-width-page.php","meta":{"om_disable_all_campaigns":true,"_uag_custom_page_level_css":"","_monsterinsights_skip_tracking":false,"_monsterinsights_sitenote_active":false,"_monsterinsights_sitenote_note":"","_monsterinsights_sitenote_category":0},"aioseo_notices":[],"uagb_featured_image_src":{"full":["https:\/\/agence-france.fr\/wp-content\/uploads\/2023\/05\/cropped-Stengel-Logo.png",1132,297,false],"thumbnail":["https:\/\/agence-france.fr\/wp-content\/uploads\/2023\/05\/cropped-Stengel-Logo-150x150.png",150,150,true],"medium":["https:\/\/agence-france.fr\/wp-content\/uploads\/2023\/05\/cropped-Stengel-Logo-300x79.png",300,79,true],"medium_large":["https:\/\/agence-france.fr\/wp-content\/uploads\/2023\/05\/cropped-Stengel-Logo-768x201.png",768,201,true],"large":["https:\/\/agence-france.fr\/wp-content\/uploads\/2023\/05\/cropped-Stengel-Logo-1024x269.png",1024,269,true],"1536x1536":["https:\/\/agence-france.fr\/wp-content\/uploads\/2023\/05\/cropped-Stengel-Logo.png",1132,297,false],"2048x2048":["https:\/\/agence-france.fr\/wp-content\/uploads\/2023\/05\/cropped-Stengel-Logo.png",1132,297,false]},"uagb_author_info":{"display_name":"pbc","author_link":"https:\/\/agence-france.fr\/index.php\/author\/p-boissonnade\/"},"uagb_comment_info":0,"uagb_excerpt":"Stengel Steel Concept GmbH Max-Eyth-Stra\u00dfe 15, 73479 Ellwangen (Jagst), Allemagne +49796191210 Le groupe Stengel a \u00e9t\u00e9 fond\u00e9e en 1967 en Allemagne et a connu une croissance fulgurante avec aujourd\u2019hui plusieurs unit\u00e9s de production r\u00e9partis sur 108 hectares. Il compte ainsi 850 employ\u00e9s et produit 15 000 cuisines par an.\u00a0 Les mini cuisines Stengel, produites et\u2026","_links":{"self":[{"href":"https:\/\/agence-france.fr\/index.php\/wp-json\/wp\/v2\/pages\/791"}],"collection":[{"href":"https:\/\/agence-france.fr\/index.php\/wp-json\/wp\/v2\/pages"}],"about":[{"href":"https:\/\/agence-france.fr\/index.php\/wp-json\/wp\/v2\/types\/page"}],"author":[{"embeddable":true,"href":"https:\/\/agence-france.fr\/index.php\/wp-json\/wp\/v2\/users\/1"}],"replies":[{"embeddable":true,"href":"https:\/\/agence-france.fr\/index.php\/wp-json\/wp\/v2\/comments?post=791"}],"version-history":[{"count":19,"href":"https:\/\/agence-france.fr\/index.php\/wp-json\/wp\/v2\/pages\/791\/revisions"}],"predecessor-version":[{"id":3099,"href":"https:\/\/agence-france.fr\/index.php\/wp-json\/wp\/v2\/pages\/791\/revisions\/3099"}],"wp:featuredmedia":[{"embeddable":true,"href":"https:\/\/agence-france.fr\/index.php\/wp-json\/wp\/v2\/media\/575"}],"wp:attachment":[{"href":"https:\/\/agence-france.fr\/index.php\/wp-json\/wp\/v2\/media?parent=791"}],"curies":[{"name":"wp","href":"https:\/\/api.w.org\/{rel}","templated":true}]}}