{"id":55,"date":"2023-05-22T13:56:50","date_gmt":"2023-05-22T13:56:50","guid":{"rendered":"https:\/\/agence-france.fr\/?page_id=55"},"modified":"2024-02-26T14:23:42","modified_gmt":"2024-02-26T14:23:42","slug":"lagence","status":"publish","type":"page","link":"https:\/\/agence-france.fr\/index.php\/lagence\/","title":{"rendered":"L&#8217;agence"},"content":{"rendered":"<div data-colibri-id=\"55-c1\" class=\"style-327 style-local-55-c1 position-relative\">\n  <!---->\n  <div data-colibri-component=\"section\" data-colibri-id=\"55-c2\" id=\"f-a-q\" class=\"h-section h-section-global-spacing d-flex align-items-lg-center align-items-md-center align-items-center style-669 style-local-55-c2 position-relative\">\n    <!---->\n    <!---->\n    <div class=\"h-section-grid-container h-section-boxed-container\">\n      <div data-colibri-id=\"55-c18\" class=\"h-row-container gutters-row-lg-2 gutters-row-md-2 gutters-row-2 gutters-row-v-lg-2 gutters-row-v-md-2 gutters-row-v-2 style-684 style-local-55-c18 position-relative\">\n        <!---->\n        <div class=\"h-row justify-content-lg-center justify-content-md-center justify-content-center align-items-lg-stretch align-items-md-stretch align-items-stretch gutters-col-lg-2 gutters-col-md-2 gutters-col-2 gutters-col-v-lg-2 gutters-col-v-md-2 gutters-col-v-2\">\n          <!---->\n          <div class=\"h-column h-column-container d-flex h-col-lg-auto h-col-md-auto h-col-auto style-685-outer style-local-55-c19-outer\">\n            <div data-colibri-id=\"55-c19\" class=\"d-flex h-flex-basis h-column__inner h-px-lg-2 h-px-md-2 h-px-2 v-inner-lg-2 v-inner-md-2 v-inner-2 style-685 style-local-55-c19 position-relative\">\n              <!---->\n              <!---->\n              <div class=\"w-100 h-y-container h-column__content h-column__v-align flex-basis-100 align-self-lg-start align-self-md-start align-self-start\">\n                <!---->\n                <div data-colibri-id=\"55-c20\" class=\"h-global-transition-all h-heading style-686 style-local-55-c20 position-relative h-element\">\n                  <!---->\n                  <div class=\"h-heading__outer style-686 style-local-55-c20\">\n                    <!---->\n                    <!---->\n                    <h3 class=\"\">F.A.Q:<\/h3>\n                  <\/div>\n                <\/div>\n              <\/div>\n            <\/div>\n          <\/div>\n          <div class=\"h-column h-column-container d-flex h-col-lg-auto h-col-md-auto h-col-auto style-704-outer style-local-55-c21-outer\">\n            <div data-colibri-id=\"55-c21\" class=\"d-flex h-flex-basis h-column__inner h-ui-empty-state-container h-px-lg-2 h-px-md-2 h-px-2 v-inner-lg-2 v-inner-md-2 v-inner-2 style-704 style-local-55-c21 position-relative\">\n              <!---->\n              <!---->\n              <div class=\"w-100 h-y-container h-column__content h-column__v-align flex-basis-100\">\n                <!---->\n              <\/div>\n            <\/div>\n          <\/div>\n        <\/div>\n      <\/div>\n      <div data-colibri-id=\"55-c3\" class=\"h-row-container gutters-row-lg-2 gutters-row-md-2 gutters-row-2 gutters-row-v-lg-2 gutters-row-v-md-2 gutters-row-v-2 style-670 style-local-55-c3 position-relative\">\n        <!---->\n        <div class=\"h-row justify-content-lg-center justify-content-md-center justify-content-center align-items-lg-stretch align-items-md-stretch align-items-stretch gutters-col-lg-2 gutters-col-md-2 gutters-col-2 gutters-col-v-lg-2 gutters-col-v-md-2 gutters-col-v-2\">\n          <!---->\n          <div class=\"h-column h-column-container d-flex h-col-lg-auto h-col-md-auto h-col-auto style-671-outer style-local-55-c4-outer\">\n            <div data-colibri-id=\"55-c4\" class=\"d-flex h-flex-basis h-column__inner h-px-lg-2 h-px-md-2 h-px-2 v-inner-lg-2 v-inner-md-2 v-inner-2 style-671 style-local-55-c4 position-relative\">\n              <!---->\n              <!---->\n              <div class=\"w-100 h-y-container h-column__content h-column__v-align flex-basis-100 align-self-lg-start align-self-md-start align-self-start\">\n                <!---->\n                <div data-colibri-component=\"tabs\" data-colibri-id=\"55-c5\" class=\"h-tabs h-tabs-vertical h-tabs--vertical--auto-lg h-tabs--vertical--auto-md h-tabs--vertical--full h-tabs h-tabs-vertical h-tabs--vertical--auto-lg h-tabs--vertical--auto-md h-tabs--vertical--full style-672 style-local-55-c5 position-relative h-element\">\n                  <!---->\n                  <div class=\"h-tabs-navigation d-flex h-tabs-navigation-vertical\">\n                    <a href=\"#qu-est-ce-que-pbc-agence-france\" class=\"h-tabs-navigation-item d-flex align-items-center h-global-transition h-tabs-navigation-active-item h-custom-active-state\" rel=\"#qu-est-ce-que-pbc-agence-france\">\n                      <!----><span class=\"h-tabs-navigation-item__text\">Qu&#8217;est ce que PBC Agence France ?<\/span><\/a>\n                    <a href=\"#comment-sont-selectionnes-vos-produits-2\" class=\"h-tabs-navigation-item d-flex align-items-center h-global-transition\" rel=\"#comment-sont-selectionnes-vos-produits-2\">\n                      <!----><span class=\"h-tabs-navigation-item__text\">Comment sont s\u00e9lectionn\u00e9s vos produits?<\/span><\/a>\n                    <a href=\"#comment-se-deroule-un-projet-2\" class=\"h-tabs-navigation-item d-flex align-items-center h-global-transition\" rel=\"#comment-se-deroule-un-projet-2\">\n                      <!----><span class=\"h-tabs-navigation-item__text\">Comment se d\u00e9roule un projet?<\/span><\/a>\n                  <\/div>\n                  <div id=\"qu-est-ce-que-pbc-agence-france\" skip-smooth-scroll=\"true\" skip-scroll-spy=\"true\" data-colibri-id=\"55-c6\" class=\"h-tabs-item-content h-tabs-item h-tabs-content-vertical h-tabs-content-55-c6 style-673 style-local-55-c6 position-relative h-element h-tabs-content-active\">\n                    <!---->\n                    <div class=\"w-100 h-y-container\">\n                      <!---->\n                      <div data-colibri-id=\"55-c7\" class=\"h-row-container gutters-row-lg-0 gutters-row-md-0 gutters-row-0 gutters-row-v-lg-0 gutters-row-v-md-0 gutters-row-v-0 style-674 style-local-55-c7 position-relative\">\n                        <!---->\n                        <div class=\"h-row justify-content-lg-start justify-content-md-start justify-content-start align-items-lg-stretch align-items-md-stretch align-items-stretch gutters-col-lg-0 gutters-col-md-0 gutters-col-0 gutters-col-v-lg-0 gutters-col-v-md-0 gutters-col-v-0\">\n                          <!---->\n                          <div class=\"h-column h-column-container d-flex h-col-lg-auto h-col-md-auto h-col-auto style-675-outer style-local-55-c8-outer\">\n                            <div data-colibri-id=\"55-c8\" class=\"d-flex h-flex-basis h-column__inner h-px-lg-2 h-px-md-2 h-px-2 v-inner-lg-2 v-inner-md-2 v-inner-2 style-675 style-local-55-c8 position-relative\">\n                              <!---->\n                              <!---->\n                              <div class=\"w-100 h-y-container h-column__content h-column__v-align flex-basis-100 align-self-lg-start align-self-md-start align-self-start\">\n                                <!---->\n                                <div data-colibri-id=\"55-c9\" class=\"h-text h-text-component style-676 style-local-55-c9 position-relative h-element\">\n                                  <!---->\n                                  <!---->\n                                  <div class=\"\">\n                                    <p>PBC Agence France fonctionne comme une \u00ab Maison de Commerce \u00bb Japonaise en assurant le lien et l\u2019accompagnement tout au long de la chaine de la prescription \u00e0 l\u2019ex\u00e9cution.<\/p>\n                                    <p><strong style=\"font-family: &quot;Open Sans&quot;; color: rgb(70, 112, 127); font-weight: 700;\">S\u00e9lectif<\/strong><strong style=\"color: rgb(70, 70, 127); font-weight: 700;\"> <\/strong>: Des marques Europ\u00e9ennes par des\n                                      PME dynamiques, orient\u00e9es vers l\u2019innovation et le design pour les projets collectifs, hoteliers, individuels ou m\u00e9dicaux, ou contract.<\/p>\n                                    <p><strong style=\"font-weight: 700;\">Adaptable<\/strong> : Des relations directes avec les industriels et les ing\u00e9nieurs pour orienter la production vers votre projet.<\/p>\n                                    <p>Des comp\u00e9tences transversales en Conseils, Communication et R\u00e9seaux. Infusion et cr\u00e9ation de COLLAB\u2019.<\/p>\n                                    <p>PBC Agence France, c\u2019est l\u2019assurance que le paquet commercial est s\u00e9rieux, sans mauvaise surprise, et en conformit\u00e9 avec la pratique de la construction.<\/p>\n                                  <\/div>\n                                <\/div>\n                              <\/div>\n                            <\/div>\n                          <\/div>\n                        <\/div>\n                      <\/div>\n                    <\/div>\n                  <\/div>\n                  <div id=\"comment-sont-selectionnes-vos-produits-2\" skip-smooth-scroll=\"true\" skip-scroll-spy=\"true\" data-colibri-id=\"55-c10\" class=\"h-tabs-item-content h-tabs-item h-tabs-content-vertical h-tabs-content-55-c10 style-678 style-local-55-c10 position-relative h-element hide\">\n                    <!---->\n                    <div class=\"w-100 h-y-container\">\n                      <!---->\n                      <div data-colibri-id=\"55-c11\" class=\"h-row-container gutters-row-lg-0 gutters-row-md-0 gutters-row-0 gutters-row-v-lg-0 gutters-row-v-md-0 gutters-row-v-0 style-679 style-local-55-c11 position-relative\">\n                        <!---->\n                        <div class=\"h-row justify-content-lg-start justify-content-md-start justify-content-start align-items-lg-stretch align-items-md-stretch align-items-stretch gutters-col-lg-0 gutters-col-md-0 gutters-col-0 gutters-col-v-lg-0 gutters-col-v-md-0 gutters-col-v-0\">\n                          <!---->\n                          <div class=\"h-column h-column-container d-flex h-col-lg-auto h-col-md-auto h-col-auto style-675-outer style-local-55-c12-outer\">\n                            <div data-colibri-id=\"55-c12\" class=\"d-flex h-flex-basis h-column__inner h-px-lg-2 h-px-md-2 h-px-2 v-inner-lg-2 v-inner-md-2 v-inner-2 style-675 style-local-55-c12 position-relative\">\n                              <!---->\n                              <!---->\n                              <div class=\"w-100 h-y-container h-column__content h-column__v-align flex-basis-100 align-self-lg-start align-self-md-start align-self-start\">\n                                <!---->\n                                <div data-colibri-id=\"55-c13\" class=\"h-text h-text-component style-680 style-local-55-c13 position-relative h-element\">\n                                  <!---->\n                                  <!---->\n                                  <div class=\"\">\n                                    <p>Nous choisissons les marques avec lesquelles nous travaillons pour diff\u00e9rents crit\u00e8res:&nbsp;<\/p>\n                                    <ul>\n                                      <li>Fiabilit\u00e9: les produits sont produits en Europe dans des chaines de montage saines et responsables.&nbsp;<\/li>\n                                      <li>Compl\u00e9mentarit\u00e9: les produits des marques que nous pr\u00e9sentons ne sont pas &#8220;substituables&#8221;. Nous faisons en sorte de ne cr\u00e9er aucune concurrence entre nos produits et encourageons les collaborations entre les marques\n                                        afin de cr\u00e9er un ensemble compatible et de proposer des produits qui r\u00e9pondent \u00e0 tout type de demande.<\/li>\n                                      <li>Qualit\u00e9: Nous repr\u00e9sentons des usines en pleine croissance caract\u00e9ris\u00e9s par une volont\u00e9 de produire, emballer et exp\u00e9dier soigneusement. Chacunes de nos usines repr\u00e9sente des savoir-faire uniques qui m\u00e9ritent d&#8217;\u00eatre\n                                        mises en avant. Chaque produit est unique et nous proposons aussi de nombreux services de personnalisation ainsi que du sur-mesure.<\/li>\n                                      <li>Prix: Nous avons fait le choix de pr\u00e9senter d&#8217;incarner un canal de distribution court avec des entreprises en recherche de d\u00e9veloppement en France. Ces diff\u00e9rents nous permettent aujourd&#8217;hui de pr\u00e9senter des prix\n                                        relativement bas par rapport aux concurrents directs.&nbsp;<\/li>\n                                    <\/ul>\n                                    <p>\n                                      <br>\n                                    <\/p>\n                                  <\/div>\n                                <\/div>\n                              <\/div>\n                            <\/div>\n                          <\/div>\n                        <\/div>\n                      <\/div>\n                    <\/div>\n                  <\/div>\n                  <div id=\"comment-se-deroule-un-projet-2\" skip-smooth-scroll=\"true\" skip-scroll-spy=\"true\" data-colibri-id=\"55-c14\" class=\"h-tabs-item-content h-tabs-item h-tabs-content-vertical h-tabs-content-55-c14 style-681 style-local-55-c14 position-relative h-element hide\">\n                    <!---->\n                    <div class=\"w-100 h-y-container\">\n                      <!---->\n                      <div data-colibri-id=\"55-c15\" class=\"h-row-container gutters-row-lg-0 gutters-row-md-0 gutters-row-0 gutters-row-v-lg-0 gutters-row-v-md-0 gutters-row-v-0 style-682 style-local-55-c15 position-relative\">\n                        <!---->\n                        <div class=\"h-row justify-content-lg-start justify-content-md-start justify-content-start align-items-lg-stretch align-items-md-stretch align-items-stretch gutters-col-lg-0 gutters-col-md-0 gutters-col-0 gutters-col-v-lg-0 gutters-col-v-md-0 gutters-col-v-0\">\n                          <!---->\n                          <div class=\"h-column h-column-container d-flex h-col-lg-auto h-col-md-auto h-col-auto style-675-outer style-local-55-c16-outer\">\n                            <div data-colibri-id=\"55-c16\" class=\"d-flex h-flex-basis h-column__inner h-px-lg-2 h-px-md-2 h-px-2 v-inner-lg-2 v-inner-md-2 v-inner-2 style-675 style-local-55-c16 position-relative\">\n                              <!---->\n                              <!---->\n                              <div class=\"w-100 h-y-container h-column__content h-column__v-align flex-basis-100 align-self-lg-start align-self-md-start align-self-start\">\n                                <!---->\n                                <div data-colibri-id=\"55-c17\" class=\"h-text h-text-component style-683 style-local-55-c17 position-relative h-element\">\n                                  <!---->\n                                  <!---->\n                                  <div class=\"\">\n                                    <p>Dans notre mission d&#8217;agent, notre principale priorit\u00e9 est de vous faciliter la t\u00e2che, voici comment se d\u00e9roule un projet type, de la prise de contact jusqu&#8217;\u00e0 l&#8217;installation:&nbsp;<\/p>\n                                    <ul>\n                                      <li>Prise de contact: une premi\u00e8re prise de contact sur le site (-\n                                        <a href=\"https:\/\/agence-france.fr\/index.php\/contact\" target=\"_blank\" rel=\"noopener\">contact-<\/a>)<\/li>\n                                      <li>Pr\u00e9sentation des produits<\/li>\n                                      <li>Elaboration du projet, &#8220;va-et-vient&#8221; d&#8217;informations entre vous, l&#8217;usine et nous<\/li>\n                                      <li>Choix du projet, \u00e9laboration de devis<\/li>\n                                      <li>Validation de la commande et des conditions&nbsp;<\/li>\n                                      <li>Fabrication<\/li>\n                                      <li>Expedition et suivi de commande<\/li>\n                                      <li>Une fois install\u00e9, suivi SAV dans la mesure des garanties mises en place.<\/li>\n                                    <\/ul>\n                                    <p>\n                                      <br>\n                                    <\/p>\n                                  <\/div>\n                                <\/div>\n                              <\/div>\n                            <\/div>\n                          <\/div>\n                        <\/div>\n                      <\/div>\n                    <\/div>\n                  <\/div>\n                <\/div>\n              <\/div>\n            <\/div>\n          <\/div>\n        <\/div>\n      <\/div>\n    <\/div>\n  <\/div>\n  <div data-colibri-component=\"section\" data-colibri-id=\"55-c23\" id=\"custom\" class=\"h-section h-section-global-spacing d-flex align-items-lg-center align-items-md-center align-items-center style-687 style-local-55-c23 position-relative\">\n    <!---->\n    <!---->\n    <div class=\"h-section-grid-container h-section-boxed-container\">\n      <!---->\n      <div data-colibri-id=\"55-c24\" class=\"h-row-container gutters-row-lg-2 gutters-row-md-2 gutters-row-0 gutters-row-v-lg-2 gutters-row-v-md-2 gutters-row-v-2 style-698 style-local-55-c24 position-relative\">\n        <!---->\n        <div class=\"h-row justify-content-lg-center justify-content-md-center justify-content-center align-items-lg-stretch align-items-md-stretch align-items-stretch gutters-col-lg-2 gutters-col-md-2 gutters-col-0 gutters-col-v-lg-2 gutters-col-v-md-2 gutters-col-v-2\">\n          <!---->\n          <div class=\"h-column h-column-container d-flex h-col-lg-auto h-col-md-auto h-col-auto style-699-outer style-local-55-c25-outer\">\n            <div data-colibri-id=\"55-c25\" class=\"d-flex h-flex-basis h-column__inner h-px-lg-2 h-px-md-2 h-px-2 v-inner-lg-2 v-inner-md-2 v-inner-2 style-699 style-local-55-c25 position-relative\">\n              <!---->\n              <!---->\n              <div class=\"w-100 h-y-container h-column__content h-column__v-align flex-basis-100 align-self-lg-start align-self-md-start align-self-start\">\n                <!---->\n                <div data-colibri-id=\"55-c26\" class=\"h-global-transition-all h-heading style-701 style-local-55-c26 position-relative h-element\">\n                  <!---->\n                  <div class=\"h-heading__outer style-701 style-local-55-c26\">\n                    <!---->\n                    <!---->\n                    <h1 class=\"\">Carte int\u00e9ractive de nos usines<\/h1>\n                  <\/div>\n                <\/div>\n              <\/div>\n            <\/div>\n          <\/div>\n        <\/div>\n      <\/div>\n      <div data-colibri-id=\"55-c27\" class=\"h-row-container gutters-row-lg-2 gutters-row-md-2 gutters-row-0 gutters-row-v-lg-2 gutters-row-v-md-2 gutters-row-v-2 style-688 style-local-55-c27 position-relative\">\n        <!---->\n        <div class=\"h-row justify-content-lg-center justify-content-md-center justify-content-center align-items-lg-stretch align-items-md-stretch align-items-stretch gutters-col-lg-2 gutters-col-md-2 gutters-col-0 gutters-col-v-lg-2 gutters-col-v-md-2 gutters-col-v-2\">\n          <!---->\n          <div class=\"h-column h-column-container d-flex h-col-lg-auto h-col-md-auto h-col-auto style-689-outer style-local-55-c28-outer\">\n            <div data-colibri-id=\"55-c28\" class=\"d-flex h-flex-basis h-column__inner h-px-lg-2 h-px-md-2 h-px-2 v-inner-lg-2 v-inner-md-2 v-inner-2 style-689 style-local-55-c28 position-relative\">\n              <!---->\n              <!---->\n              <div class=\"w-100 h-y-container h-column__content h-column__v-align flex-basis-100 align-self-lg-start align-self-md-start align-self-start\">\n                <!---->\n                <div data-colibri-id=\"55-c29\" class=\"style-691 style-local-55-c29 position-relative h-element\">\n                  <!---->\n                  <div class=\"\">\n                    <iframe loading=\"lazy\" src=\"https:\/\/www.google.com\/maps\/d\/embed?mid=1lCgnnLONFvCpE8d-kE4NimHrY0Ylr_I&amp;ehbc=2E312F\" width=\"640\" height=\"480\"><\/iframe>\n                  <\/div>\n                <\/div>\n              <\/div>\n            <\/div>\n          <\/div>\n          <div class=\"h-column h-column-container d-flex h-col-lg-auto h-col-md-auto h-col-auto style-690-outer style-local-55-c30-outer\">\n            <div data-colibri-id=\"55-c30\" class=\"d-flex h-flex-basis h-column__inner h-px-lg-2 h-px-md-2 h-px-2 v-inner-lg-2 v-inner-md-2 v-inner-2 style-690 style-local-55-c30 position-relative\">\n              <!---->\n              <!---->\n              <div class=\"w-100 h-y-container h-column__content h-column__v-align flex-basis-100 align-self-lg-start align-self-md-start align-self-start\">\n                <!---->\n                <div data-colibri-id=\"55-c31\" class=\"d-block style-692 style-local-55-c31 position-relative h-element\">\n                  <!---->\n                  <div class=\"h-image__frame-container-outer\">\n                    <div class=\"h-image__frame-container\">\n                      <!---->\n                      <!---->\n                      <img decoding=\"async\" loading=\"lazy\" width=\"309\" height=\"309\" src=\"https:\/\/agence-france.fr\/wp-content\/uploads\/2024\/02\/cropped-Carte-.png\" class=\"wp-image-3142 style-692-image style-local-55-c31-image\" srcset=\"https:\/\/agence-france.fr\/wp-content\/uploads\/2024\/02\/cropped-Carte-.png 309w, https:\/\/agence-france.fr\/wp-content\/uploads\/2024\/02\/cropped-Carte--300x300.png 300w, https:\/\/agence-france.fr\/wp-content\/uploads\/2024\/02\/cropped-Carte--150x150.png 150w\" sizes=\"(max-width: 309px) 100vw, 309px\" alt=\"\" \/>\n                      <div class=\"h-image__frame h-hide-lg h-hide-md h-hide-sm style-692-frameImage style-local-55-c31-frameImage\"><\/div>\n                    <\/div>\n                  <\/div>\n                <\/div>\n              <\/div>\n            <\/div>\n          <\/div>\n        <\/div>\n      <\/div>\n    <\/div>\n  <\/div>\n<\/div>","protected":false},"excerpt":{"rendered":"<p>F.A.Q: Qu&#8217;est ce que PBC Agence France ? Comment sont s\u00e9lectionn\u00e9s vos produits? Comment se d\u00e9roule un projet? PBC Agence France fonctionne comme une \u00ab Maison de Commerce \u00bb Japonaise en assurant le lien et l\u2019accompagnement tout au long de la chaine de la prescription \u00e0 l\u2019ex\u00e9cution. S\u00e9lectif : Des marques Europ\u00e9ennes par des PME [&hellip;]<\/p>\n","protected":false},"author":1,"featured_media":0,"parent":0,"menu_order":0,"comment_status":"closed","ping_status":"closed","template":"page-templates\/full-width-page.php","meta":{"om_disable_all_campaigns":false,"_uag_custom_page_level_css":"","_monsterinsights_skip_tracking":false,"_monsterinsights_sitenote_active":false,"_monsterinsights_sitenote_note":"","_monsterinsights_sitenote_category":0},"aioseo_notices":[],"uagb_featured_image_src":{"full":false,"thumbnail":false,"medium":false,"medium_large":false,"large":false,"1536x1536":false,"2048x2048":false},"uagb_author_info":{"display_name":"pbc","author_link":"https:\/\/agence-france.fr\/index.php\/author\/p-boissonnade\/"},"uagb_comment_info":0,"uagb_excerpt":"F.A.Q: Qu&#8217;est ce que PBC Agence France ? Comment sont s\u00e9lectionn\u00e9s vos produits? Comment se d\u00e9roule un projet? PBC Agence France fonctionne comme une \u00ab Maison de Commerce \u00bb Japonaise en assurant le lien et l\u2019accompagnement tout au long de la chaine de la prescription \u00e0 l\u2019ex\u00e9cution. S\u00e9lectif : Des marques Europ\u00e9ennes par des PME\u2026","_links":{"self":[{"href":"https:\/\/agence-france.fr\/index.php\/wp-json\/wp\/v2\/pages\/55"}],"collection":[{"href":"https:\/\/agence-france.fr\/index.php\/wp-json\/wp\/v2\/pages"}],"about":[{"href":"https:\/\/agence-france.fr\/index.php\/wp-json\/wp\/v2\/types\/page"}],"author":[{"embeddable":true,"href":"https:\/\/agence-france.fr\/index.php\/wp-json\/wp\/v2\/users\/1"}],"replies":[{"embeddable":true,"href":"https:\/\/agence-france.fr\/index.php\/wp-json\/wp\/v2\/comments?post=55"}],"version-history":[{"count":20,"href":"https:\/\/agence-france.fr\/index.php\/wp-json\/wp\/v2\/pages\/55\/revisions"}],"predecessor-version":[{"id":3236,"href":"https:\/\/agence-france.fr\/index.php\/wp-json\/wp\/v2\/pages\/55\/revisions\/3236"}],"wp:attachment":[{"href":"https:\/\/agence-france.fr\/index.php\/wp-json\/wp\/v2\/media?parent=55"}],"curies":[{"name":"wp","href":"https:\/\/api.w.org\/{rel}","templated":true}]}}