{"id":447,"date":"2023-07-27T09:15:01","date_gmt":"2023-07-27T09:15:01","guid":{"rendered":"https:\/\/agence-france.fr\/?page_id=447"},"modified":"2023-07-27T09:15:33","modified_gmt":"2023-07-27T09:15:33","slug":"nos-produits-bolla","status":"publish","type":"page","link":"https:\/\/agence-france.fr\/index.php\/nos-produits-bolla\/","title":{"rendered":"Nos produits &#8211; Bolla"},"content":{"rendered":"\t\t\t\t\t<div\n\t\t\t\t\t\tclass=\"wp-block-uagb-image-gallery uagb-block-d13486a5     \"\n\t\t\t\t\t\tstyle=\"\"\n\t\t\t\t\t>\n\t\t\t\t\t\t\t\t\t\t\t<div class=\"spectra-image-gallery spectra-image-gallery__layout--grid spectra-image-gallery__layout--grid-col-3 spectra-image-gallery__layout--grid-col-tab-3 spectra-image-gallery__layout--grid-col-mob-2\">\n\t\t\t\t\t\t\t\t\t\t\t<div class='spectra-image-gallery__media-wrapper' data-spectra-gallery-image-id='1833'>\n\t\t\t\t\t\t\t<div class=\"spectra-image-gallery__media spectra-image-gallery__media--grid\">\n\t\t\t\t<picture>\n\t\t\t\t\t<source media=\"(min-width: 1024px)\" srcset=\"https:\/\/agence-france.fr\/wp-content\/uploads\/2023\/07\/vasca-bagno-bolla-q-sfioro-02-1-1024x600.jpg\">\n\t\t\t\t\t<source media=\"(min-width: 768px)\" srcset=\"https:\/\/agence-france.fr\/wp-content\/uploads\/2023\/07\/vasca-bagno-bolla-q-sfioro-02-1-1024x600.jpg\">\n\t\t\t\t\t<img decoding=\"async\" class=\"spectra-image-gallery__media-thumbnail spectra-image-gallery__media-thumbnail--grid\" src=\"https:\/\/agence-france.fr\/wp-content\/uploads\/2023\/07\/vasca-bagno-bolla-q-sfioro-02-1-300x176.jpg\" alt=\"\" loading=\"lazy\" \/>\n\t\t\t\t<\/picture>\n\t\t\t\t<div class=\"spectra-image-gallery__media-thumbnail-blurrer\"><\/div>\n\t\t\t\t\t\t\t\t\t\t\t<div class=\"spectra-image-gallery__media-thumbnail-caption-wrapper spectra-image-gallery__media-thumbnail-caption-wrapper--overlay\">\n\t\t\t\t\t\t\t\t\t\t\t<div class=\"spectra-image-gallery__media-thumbnail-caption spectra-image-gallery__media-thumbnail-caption--overlay\">\n\t\t\t\t\tBolla Q Sfioro\t\t\t\t<\/div>\n\t\t\t\t\t\t\t\t\t\t<\/div>\n\t\t\t\t\t\t\t\t\t<\/div>\n\t\t\t\t\t\t<\/div>\n\t\t\t\t\t\t<div class='spectra-image-gallery__media-wrapper' data-spectra-gallery-image-id='2656'>\n\t\t\t\t\t\t\t<div class=\"spectra-image-gallery__media spectra-image-gallery__media--grid\">\n\t\t\t\t<picture>\n\t\t\t\t\t<source media=\"(min-width: 1024px)\" srcset=\"https:\/\/agence-france.fr\/wp-content\/uploads\/2023\/07\/vasca-bagno-bolla-sfioro-01-1024x600.jpg\">\n\t\t\t\t\t<source media=\"(min-width: 768px)\" srcset=\"https:\/\/agence-france.fr\/wp-content\/uploads\/2023\/07\/vasca-bagno-bolla-sfioro-01-1024x600.jpg\">\n\t\t\t\t\t<img decoding=\"async\" class=\"spectra-image-gallery__media-thumbnail spectra-image-gallery__media-thumbnail--grid\" src=\"https:\/\/agence-france.fr\/wp-content\/uploads\/2023\/07\/vasca-bagno-bolla-sfioro-01-300x176.jpg\" alt=\"\" loading=\"lazy\" \/>\n\t\t\t\t<\/picture>\n\t\t\t\t<div class=\"spectra-image-gallery__media-thumbnail-blurrer\"><\/div>\n\t\t\t\t\t\t\t\t\t\t\t<div class=\"spectra-image-gallery__media-thumbnail-caption-wrapper spectra-image-gallery__media-thumbnail-caption-wrapper--overlay\">\n\t\t\t\t\t\t\t\t\t\t\t<div class=\"spectra-image-gallery__media-thumbnail-caption spectra-image-gallery__media-thumbnail-caption--overlay\">\n\t\t\t\t\tBolla Sfioro \t\t\t\t<\/div>\n\t\t\t\t\t\t\t\t\t\t<\/div>\n\t\t\t\t\t\t\t\t\t<\/div>\n\t\t\t\t\t\t<\/div>\n\t\t\t\t\t\t<div class='spectra-image-gallery__media-wrapper' data-spectra-gallery-image-id='1820'>\n\t\t\t\t\t\t\t<div class=\"spectra-image-gallery__media spectra-image-gallery__media--grid\">\n\t\t\t\t<picture>\n\t\t\t\t\t<source media=\"(min-width: 1024px)\" srcset=\"https:\/\/agence-france.fr\/wp-content\/uploads\/2023\/07\/vasca-bagno-bolla-sfioro-02-1024x600.jpg\">\n\t\t\t\t\t<source media=\"(min-width: 768px)\" srcset=\"https:\/\/agence-france.fr\/wp-content\/uploads\/2023\/07\/vasca-bagno-bolla-sfioro-02-1024x600.jpg\">\n\t\t\t\t\t<img decoding=\"async\" class=\"spectra-image-gallery__media-thumbnail spectra-image-gallery__media-thumbnail--grid\" src=\"https:\/\/agence-france.fr\/wp-content\/uploads\/2023\/07\/vasca-bagno-bolla-sfioro-02-300x176.jpg\" alt=\"\" loading=\"lazy\" \/>\n\t\t\t\t<\/picture>\n\t\t\t\t<div class=\"spectra-image-gallery__media-thumbnail-blurrer\"><\/div>\n\t\t\t\t\t\t\t\t\t\t\t<div class=\"spectra-image-gallery__media-thumbnail-caption-wrapper spectra-image-gallery__media-thumbnail-caption-wrapper--overlay\">\n\t\t\t\t\t\t\t\t\t\t\t<div class=\"spectra-image-gallery__media-thumbnail-caption spectra-image-gallery__media-thumbnail-caption--overlay\">\n\t\t\t\t\tBolla Sfioro\t\t\t\t<\/div>\n\t\t\t\t\t\t\t\t\t\t<\/div>\n\t\t\t\t\t\t\t\t\t<\/div>\n\t\t\t\t\t\t<\/div>\n\t\t\t\t\t\t<div class='spectra-image-gallery__media-wrapper' data-spectra-gallery-image-id='1832'>\n\t\t\t\t\t\t\t<div class=\"spectra-image-gallery__media spectra-image-gallery__media--grid\">\n\t\t\t\t<picture>\n\t\t\t\t\t<source media=\"(min-width: 1024px)\" srcset=\"https:\/\/agence-france.fr\/wp-content\/uploads\/2023\/07\/vasca-bagno-bolla-q-sfioro-00.jpg\">\n\t\t\t\t\t<source media=\"(min-width: 768px)\" srcset=\"https:\/\/agence-france.fr\/wp-content\/uploads\/2023\/07\/vasca-bagno-bolla-q-sfioro-00.jpg\">\n\t\t\t\t\t<img decoding=\"async\" class=\"spectra-image-gallery__media-thumbnail spectra-image-gallery__media-thumbnail--grid\" src=\"https:\/\/agence-france.fr\/wp-content\/uploads\/2023\/07\/vasca-bagno-bolla-q-sfioro-00-300x200.jpg\" alt=\"\" loading=\"lazy\" \/>\n\t\t\t\t<\/picture>\n\t\t\t\t<div class=\"spectra-image-gallery__media-thumbnail-blurrer\"><\/div>\n\t\t\t\t\t\t\t\t\t\t\t<div class=\"spectra-image-gallery__media-thumbnail-caption-wrapper spectra-image-gallery__media-thumbnail-caption-wrapper--overlay\">\n\t\t\t\t\t\t\t\t\t\t\t<div class=\"spectra-image-gallery__media-thumbnail-caption spectra-image-gallery__media-thumbnail-caption--overlay\">\n\t\t\t\t\tBolla Q Sfioro\t\t\t\t<\/div>\n\t\t\t\t\t\t\t\t\t\t<\/div>\n\t\t\t\t\t\t\t\t\t<\/div>\n\t\t\t\t\t\t<\/div>\n\t\t\t\t\t\t<div class='spectra-image-gallery__media-wrapper' data-spectra-gallery-image-id='1837'>\n\t\t\t\t\t\t\t<div class=\"spectra-image-gallery__media spectra-image-gallery__media--grid\">\n\t\t\t\t<picture>\n\t\t\t\t\t<source media=\"(min-width: 1024px)\" srcset=\"https:\/\/agence-france.fr\/wp-content\/uploads\/2023\/07\/vasca-bagno-bolla-r-00.jpg\">\n\t\t\t\t\t<source media=\"(min-width: 768px)\" srcset=\"https:\/\/agence-france.fr\/wp-content\/uploads\/2023\/07\/vasca-bagno-bolla-r-00.jpg\">\n\t\t\t\t\t<img decoding=\"async\" class=\"spectra-image-gallery__media-thumbnail spectra-image-gallery__media-thumbnail--grid\" src=\"https:\/\/agence-france.fr\/wp-content\/uploads\/2023\/07\/vasca-bagno-bolla-r-00-300x200.jpg\" alt=\"\" loading=\"lazy\" \/>\n\t\t\t\t<\/picture>\n\t\t\t\t<div class=\"spectra-image-gallery__media-thumbnail-blurrer\"><\/div>\n\t\t\t\t\t\t\t\t\t\t\t<div class=\"spectra-image-gallery__media-thumbnail-caption-wrapper spectra-image-gallery__media-thumbnail-caption-wrapper--overlay\">\n\t\t\t\t\t\t\t\t\t\t\t<div class=\"spectra-image-gallery__media-thumbnail-caption spectra-image-gallery__media-thumbnail-caption--overlay\">\n\t\t\t\t\tBolla R\t\t\t\t<\/div>\n\t\t\t\t\t\t\t\t\t\t<\/div>\n\t\t\t\t\t\t\t\t\t<\/div>\n\t\t\t\t\t\t<\/div>\n\t\t\t\t\t\t<div class='spectra-image-gallery__media-wrapper' data-spectra-gallery-image-id='1816'>\n\t\t\t\t\t\t\t<div class=\"spectra-image-gallery__media spectra-image-gallery__media--grid\">\n\t\t\t\t<picture>\n\t\t\t\t\t<source media=\"(min-width: 1024px)\" srcset=\"https:\/\/agence-france.fr\/wp-content\/uploads\/2023\/07\/vasca-bagno-bolla-01-1-1024x600.jpg\">\n\t\t\t\t\t<source media=\"(min-width: 768px)\" srcset=\"https:\/\/agence-france.fr\/wp-content\/uploads\/2023\/07\/vasca-bagno-bolla-01-1-1024x600.jpg\">\n\t\t\t\t\t<img decoding=\"async\" class=\"spectra-image-gallery__media-thumbnail spectra-image-gallery__media-thumbnail--grid\" src=\"https:\/\/agence-france.fr\/wp-content\/uploads\/2023\/07\/vasca-bagno-bolla-01-1-300x176.jpg\" alt=\"\" loading=\"lazy\" \/>\n\t\t\t\t<\/picture>\n\t\t\t\t<div class=\"spectra-image-gallery__media-thumbnail-blurrer\"><\/div>\n\t\t\t\t\t\t\t\t\t\t\t<div class=\"spectra-image-gallery__media-thumbnail-caption-wrapper spectra-image-gallery__media-thumbnail-caption-wrapper--overlay\">\n\t\t\t\t\t\t\t\t\t\t\t<div class=\"spectra-image-gallery__media-thumbnail-caption spectra-image-gallery__media-thumbnail-caption--overlay\">\n\t\t\t\t\tBolla \t\t\t\t<\/div>\n\t\t\t\t\t\t\t\t\t\t<\/div>\n\t\t\t\t\t\t\t\t\t<\/div>\n\t\t\t\t\t\t<\/div>\n\t\t\t\t\t\t\t\t\t\t<\/div>\n\t\t\t\t\t\t\t\t\t\t\t\t\t\t\t\t\t\t<\/div>\n\t\t\t\t\t\t\t\t\t\n\n\n<p><em>*Sfioro: \u00e0 d\u00e9bordement<\/em><\/p>\n\n\n\n<p>Bolla est le r\u00e9sultat cr\u00e9atif d\u2019un design d\u2019avant-garde, d\u00e9velopp\u00e9 en conjuguant technique, ergonomie et esth\u00e9tique. La forme permet un volume exceptionnel d\u2019eau.<br>Le concept se d\u00e9veloppe dans une ligne compl\u00e8te avec les versions \u00e0 d\u00e9bordement avec diam\u00e8tre de 190 cm freestanding ou avec quatre modalit\u00e9s d\u2019encastrement.<\/p>\n\n\n\n<div class=\"wp-block-uagb-container uagb-block-ff431458 alignfull uagb-is-root-container\"><div class=\"uagb-container-inner-blocks-wrap\">\n<div class=\"wp-block-uagb-container uagb-block-e78b7afa\">\n<figure class=\"wp-block-image size-full\"><a href=\"https:\/\/agence-france.fr\/wp-content\/uploads\/2023\/07\/vasca-bagno-bolla-sfioro-b.jpg\" target=\"_blank\" rel=\"noreferrer noopener\"><img decoding=\"async\" loading=\"lazy\" width=\"800\" height=\"1000\" src=\"https:\/\/agence-france.fr\/wp-content\/uploads\/2023\/07\/vasca-bagno-bolla-sfioro-b.jpg\" alt=\"\" class=\"wp-image-1821\" srcset=\"https:\/\/agence-france.fr\/wp-content\/uploads\/2023\/07\/vasca-bagno-bolla-sfioro-b.jpg 800w, https:\/\/agence-france.fr\/wp-content\/uploads\/2023\/07\/vasca-bagno-bolla-sfioro-b-240x300.jpg 240w, https:\/\/agence-france.fr\/wp-content\/uploads\/2023\/07\/vasca-bagno-bolla-sfioro-b-768x960.jpg 768w\" sizes=\"(max-width: 800px) 100vw, 800px\" \/><\/a><\/figure>\n<\/div>\n\n\n\n<div class=\"wp-block-uagb-container uagb-block-cd2f6ab5\">\n<p>Le syst\u00e8me d\u2019assainissement permet de l\u2019utiliser longtemps, toujours pr\u00eate, toujours propre, toujours \u00e0 la juste temp\u00e9rature gr\u00e2ce \u00e0 un syst\u00e8me automatique de recirculation de l\u2019eau avec contr\u00f4le de la temp\u00e9rature et d\u00e9sinfection.<\/p>\n<\/div>\n<\/div><\/div>\n\n\n\n<div class=\"wp-block-uagb-container uagb-block-82fa2217 alignfull uagb-is-root-container\"><div class=\"uagb-container-inner-blocks-wrap\">\n<div class=\"wp-block-uagb-container uagb-block-0449e7d4\">\n<figure class=\"wp-block-image size-full\"><a href=\"https:\/\/agence-france.fr\/wp-content\/uploads\/2023\/07\/vasca-bagno-bolla-sfioro-plus-03.jpg\" target=\"_blank\" rel=\"noreferrer noopener\"><img decoding=\"async\" loading=\"lazy\" width=\"800\" height=\"1000\" src=\"https:\/\/agence-france.fr\/wp-content\/uploads\/2023\/07\/vasca-bagno-bolla-sfioro-plus-03.jpg\" alt=\"\" class=\"wp-image-1825\" srcset=\"https:\/\/agence-france.fr\/wp-content\/uploads\/2023\/07\/vasca-bagno-bolla-sfioro-plus-03.jpg 800w, https:\/\/agence-france.fr\/wp-content\/uploads\/2023\/07\/vasca-bagno-bolla-sfioro-plus-03-240x300.jpg 240w, https:\/\/agence-france.fr\/wp-content\/uploads\/2023\/07\/vasca-bagno-bolla-sfioro-plus-03-768x960.jpg 768w\" sizes=\"(max-width: 800px) 100vw, 800px\" \/><\/a><\/figure>\n<\/div>\n\n\n\n<div class=\"wp-block-uagb-container uagb-block-59a56189\">\n<p>Version Airpool, Whirlpool et Airpool\/Whirlpool sans syst\u00e8me de recirculation de l&#8217;eau (\u00e0 gauche)<\/p>\n\n\n\n<p>Version Airpool avec r\u00e9servoir integr\u00e9 pour la recirculation de l&#8217;eau (\u00e0 droite)<\/p>\n<\/div>\n\n\n\n<div class=\"wp-block-uagb-container uagb-block-71d7ad98\">\n<figure class=\"wp-block-image size-full\"><a href=\"https:\/\/agence-france.fr\/wp-content\/uploads\/2023\/07\/vasca-bagno-bolla-sfioro-plus-02.jpg\" target=\"_blank\" rel=\"noreferrer noopener\"><img decoding=\"async\" loading=\"lazy\" width=\"800\" height=\"1000\" src=\"https:\/\/agence-france.fr\/wp-content\/uploads\/2023\/07\/vasca-bagno-bolla-sfioro-plus-02.jpg\" alt=\"\" class=\"wp-image-1824\" srcset=\"https:\/\/agence-france.fr\/wp-content\/uploads\/2023\/07\/vasca-bagno-bolla-sfioro-plus-02.jpg 800w, https:\/\/agence-france.fr\/wp-content\/uploads\/2023\/07\/vasca-bagno-bolla-sfioro-plus-02-240x300.jpg 240w, https:\/\/agence-france.fr\/wp-content\/uploads\/2023\/07\/vasca-bagno-bolla-sfioro-plus-02-768x960.jpg 768w\" sizes=\"(max-width: 800px) 100vw, 800px\" \/><\/a><\/figure>\n<\/div>\n<\/div><\/div>\n\n\n\n<h2 class=\"wp-block-heading\">Finitions:<\/h2>\n\n\n\n<div class=\"wp-block-uagb-container uagb-block-e0a8e597 alignfull uagb-is-root-container\"><div class=\"uagb-container-inner-blocks-wrap\">\n<div class=\"wp-block-uagb-container uagb-block-b837aba8\">\n<figure class=\"wp-block-image size-full\"><a href=\"https:\/\/agence-france.fr\/wp-content\/uploads\/2023\/07\/vasca-bagno-bolla-q-sfioro-a.jpg\" target=\"_blank\" rel=\"noreferrer noopener\"><img decoding=\"async\" loading=\"lazy\" width=\"800\" height=\"1000\" src=\"https:\/\/agence-france.fr\/wp-content\/uploads\/2023\/07\/vasca-bagno-bolla-q-sfioro-a.jpg\" alt=\"\" class=\"wp-image-1834\" srcset=\"https:\/\/agence-france.fr\/wp-content\/uploads\/2023\/07\/vasca-bagno-bolla-q-sfioro-a.jpg 800w, https:\/\/agence-france.fr\/wp-content\/uploads\/2023\/07\/vasca-bagno-bolla-q-sfioro-a-240x300.jpg 240w, https:\/\/agence-france.fr\/wp-content\/uploads\/2023\/07\/vasca-bagno-bolla-q-sfioro-a-768x960.jpg 768w\" sizes=\"(max-width: 800px) 100vw, 800px\" \/><\/a><\/figure>\n<\/div>\n\n\n\n<div class=\"wp-block-uagb-container uagb-block-36a66ce6\">\n<figure class=\"wp-block-image size-full\"><a href=\"https:\/\/agence-france.fr\/wp-content\/uploads\/2023\/07\/vasca-bagno-bolla-plus-01.jpg\" target=\"_blank\" rel=\"noreferrer noopener\"><img decoding=\"async\" loading=\"lazy\" width=\"800\" height=\"1000\" src=\"https:\/\/agence-france.fr\/wp-content\/uploads\/2023\/07\/vasca-bagno-bolla-plus-01.jpg\" alt=\"\" class=\"wp-image-1813\" srcset=\"https:\/\/agence-france.fr\/wp-content\/uploads\/2023\/07\/vasca-bagno-bolla-plus-01.jpg 800w, https:\/\/agence-france.fr\/wp-content\/uploads\/2023\/07\/vasca-bagno-bolla-plus-01-240x300.jpg 240w, https:\/\/agence-france.fr\/wp-content\/uploads\/2023\/07\/vasca-bagno-bolla-plus-01-768x960.jpg 768w\" sizes=\"(max-width: 800px) 100vw, 800px\" \/><\/a><\/figure>\n<\/div>\n\n\n\n<div class=\"wp-block-uagb-container uagb-block-c6c4c2a4\">\n<figure class=\"wp-block-image size-full\"><a href=\"https:\/\/agence-france.fr\/wp-content\/uploads\/2023\/07\/vasca-bagno-bolla-sfioro-plus-01.jpg\" target=\"_blank\" rel=\"noreferrer noopener\"><img decoding=\"async\" loading=\"lazy\" width=\"800\" height=\"1000\" src=\"https:\/\/agence-france.fr\/wp-content\/uploads\/2023\/07\/vasca-bagno-bolla-sfioro-plus-01.jpg\" alt=\"\" class=\"wp-image-1823\" srcset=\"https:\/\/agence-france.fr\/wp-content\/uploads\/2023\/07\/vasca-bagno-bolla-sfioro-plus-01.jpg 800w, https:\/\/agence-france.fr\/wp-content\/uploads\/2023\/07\/vasca-bagno-bolla-sfioro-plus-01-240x300.jpg 240w, https:\/\/agence-france.fr\/wp-content\/uploads\/2023\/07\/vasca-bagno-bolla-sfioro-plus-01-768x960.jpg 768w\" sizes=\"(max-width: 800px) 100vw, 800px\" \/><\/a><\/figure>\n<\/div>\n\n\n\n<div class=\"wp-block-uagb-container uagb-block-83f18eaa\">\n<figure class=\"wp-block-image size-full\"><a href=\"https:\/\/agence-france.fr\/wp-content\/uploads\/2023\/07\/vasca-bagno-bolla-plus-03.jpg\" target=\"_blank\" rel=\"noreferrer noopener\"><img decoding=\"async\" loading=\"lazy\" width=\"800\" height=\"1000\" src=\"https:\/\/agence-france.fr\/wp-content\/uploads\/2023\/07\/vasca-bagno-bolla-plus-03.jpg\" alt=\"\" class=\"wp-image-1814\" srcset=\"https:\/\/agence-france.fr\/wp-content\/uploads\/2023\/07\/vasca-bagno-bolla-plus-03.jpg 800w, https:\/\/agence-france.fr\/wp-content\/uploads\/2023\/07\/vasca-bagno-bolla-plus-03-240x300.jpg 240w, https:\/\/agence-france.fr\/wp-content\/uploads\/2023\/07\/vasca-bagno-bolla-plus-03-768x960.jpg 768w\" sizes=\"(max-width: 800px) 100vw, 800px\" \/><\/a><\/figure>\n<\/div>\n<\/div><\/div>\n\n\n\n<h2 class=\"wp-block-heading\">Navigation<\/h2>\n\n\n\n<div class=\"wp-block-uagb-container uagb-block-4a95ddb1 alignfull uagb-is-root-container\"><div class=\"uagb-container-inner-blocks-wrap\">\n<div class=\"wp-block-uagb-container uagb-block-3f1e6fdd\">\n<figure class=\"wp-block-image size-large\"><a href=\"https:\/\/agence-france.fr\/index.php\/nos-marques-gruppo-geromin\/\"><img decoding=\"async\" loading=\"lazy\" width=\"724\" height=\"1024\" src=\"https:\/\/agence-france.fr\/wp-content\/uploads\/2023\/07\/Galerie-Hafro-5-724x1024.png\" alt=\"\" class=\"wp-image-2756\" srcset=\"https:\/\/agence-france.fr\/wp-content\/uploads\/2023\/07\/Galerie-Hafro-5-724x1024.png 724w, https:\/\/agence-france.fr\/wp-content\/uploads\/2023\/07\/Galerie-Hafro-5-212x300.png 212w, https:\/\/agence-france.fr\/wp-content\/uploads\/2023\/07\/Galerie-Hafro-5-768x1086.png 768w, https:\/\/agence-france.fr\/wp-content\/uploads\/2023\/07\/Galerie-Hafro-5-1086x1536.png 1086w, https:\/\/agence-france.fr\/wp-content\/uploads\/2023\/07\/Galerie-Hafro-5.png 1414w\" sizes=\"(max-width: 724px) 100vw, 724px\" \/><\/a><\/figure>\n<\/div>\n\n\n\n<div class=\"wp-block-uagb-container uagb-block-f31b9b87\"><\/div>\n\n\n\n<div class=\"wp-block-uagb-container uagb-block-3ba0dead\">\n<figure class=\"wp-block-image size-large\"><img decoding=\"async\" loading=\"lazy\" width=\"724\" height=\"1024\" src=\"https:\/\/agence-france.fr\/wp-content\/uploads\/2023\/07\/clic-baignoires-encastrees-724x1024.png\" alt=\"\" class=\"wp-image-2759\" srcset=\"https:\/\/agence-france.fr\/wp-content\/uploads\/2023\/07\/clic-baignoires-encastrees-724x1024.png 724w, https:\/\/agence-france.fr\/wp-content\/uploads\/2023\/07\/clic-baignoires-encastrees-212x300.png 212w, https:\/\/agence-france.fr\/wp-content\/uploads\/2023\/07\/clic-baignoires-encastrees-768x1086.png 768w, https:\/\/agence-france.fr\/wp-content\/uploads\/2023\/07\/clic-baignoires-encastrees.png 884w\" sizes=\"(max-width: 724px) 100vw, 724px\" \/><\/figure>\n<\/div>\n\n\n\n<div class=\"wp-block-uagb-container uagb-block-1d514c46\">\n<figure class=\"wp-block-image size-large\"><img decoding=\"async\" loading=\"lazy\" width=\"724\" height=\"1024\" src=\"https:\/\/agence-france.fr\/wp-content\/uploads\/2023\/07\/clic-baignoires-ilots-724x1024.png\" alt=\"\" class=\"wp-image-2758\" srcset=\"https:\/\/agence-france.fr\/wp-content\/uploads\/2023\/07\/clic-baignoires-ilots-724x1024.png 724w, https:\/\/agence-france.fr\/wp-content\/uploads\/2023\/07\/clic-baignoires-ilots-212x300.png 212w, https:\/\/agence-france.fr\/wp-content\/uploads\/2023\/07\/clic-baignoires-ilots-768x1086.png 768w, https:\/\/agence-france.fr\/wp-content\/uploads\/2023\/07\/clic-baignoires-ilots.png 884w\" sizes=\"(max-width: 724px) 100vw, 724px\" \/><\/figure>\n<\/div>\n\n\n\n<div class=\"wp-block-uagb-container uagb-block-2323d164\">\n<figure class=\"wp-block-image size-large\"><a href=\"https:\/\/agence-france.fr\/index.php\/nos-produits\/\"><img decoding=\"async\" loading=\"lazy\" width=\"724\" height=\"1024\" src=\"https:\/\/agence-france.fr\/wp-content\/uploads\/2023\/07\/clic-retour-nos-produits-14-724x1024.png\" alt=\"\" class=\"wp-image-2757\" srcset=\"https:\/\/agence-france.fr\/wp-content\/uploads\/2023\/07\/clic-retour-nos-produits-14-724x1024.png 724w, https:\/\/agence-france.fr\/wp-content\/uploads\/2023\/07\/clic-retour-nos-produits-14-212x300.png 212w, https:\/\/agence-france.fr\/wp-content\/uploads\/2023\/07\/clic-retour-nos-produits-14-768x1086.png 768w, https:\/\/agence-france.fr\/wp-content\/uploads\/2023\/07\/clic-retour-nos-produits-14-1086x1536.png 1086w, https:\/\/agence-france.fr\/wp-content\/uploads\/2023\/07\/clic-retour-nos-produits-14.png 1414w\" sizes=\"(max-width: 724px) 100vw, 724px\" \/><\/a><\/figure>\n<\/div>\n<\/div><\/div>\n","protected":false},"excerpt":{"rendered":"<p>*Sfioro: \u00e0 d\u00e9bordement Bolla est le r\u00e9sultat cr\u00e9atif d\u2019un design d\u2019avant-garde, d\u00e9velopp\u00e9 en conjuguant technique, ergonomie et esth\u00e9tique. La forme permet un volume exceptionnel d\u2019eau.Le concept se d\u00e9veloppe dans une ligne compl\u00e8te avec les versions \u00e0 d\u00e9bordement avec diam\u00e8tre de 190 cm freestanding ou avec quatre modalit\u00e9s d\u2019encastrement. Le syst\u00e8me d\u2019assainissement permet de l\u2019utiliser longtemps, [&hellip;]<\/p>\n","protected":false},"author":1,"featured_media":0,"parent":0,"menu_order":0,"comment_status":"closed","ping_status":"closed","template":"","meta":{"om_disable_all_campaigns":false,"_uag_custom_page_level_css":"","_monsterinsights_skip_tracking":false,"_monsterinsights_sitenote_active":false,"_monsterinsights_sitenote_note":"","_monsterinsights_sitenote_category":0},"aioseo_notices":[],"uagb_featured_image_src":{"full":false,"thumbnail":false,"medium":false,"medium_large":false,"large":false,"1536x1536":false,"2048x2048":false},"uagb_author_info":{"display_name":"pbc","author_link":"https:\/\/agence-france.fr\/index.php\/author\/p-boissonnade\/"},"uagb_comment_info":0,"uagb_excerpt":"*Sfioro: \u00e0 d\u00e9bordement Bolla est le r\u00e9sultat cr\u00e9atif d\u2019un design d\u2019avant-garde, d\u00e9velopp\u00e9 en conjuguant technique, ergonomie et esth\u00e9tique. La forme permet un volume exceptionnel d\u2019eau.Le concept se d\u00e9veloppe dans une ligne compl\u00e8te avec les versions \u00e0 d\u00e9bordement avec diam\u00e8tre de 190 cm freestanding ou avec quatre modalit\u00e9s d\u2019encastrement. Le syst\u00e8me d\u2019assainissement permet de l\u2019utiliser longtemps,\u2026","_links":{"self":[{"href":"https:\/\/agence-france.fr\/index.php\/wp-json\/wp\/v2\/pages\/447"}],"collection":[{"href":"https:\/\/agence-france.fr\/index.php\/wp-json\/wp\/v2\/pages"}],"about":[{"href":"https:\/\/agence-france.fr\/index.php\/wp-json\/wp\/v2\/types\/page"}],"author":[{"embeddable":true,"href":"https:\/\/agence-france.fr\/index.php\/wp-json\/wp\/v2\/users\/1"}],"replies":[{"embeddable":true,"href":"https:\/\/agence-france.fr\/index.php\/wp-json\/wp\/v2\/comments?post=447"}],"version-history":[{"count":2,"href":"https:\/\/agence-france.fr\/index.php\/wp-json\/wp\/v2\/pages\/447\/revisions"}],"predecessor-version":[{"id":2760,"href":"https:\/\/agence-france.fr\/index.php\/wp-json\/wp\/v2\/pages\/447\/revisions\/2760"}],"wp:attachment":[{"href":"https:\/\/agence-france.fr\/index.php\/wp-json\/wp\/v2\/media?parent=447"}],"curies":[{"name":"wp","href":"https:\/\/api.w.org\/{rel}","templated":true}]}}