{"id":2765,"date":"2023-07-27T09:43:37","date_gmt":"2023-07-27T09:43:37","guid":{"rendered":"https:\/\/agence-france.fr\/?page_id=2765"},"modified":"2023-07-27T09:43:37","modified_gmt":"2023-07-27T09:43:37","slug":"nos-produits-teknotek","status":"publish","type":"page","link":"https:\/\/agence-france.fr\/index.php\/nos-produits-teknotek\/","title":{"rendered":"Nos produits &#8211; Teknotek"},"content":{"rendered":"\n<div class=\"wp-block-uagb-container uagb-block-260eadca alignfull uagb-is-root-container\"><div class=\"uagb-container-inner-blocks-wrap\">\n<div class=\"wp-block-uagb-container uagb-block-b6f8014c\">\n<figure class=\"wp-block-image size-large\"><img decoding=\"async\" loading=\"lazy\" width=\"1024\" height=\"600\" src=\"https:\/\/agence-france.fr\/wp-content\/uploads\/2023\/07\/tecnotek-vasche-da-bagno-04-1024x600.jpg\" alt=\"\" class=\"wp-image-2766\" srcset=\"https:\/\/agence-france.fr\/wp-content\/uploads\/2023\/07\/tecnotek-vasche-da-bagno-04-1024x600.jpg 1024w, https:\/\/agence-france.fr\/wp-content\/uploads\/2023\/07\/tecnotek-vasche-da-bagno-04-300x176.jpg 300w, https:\/\/agence-france.fr\/wp-content\/uploads\/2023\/07\/tecnotek-vasche-da-bagno-04-768x450.jpg 768w, https:\/\/agence-france.fr\/wp-content\/uploads\/2023\/07\/tecnotek-vasche-da-bagno-04-1536x900.jpg 1536w, https:\/\/agence-france.fr\/wp-content\/uploads\/2023\/07\/tecnotek-vasche-da-bagno-04-2048x1200.jpg 2048w\" sizes=\"(max-width: 1024px) 100vw, 1024px\" \/><\/figure>\n<\/div>\n\n\n\n<div class=\"wp-block-uagb-container uagb-block-8a7fd306\">\n<figure class=\"wp-block-image size-large\"><img decoding=\"async\" loading=\"lazy\" width=\"1024\" height=\"600\" src=\"https:\/\/agence-france.fr\/wp-content\/uploads\/2023\/07\/tecnotek-vasche-da-bagno-00-1024x600.jpg\" alt=\"\" class=\"wp-image-2767\" srcset=\"https:\/\/agence-france.fr\/wp-content\/uploads\/2023\/07\/tecnotek-vasche-da-bagno-00-1024x600.jpg 1024w, https:\/\/agence-france.fr\/wp-content\/uploads\/2023\/07\/tecnotek-vasche-da-bagno-00-300x176.jpg 300w, https:\/\/agence-france.fr\/wp-content\/uploads\/2023\/07\/tecnotek-vasche-da-bagno-00-768x450.jpg 768w, https:\/\/agence-france.fr\/wp-content\/uploads\/2023\/07\/tecnotek-vasche-da-bagno-00-1536x900.jpg 1536w, https:\/\/agence-france.fr\/wp-content\/uploads\/2023\/07\/tecnotek-vasche-da-bagno-00-2048x1200.jpg 2048w\" sizes=\"(max-width: 1024px) 100vw, 1024px\" \/><\/figure>\n<\/div>\n\n\n\n<div class=\"wp-block-uagb-container uagb-block-a7c03254\">\n<figure class=\"wp-block-image size-large\"><img decoding=\"async\" loading=\"lazy\" width=\"1024\" height=\"600\" src=\"https:\/\/agence-france.fr\/wp-content\/uploads\/2023\/07\/tecnotek-vasche-da-bagno-03-1024x600.jpg\" alt=\"\" class=\"wp-image-2768\" srcset=\"https:\/\/agence-france.fr\/wp-content\/uploads\/2023\/07\/tecnotek-vasche-da-bagno-03-1024x600.jpg 1024w, https:\/\/agence-france.fr\/wp-content\/uploads\/2023\/07\/tecnotek-vasche-da-bagno-03-300x176.jpg 300w, https:\/\/agence-france.fr\/wp-content\/uploads\/2023\/07\/tecnotek-vasche-da-bagno-03-768x450.jpg 768w, https:\/\/agence-france.fr\/wp-content\/uploads\/2023\/07\/tecnotek-vasche-da-bagno-03-1536x900.jpg 1536w, https:\/\/agence-france.fr\/wp-content\/uploads\/2023\/07\/tecnotek-vasche-da-bagno-03-2048x1200.jpg 2048w\" sizes=\"(max-width: 1024px) 100vw, 1024px\" \/><\/figure>\n<\/div>\n\n\n\n<div class=\"wp-block-uagb-container uagb-block-06de976a\">\n<figure class=\"wp-block-image size-large\"><img decoding=\"async\" loading=\"lazy\" width=\"1024\" height=\"600\" src=\"https:\/\/agence-france.fr\/wp-content\/uploads\/2023\/07\/tecnotek-vasche-da-bagno-01-1024x600.jpg\" alt=\"\" class=\"wp-image-2769\" srcset=\"https:\/\/agence-france.fr\/wp-content\/uploads\/2023\/07\/tecnotek-vasche-da-bagno-01-1024x600.jpg 1024w, https:\/\/agence-france.fr\/wp-content\/uploads\/2023\/07\/tecnotek-vasche-da-bagno-01-300x176.jpg 300w, https:\/\/agence-france.fr\/wp-content\/uploads\/2023\/07\/tecnotek-vasche-da-bagno-01-768x450.jpg 768w, https:\/\/agence-france.fr\/wp-content\/uploads\/2023\/07\/tecnotek-vasche-da-bagno-01-1536x900.jpg 1536w, https:\/\/agence-france.fr\/wp-content\/uploads\/2023\/07\/tecnotek-vasche-da-bagno-01-2048x1200.jpg 2048w\" sizes=\"(max-width: 1024px) 100vw, 1024px\" \/><\/figure>\n<\/div>\n<\/div><\/div>\n\n\n\n<p>Un mat\u00e9riau innovant et r\u00e9sistant pour les projets de bien-\u00eatre : \u00e0 faible r\u00e9flexion lumineuse, les surfaces sont opaques, anti-traces de doigts et douces au toucher.<\/p>\n\n\n\n<h2 class=\"wp-block-heading\">S\u00e9lection de produits:<\/h2>\n\n\n\n<div class=\"wp-block-uagb-container uagb-block-029f82f7 alignfull uagb-is-root-container\"><div class=\"uagb-container-inner-blocks-wrap\">\n<div class=\"wp-block-uagb-container uagb-block-b4193ba0\"><\/div>\n\n\n\n<div class=\"wp-block-uagb-container uagb-block-7fb109d1\"><\/div>\n\n\n\n<div class=\"wp-block-uagb-container uagb-block-46463496\"><\/div>\n\n\n\n<div class=\"wp-block-uagb-container uagb-block-f36b5e59\"><\/div>\n\n\n\n<div class=\"wp-block-uagb-container uagb-block-c7ebd8f4\"><\/div>\n<\/div><\/div>\n","protected":false},"excerpt":{"rendered":"<p>Un mat\u00e9riau innovant et r\u00e9sistant pour les projets de bien-\u00eatre : \u00e0 faible r\u00e9flexion lumineuse, les surfaces sont opaques, anti-traces de doigts et douces au toucher. S\u00e9lection de produits:<\/p>\n","protected":false},"author":1,"featured_media":0,"parent":0,"menu_order":0,"comment_status":"closed","ping_status":"closed","template":"","meta":{"om_disable_all_campaigns":false,"_uag_custom_page_level_css":"","_monsterinsights_skip_tracking":false,"_monsterinsights_sitenote_active":false,"_monsterinsights_sitenote_note":"","_monsterinsights_sitenote_category":0},"aioseo_notices":[],"uagb_featured_image_src":{"full":false,"thumbnail":false,"medium":false,"medium_large":false,"large":false,"1536x1536":false,"2048x2048":false},"uagb_author_info":{"display_name":"pbc","author_link":"https:\/\/agence-france.fr\/index.php\/author\/p-boissonnade\/"},"uagb_comment_info":0,"uagb_excerpt":"Un mat\u00e9riau innovant et r\u00e9sistant pour les projets de bien-\u00eatre : \u00e0 faible r\u00e9flexion lumineuse, les surfaces sont opaques, anti-traces de doigts et douces au toucher. S\u00e9lection de produits:","_links":{"self":[{"href":"https:\/\/agence-france.fr\/index.php\/wp-json\/wp\/v2\/pages\/2765"}],"collection":[{"href":"https:\/\/agence-france.fr\/index.php\/wp-json\/wp\/v2\/pages"}],"about":[{"href":"https:\/\/agence-france.fr\/index.php\/wp-json\/wp\/v2\/types\/page"}],"author":[{"embeddable":true,"href":"https:\/\/agence-france.fr\/index.php\/wp-json\/wp\/v2\/users\/1"}],"replies":[{"embeddable":true,"href":"https:\/\/agence-france.fr\/index.php\/wp-json\/wp\/v2\/comments?post=2765"}],"version-history":[{"count":2,"href":"https:\/\/agence-france.fr\/index.php\/wp-json\/wp\/v2\/pages\/2765\/revisions"}],"predecessor-version":[{"id":2815,"href":"https:\/\/agence-france.fr\/index.php\/wp-json\/wp\/v2\/pages\/2765\/revisions\/2815"}],"wp:attachment":[{"href":"https:\/\/agence-france.fr\/index.php\/wp-json\/wp\/v2\/media?parent=2765"}],"curies":[{"name":"wp","href":"https:\/\/api.w.org\/{rel}","templated":true}]}}