{"id":2729,"date":"2023-07-26T14:39:39","date_gmt":"2023-07-26T14:39:39","guid":{"rendered":"https:\/\/agence-france.fr\/?page_id=2729"},"modified":"2023-07-26T14:39:39","modified_gmt":"2023-07-26T14:39:39","slug":"nos-produits-lavabo-orbis-mini","status":"publish","type":"page","link":"https:\/\/agence-france.fr\/index.php\/nos-produits-lavabo-orbis-mini\/","title":{"rendered":"Nos produits &#8211; Lavabo Orbis Mini"},"content":{"rendered":"\n<div class=\"wp-block-uagb-container uagb-block-e255c31b alignfull uagb-is-root-container\"><div class=\"uagb-container-inner-blocks-wrap\">\n<div class=\"wp-block-uagb-container uagb-block-83e7e74a\">\n<div class=\"wp-block-uagb-container uagb-block-b52a3950\">\n<figure class=\"wp-block-image size-large\"><a href=\"https:\/\/agence-france.fr\/wp-content\/uploads\/2023\/07\/schmidlin-orbis-mini-scaled.jpg\" target=\"_blank\" rel=\"noreferrer noopener\"><img decoding=\"async\" loading=\"lazy\" width=\"1024\" height=\"683\" src=\"https:\/\/agence-france.fr\/wp-content\/uploads\/2023\/07\/schmidlin-orbis-mini-1024x683.jpg\" alt=\"\" class=\"wp-image-2731\" srcset=\"https:\/\/agence-france.fr\/wp-content\/uploads\/2023\/07\/schmidlin-orbis-mini-1024x683.jpg 1024w, https:\/\/agence-france.fr\/wp-content\/uploads\/2023\/07\/schmidlin-orbis-mini-300x200.jpg 300w, https:\/\/agence-france.fr\/wp-content\/uploads\/2023\/07\/schmidlin-orbis-mini-768x512.jpg 768w, https:\/\/agence-france.fr\/wp-content\/uploads\/2023\/07\/schmidlin-orbis-mini-1536x1024.jpg 1536w, https:\/\/agence-france.fr\/wp-content\/uploads\/2023\/07\/schmidlin-orbis-mini-2048x1365.jpg 2048w\" sizes=\"(max-width: 1024px) 100vw, 1024px\" \/><\/a><\/figure>\n<\/div>\n\n\n\n<div class=\"wp-block-uagb-container uagb-block-aed3620b\">\n<figure class=\"wp-block-image size-large\"><a href=\"https:\/\/agence-france.fr\/wp-content\/uploads\/2023\/07\/Orbis-Mini-Schmidlin-scaled.jpg\" target=\"_blank\" rel=\"noreferrer noopener\"><img decoding=\"async\" loading=\"lazy\" width=\"1024\" height=\"1024\" src=\"https:\/\/agence-france.fr\/wp-content\/uploads\/2023\/07\/Orbis-Mini-Schmidlin-1024x1024.jpg\" alt=\"\" class=\"wp-image-2732\" srcset=\"https:\/\/agence-france.fr\/wp-content\/uploads\/2023\/07\/Orbis-Mini-Schmidlin-1024x1024.jpg 1024w, https:\/\/agence-france.fr\/wp-content\/uploads\/2023\/07\/Orbis-Mini-Schmidlin-300x300.jpg 300w, https:\/\/agence-france.fr\/wp-content\/uploads\/2023\/07\/Orbis-Mini-Schmidlin-150x150.jpg 150w, https:\/\/agence-france.fr\/wp-content\/uploads\/2023\/07\/Orbis-Mini-Schmidlin-768x767.jpg 768w, https:\/\/agence-france.fr\/wp-content\/uploads\/2023\/07\/Orbis-Mini-Schmidlin-1536x1534.jpg 1536w, https:\/\/agence-france.fr\/wp-content\/uploads\/2023\/07\/Orbis-Mini-Schmidlin-2048x2046.jpg 2048w\" sizes=\"(max-width: 1024px) 100vw, 1024px\" \/><\/a><\/figure>\n<\/div>\n<\/div>\n\n\n\n<div class=\"wp-block-uagb-container uagb-block-75510785\">\n<p>Schmidlin ORBIS MINI exploite au mieux les espaces r\u00e9duits. La version compacte du mod\u00e8le classique Schmidlin ORBIS est un lavabo id\u00e9al pour votre toilette d\u2019invit\u00e9s.<\/p>\n\n\n\n<p>Ce lavabo est disponible en version \u00e0 encastrer, \u00e0 poser ou pour montage mural. De nombreuses variantes de surfaces de desserte, de robinets et de porte-serviettes vous assurent de trouver une solution id\u00e9ale pour tous les endroits.<\/p>\n<\/div>\n<\/div><\/div>\n\n\n\n<div class=\"wp-block-uagb-container uagb-block-884a49eb alignfull uagb-is-root-container\"><div class=\"uagb-container-inner-blocks-wrap\">\n<div class=\"wp-block-uagb-container uagb-block-09c9ac7b\">\n<figure class=\"wp-block-image size-large\"><a href=\"https:\/\/agence-france.fr\/wp-content\/uploads\/2023\/07\/Schmidlin-Orbis-mini-4-scaled.jpg\" target=\"_blank\" rel=\"noreferrer noopener\"><img decoding=\"async\" loading=\"lazy\" width=\"767\" height=\"1024\" src=\"https:\/\/agence-france.fr\/wp-content\/uploads\/2023\/07\/Schmidlin-Orbis-mini-4-767x1024.jpg\" alt=\"\" class=\"wp-image-2733\" srcset=\"https:\/\/agence-france.fr\/wp-content\/uploads\/2023\/07\/Schmidlin-Orbis-mini-4-767x1024.jpg 767w, https:\/\/agence-france.fr\/wp-content\/uploads\/2023\/07\/Schmidlin-Orbis-mini-4-225x300.jpg 225w, https:\/\/agence-france.fr\/wp-content\/uploads\/2023\/07\/Schmidlin-Orbis-mini-4-768x1026.jpg 768w, https:\/\/agence-france.fr\/wp-content\/uploads\/2023\/07\/Schmidlin-Orbis-mini-4-1150x1536.jpg 1150w, https:\/\/agence-france.fr\/wp-content\/uploads\/2023\/07\/Schmidlin-Orbis-mini-4-1533x2048.jpg 1533w, https:\/\/agence-france.fr\/wp-content\/uploads\/2023\/07\/Schmidlin-Orbis-mini-4-scaled.jpg 1917w\" sizes=\"(max-width: 767px) 100vw, 767px\" \/><\/a><\/figure>\n<\/div>\n\n\n\n<div class=\"wp-block-uagb-container uagb-block-96b2c032\">\n<figure class=\"wp-block-image size-large\"><a href=\"https:\/\/agence-france.fr\/wp-content\/uploads\/2023\/07\/schmidlin-orbis-mini-2-scaled.jpg\" target=\"_blank\" rel=\"noreferrer noopener\"><img decoding=\"async\" loading=\"lazy\" width=\"1024\" height=\"767\" src=\"https:\/\/agence-france.fr\/wp-content\/uploads\/2023\/07\/schmidlin-orbis-mini-2-1024x767.jpg\" alt=\"\" class=\"wp-image-2734\" srcset=\"https:\/\/agence-france.fr\/wp-content\/uploads\/2023\/07\/schmidlin-orbis-mini-2-1024x767.jpg 1024w, https:\/\/agence-france.fr\/wp-content\/uploads\/2023\/07\/schmidlin-orbis-mini-2-300x225.jpg 300w, https:\/\/agence-france.fr\/wp-content\/uploads\/2023\/07\/schmidlin-orbis-mini-2-768x575.jpg 768w, https:\/\/agence-france.fr\/wp-content\/uploads\/2023\/07\/schmidlin-orbis-mini-2-1536x1150.jpg 1536w, https:\/\/agence-france.fr\/wp-content\/uploads\/2023\/07\/schmidlin-orbis-mini-2-2048x1533.jpg 2048w\" sizes=\"(max-width: 1024px) 100vw, 1024px\" \/><\/a><\/figure>\n<\/div>\n\n\n\n<div class=\"wp-block-uagb-container uagb-block-862a7a98\">\n<figure class=\"wp-block-image size-large\"><a href=\"https:\/\/agence-france.fr\/wp-content\/uploads\/2023\/07\/Schimidlin-Orbis-mini-3-1.jpg\" target=\"_blank\" rel=\"noreferrer noopener\"><img decoding=\"async\" loading=\"lazy\" width=\"1024\" height=\"767\" src=\"https:\/\/agence-france.fr\/wp-content\/uploads\/2023\/07\/Schimidlin-Orbis-mini-3-1-1024x767.jpg\" alt=\"\" class=\"wp-image-2735\" srcset=\"https:\/\/agence-france.fr\/wp-content\/uploads\/2023\/07\/Schimidlin-Orbis-mini-3-1-1024x767.jpg 1024w, https:\/\/agence-france.fr\/wp-content\/uploads\/2023\/07\/Schimidlin-Orbis-mini-3-1-300x225.jpg 300w, https:\/\/agence-france.fr\/wp-content\/uploads\/2023\/07\/Schimidlin-Orbis-mini-3-1-768x575.jpg 768w, https:\/\/agence-france.fr\/wp-content\/uploads\/2023\/07\/Schimidlin-Orbis-mini-3-1-1536x1150.jpg 1536w, https:\/\/agence-france.fr\/wp-content\/uploads\/2023\/07\/Schimidlin-Orbis-mini-3-1-2048x1534.jpg 2048w\" sizes=\"(max-width: 1024px) 100vw, 1024px\" \/><\/a><\/figure>\n<\/div>\n<\/div><\/div>\n\n\n\n<h2 class=\"wp-block-heading\">Catalogue <\/h2>\n\n\n\n<div class=\"wp-block-uagb-container uagb-block-97d7cba7 alignfull uagb-is-root-container\"><div class=\"uagb-container-inner-blocks-wrap\">\n<div class=\"wp-block-uagb-container uagb-block-03009c4e\">\n<figure class=\"wp-block-image size-full\"><a href=\"https:\/\/drive.google.com\/file\/d\/1pWC1_7M1OsL3vGvCko5qPG_nU7C33cqq\/view?usp=sharing\" target=\"_blank\" rel=\"noreferrer noopener\"><img decoding=\"async\" loading=\"lazy\" width=\"475\" height=\"669\" src=\"https:\/\/agence-france.fr\/wp-content\/uploads\/2023\/07\/front-schmidlin-catalogue-fr.png\" alt=\"\" class=\"wp-image-2696\" srcset=\"https:\/\/agence-france.fr\/wp-content\/uploads\/2023\/07\/front-schmidlin-catalogue-fr.png 475w, https:\/\/agence-france.fr\/wp-content\/uploads\/2023\/07\/front-schmidlin-catalogue-fr-213x300.png 213w\" sizes=\"(max-width: 475px) 100vw, 475px\" \/><\/a><\/figure>\n<\/div>\n\n\n\n<div class=\"wp-block-uagb-container uagb-block-029b8531\"><style>.wp-block-kadence-iconlist.kt-svg-icon-list-items_e3003f-b0 ul.kt-svg-icon-list:not(.this-prevents-issues):not(.this-stops-third-party-issues):not(.tijsloc){margin-top:0px;margin-right:0px;margin-bottom:var(--global-kb-spacing-sm, 1.5rem);margin-left:0px;}.wp-block-kadence-iconlist.kt-svg-icon-list-items_e3003f-b0 ul.kt-svg-icon-list{grid-row-gap:5px;}.wp-block-kadence-iconlist.kt-svg-icon-list-items_e3003f-b0 ul.kt-svg-icon-list .kt-svg-icon-list-item-wrap .kt-svg-icon-list-single{margin-right:10px;}.kt-svg-icon-list-items_e3003f-b0 ul.kt-svg-icon-list .kt-svg-icon-list-level-0 .kt-svg-icon-list-single svg{font-size:20px;}@media all and (max-width: 1024px){.wp-block-kadence-iconlist.kt-svg-icon-list-items_e3003f-b0 ul.kt-svg-icon-list{grid-row-gap:5px;}}@media all and (max-width: 767px){.wp-block-kadence-iconlist.kt-svg-icon-list-items_e3003f-b0 ul.kt-svg-icon-list{grid-row-gap:5px;}}<\/style>\n<div class=\"wp-block-kadence-iconlist kt-svg-icon-list-items kt-svg-icon-list-items_e3003f-b0 kt-svg-icon-list-columns-1 alignnone\"><ul class=\"kt-svg-icon-list\">\n<li class=\"wp-block-kadence-listitem kt-svg-icon-list-item-wrap kt-svg-icon-list-item-_048fa8-2f\"><span class=\"kb-svg-icon-wrap kb-svg-icon-fe_arrowLeft kt-svg-icon-list-single\"><svg viewBox=\"0 0 24 24\"  fill=\"none\" stroke=\"currentColor\" stroke-width=\"2\" stroke-linecap=\"round\" stroke-linejoin=\"round\" xmlns=\"http:\/\/www.w3.org\/2000\/svg\" ><line x1=\"19\" y1=\"12\" x2=\"5\" y2=\"12\"\/><polyline points=\"12 19 5 12 12 5\"\/><\/svg><\/span><span class=\"kt-svg-icon-list-text\">p.83<\/span><\/li>\n<\/ul><\/div>\n<\/div>\n\n\n\n<div class=\"wp-block-uagb-container uagb-block-a53f8cf6\"><\/div>\n\n\n\n<div class=\"wp-block-uagb-container uagb-block-7e4c7c09\"><\/div>\n\n\n\n<div class=\"wp-block-uagb-container uagb-block-54f9dad3\"><\/div>\n<\/div><\/div>\n\n\n\n<h2 class=\"wp-block-heading\">Navigation<\/h2>\n\n\n\n<div class=\"wp-block-uagb-container uagb-block-432f036c alignfull uagb-is-root-container\"><div class=\"uagb-container-inner-blocks-wrap\">\n<div class=\"wp-block-uagb-container uagb-block-b46112c9\">\n<figure class=\"wp-block-image size-large\"><a href=\"https:\/\/agence-france.fr\/index.php\/nos-marques-schmidlin\/\"><img decoding=\"async\" loading=\"lazy\" width=\"724\" height=\"1024\" src=\"https:\/\/agence-france.fr\/wp-content\/uploads\/2023\/07\/Galerie-Schmidlin-3-724x1024.png\" alt=\"\" class=\"wp-image-2727\" srcset=\"https:\/\/agence-france.fr\/wp-content\/uploads\/2023\/07\/Galerie-Schmidlin-3-724x1024.png 724w, https:\/\/agence-france.fr\/wp-content\/uploads\/2023\/07\/Galerie-Schmidlin-3-212x300.png 212w, https:\/\/agence-france.fr\/wp-content\/uploads\/2023\/07\/Galerie-Schmidlin-3-768x1086.png 768w, https:\/\/agence-france.fr\/wp-content\/uploads\/2023\/07\/Galerie-Schmidlin-3-1086x1536.png 1086w, https:\/\/agence-france.fr\/wp-content\/uploads\/2023\/07\/Galerie-Schmidlin-3.png 1414w\" sizes=\"(max-width: 724px) 100vw, 724px\" \/><\/a><\/figure>\n<\/div>\n\n\n\n<div class=\"wp-block-uagb-container uagb-block-d616626a\"><\/div>\n\n\n\n<div class=\"wp-block-uagb-container uagb-block-8fcefa5a\"><\/div>\n\n\n\n<div class=\"wp-block-uagb-container uagb-block-e4eb8a0e\">\n<figure class=\"wp-block-image size-large\"><a href=\"https:\/\/agence-france.fr\/index.php\/nos-produits-baignoires-acier\/\"><img decoding=\"async\" loading=\"lazy\" width=\"724\" height=\"1024\" src=\"https:\/\/agence-france.fr\/wp-content\/uploads\/2023\/07\/clic-acier-emaille-724x1024.png\" alt=\"\" class=\"wp-image-2724\" srcset=\"https:\/\/agence-france.fr\/wp-content\/uploads\/2023\/07\/clic-acier-emaille-724x1024.png 724w, https:\/\/agence-france.fr\/wp-content\/uploads\/2023\/07\/clic-acier-emaille-212x300.png 212w, https:\/\/agence-france.fr\/wp-content\/uploads\/2023\/07\/clic-acier-emaille-768x1086.png 768w, https:\/\/agence-france.fr\/wp-content\/uploads\/2023\/07\/clic-acier-emaille.png 1061w\" sizes=\"(max-width: 724px) 100vw, 724px\" \/><\/a><\/figure>\n<\/div>\n\n\n\n<div class=\"wp-block-uagb-container uagb-block-23777808\">\n<figure class=\"wp-block-image size-large\"><a href=\"https:\/\/agence-france.fr\/index.php\/nos-produits\/\"><img decoding=\"async\" loading=\"lazy\" width=\"724\" height=\"1024\" src=\"https:\/\/agence-france.fr\/wp-content\/uploads\/2023\/07\/clic-retour-nos-produits-13-724x1024.png\" alt=\"\" class=\"wp-image-2720\" srcset=\"https:\/\/agence-france.fr\/wp-content\/uploads\/2023\/07\/clic-retour-nos-produits-13-724x1024.png 724w, https:\/\/agence-france.fr\/wp-content\/uploads\/2023\/07\/clic-retour-nos-produits-13-212x300.png 212w, https:\/\/agence-france.fr\/wp-content\/uploads\/2023\/07\/clic-retour-nos-produits-13-768x1086.png 768w, https:\/\/agence-france.fr\/wp-content\/uploads\/2023\/07\/clic-retour-nos-produits-13-1086x1536.png 1086w, https:\/\/agence-france.fr\/wp-content\/uploads\/2023\/07\/clic-retour-nos-produits-13.png 1414w\" sizes=\"(max-width: 724px) 100vw, 724px\" \/><\/a><\/figure>\n<\/div>\n<\/div><\/div>\n","protected":false},"excerpt":{"rendered":"<p>Schmidlin ORBIS MINI exploite au mieux les espaces r\u00e9duits. La version compacte du mod\u00e8le classique Schmidlin ORBIS est un lavabo id\u00e9al pour votre toilette d\u2019invit\u00e9s. Ce lavabo est disponible en version \u00e0 encastrer, \u00e0 poser ou pour montage mural. De nombreuses variantes de surfaces de desserte, de robinets et de porte-serviettes vous assurent de trouver [&hellip;]<\/p>\n","protected":false},"author":1,"featured_media":0,"parent":0,"menu_order":0,"comment_status":"closed","ping_status":"closed","template":"","meta":{"om_disable_all_campaigns":false,"_uag_custom_page_level_css":"","_monsterinsights_skip_tracking":false,"_monsterinsights_sitenote_active":false,"_monsterinsights_sitenote_note":"","_monsterinsights_sitenote_category":0},"aioseo_notices":[],"uagb_featured_image_src":{"full":false,"thumbnail":false,"medium":false,"medium_large":false,"large":false,"1536x1536":false,"2048x2048":false},"uagb_author_info":{"display_name":"pbc","author_link":"https:\/\/agence-france.fr\/index.php\/author\/p-boissonnade\/"},"uagb_comment_info":0,"uagb_excerpt":"Schmidlin ORBIS MINI exploite au mieux les espaces r\u00e9duits. La version compacte du mod\u00e8le classique Schmidlin ORBIS est un lavabo id\u00e9al pour votre toilette d\u2019invit\u00e9s. Ce lavabo est disponible en version \u00e0 encastrer, \u00e0 poser ou pour montage mural. De nombreuses variantes de surfaces de desserte, de robinets et de porte-serviettes vous assurent de trouver\u2026","_links":{"self":[{"href":"https:\/\/agence-france.fr\/index.php\/wp-json\/wp\/v2\/pages\/2729"}],"collection":[{"href":"https:\/\/agence-france.fr\/index.php\/wp-json\/wp\/v2\/pages"}],"about":[{"href":"https:\/\/agence-france.fr\/index.php\/wp-json\/wp\/v2\/types\/page"}],"author":[{"embeddable":true,"href":"https:\/\/agence-france.fr\/index.php\/wp-json\/wp\/v2\/users\/1"}],"replies":[{"embeddable":true,"href":"https:\/\/agence-france.fr\/index.php\/wp-json\/wp\/v2\/comments?post=2729"}],"version-history":[{"count":1,"href":"https:\/\/agence-france.fr\/index.php\/wp-json\/wp\/v2\/pages\/2729\/revisions"}],"predecessor-version":[{"id":2739,"href":"https:\/\/agence-france.fr\/index.php\/wp-json\/wp\/v2\/pages\/2729\/revisions\/2739"}],"wp:attachment":[{"href":"https:\/\/agence-france.fr\/index.php\/wp-json\/wp\/v2\/media?parent=2729"}],"curies":[{"name":"wp","href":"https:\/\/api.w.org\/{rel}","templated":true}]}}