{"id":2692,"date":"2023-07-26T09:26:05","date_gmt":"2023-07-26T09:26:05","guid":{"rendered":"https:\/\/agence-france.fr\/?page_id=2692"},"modified":"2023-07-26T14:39:29","modified_gmt":"2023-07-26T14:39:29","slug":"nos-produits-baignoire-riva-frame","status":"publish","type":"page","link":"https:\/\/agence-france.fr\/index.php\/nos-produits-baignoire-riva-frame\/","title":{"rendered":"Nos produits &#8211; Baignoire Riva Frame"},"content":{"rendered":"\n<div class=\"wp-block-uagb-container uagb-block-cf5dd35f alignfull uagb-is-root-container\"><div class=\"uagb-container-inner-blocks-wrap\">\n<div class=\"wp-block-uagb-container uagb-block-285ca3d9\">\n<div class=\"wp-block-uagb-container uagb-block-8c0baa0e\">\n<figure class=\"wp-block-image size-full\"><img decoding=\"async\" loading=\"lazy\" width=\"560\" height=\"479\" src=\"https:\/\/agence-france.fr\/wp-content\/uploads\/2023\/07\/Riva-Frame-2-Schmidlin.jpg\" alt=\"\" class=\"wp-image-2693\" srcset=\"https:\/\/agence-france.fr\/wp-content\/uploads\/2023\/07\/Riva-Frame-2-Schmidlin.jpg 560w, https:\/\/agence-france.fr\/wp-content\/uploads\/2023\/07\/Riva-Frame-2-Schmidlin-300x257.jpg 300w\" sizes=\"(max-width: 560px) 100vw, 560px\" \/><\/figure>\n<\/div>\n\n\n\n<div class=\"wp-block-uagb-container uagb-block-868c2321\">\n<figure class=\"wp-block-image size-full\"><img decoding=\"async\" loading=\"lazy\" width=\"560\" height=\"560\" src=\"https:\/\/agence-france.fr\/wp-content\/uploads\/2023\/07\/Riva-Frame-1-Schmidlin.jpg\" alt=\"\" class=\"wp-image-2694\" srcset=\"https:\/\/agence-france.fr\/wp-content\/uploads\/2023\/07\/Riva-Frame-1-Schmidlin.jpg 560w, https:\/\/agence-france.fr\/wp-content\/uploads\/2023\/07\/Riva-Frame-1-Schmidlin-300x300.jpg 300w, https:\/\/agence-france.fr\/wp-content\/uploads\/2023\/07\/Riva-Frame-1-Schmidlin-150x150.jpg 150w\" sizes=\"(max-width: 560px) 100vw, 560px\" \/><\/figure>\n<\/div>\n<\/div>\n\n\n\n<div class=\"wp-block-uagb-container uagb-block-2620f7d4\">\n<p class=\"has-text-align-left\">Comme en apesanteur, Schmidlin RIVA FRAME , en acier \u00e9maill\u00e9, semble flotter dans l\u2019espace: la simplicit\u00e9 de sa forme ovale blanche joue le contraste avec le rectangle noir qui l\u2019encadre. La beaut\u00e9 parfaite de cette composition r\u00e9duite \u00e0 l\u2019essentiel ne cessera de ravir vos yeux jour apr\u00e8s jour. <\/p>\n\n\n\n<p>Disponible en dimensions 173 x 79cm ou 183 x 84cm, en profondeur 45cm et donc une hauteur totale de 59 cm<\/p>\n<\/div>\n<\/div><\/div>\n\n\n<div class=\"wp-block-image\">\n<figure class=\"aligncenter size-full is-resized\"><img decoding=\"async\" loading=\"lazy\" src=\"https:\/\/agence-france.fr\/wp-content\/uploads\/2023\/07\/Schmidlin-riva-frame.jpg\" alt=\"\" class=\"wp-image-2695\" width=\"419\" height=\"358\" srcset=\"https:\/\/agence-france.fr\/wp-content\/uploads\/2023\/07\/Schmidlin-riva-frame.jpg 560w, https:\/\/agence-france.fr\/wp-content\/uploads\/2023\/07\/Schmidlin-riva-frame-300x257.jpg 300w\" sizes=\"(max-width: 419px) 100vw, 419px\" \/><\/figure><\/div>\n\n\n<h2 class=\"wp-block-heading\">Catalogue <\/h2>\n\n\n\n<div class=\"wp-block-uagb-container uagb-block-e36b0679 alignfull uagb-is-root-container\"><div class=\"uagb-container-inner-blocks-wrap\">\n<div class=\"wp-block-uagb-container uagb-block-3b20864a\">\n<figure class=\"wp-block-image size-full\"><a href=\"https:\/\/drive.google.com\/file\/d\/1pWC1_7M1OsL3vGvCko5qPG_nU7C33cqq\/view?usp=sharing\" target=\"_blank\" rel=\"noreferrer noopener\"><img decoding=\"async\" loading=\"lazy\" width=\"475\" height=\"669\" src=\"https:\/\/agence-france.fr\/wp-content\/uploads\/2023\/07\/front-schmidlin-catalogue-fr.png\" alt=\"\" class=\"wp-image-2696\" srcset=\"https:\/\/agence-france.fr\/wp-content\/uploads\/2023\/07\/front-schmidlin-catalogue-fr.png 475w, https:\/\/agence-france.fr\/wp-content\/uploads\/2023\/07\/front-schmidlin-catalogue-fr-213x300.png 213w\" sizes=\"(max-width: 475px) 100vw, 475px\" \/><\/a><\/figure>\n<\/div>\n\n\n\n<div class=\"wp-block-uagb-container uagb-block-9da04ab1\"><style>.wp-block-kadence-iconlist.kt-svg-icon-list-items_317556-50 ul.kt-svg-icon-list:not(.this-prevents-issues):not(.this-stops-third-party-issues):not(.tijsloc){margin-top:0px;margin-right:0px;margin-bottom:var(--global-kb-spacing-sm, 1.5rem);margin-left:0px;}.wp-block-kadence-iconlist.kt-svg-icon-list-items_317556-50 ul.kt-svg-icon-list{grid-row-gap:5px;}.wp-block-kadence-iconlist.kt-svg-icon-list-items_317556-50 ul.kt-svg-icon-list .kt-svg-icon-list-item-wrap .kt-svg-icon-list-single{margin-right:10px;}.kt-svg-icon-list-items_317556-50 ul.kt-svg-icon-list .kt-svg-icon-list-level-0 .kt-svg-icon-list-single svg{font-size:20px;}@media all and (max-width: 1024px){.wp-block-kadence-iconlist.kt-svg-icon-list-items_317556-50 ul.kt-svg-icon-list{grid-row-gap:5px;}}@media all and (max-width: 767px){.wp-block-kadence-iconlist.kt-svg-icon-list-items_317556-50 ul.kt-svg-icon-list{grid-row-gap:5px;}}<\/style>\n<div class=\"wp-block-kadence-iconlist kt-svg-icon-list-items kt-svg-icon-list-items_317556-50 kt-svg-icon-list-columns-1 alignnone\"><ul class=\"kt-svg-icon-list\">\n<li class=\"wp-block-kadence-listitem kt-svg-icon-list-item-wrap kt-svg-icon-list-item-_eef3e8-b0\"><span class=\"kb-svg-icon-wrap kb-svg-icon-fe_arrowLeft kt-svg-icon-list-single\"><svg viewBox=\"0 0 24 24\"  fill=\"none\" stroke=\"currentColor\" stroke-width=\"2\" stroke-linecap=\"round\" stroke-linejoin=\"round\" xmlns=\"http:\/\/www.w3.org\/2000\/svg\" ><line x1=\"19\" y1=\"12\" x2=\"5\" y2=\"12\"\/><polyline points=\"12 19 5 12 12 5\"\/><\/svg><\/span><span class=\"kt-svg-icon-list-text\">p.97<\/span><\/li>\n<\/ul><\/div>\n<\/div>\n\n\n\n<div class=\"wp-block-uagb-container uagb-block-f512d51f\"><\/div>\n\n\n\n<div class=\"wp-block-uagb-container uagb-block-1f320f44\"><\/div>\n\n\n\n<div class=\"wp-block-uagb-container uagb-block-fb4d525d\"><\/div>\n<\/div><\/div>\n\n\n\n<h2 class=\"wp-block-heading\">Navigation<\/h2>\n\n\n\n<div class=\"wp-block-uagb-container uagb-block-21a2f0b8 alignfull uagb-is-root-container\"><div class=\"uagb-container-inner-blocks-wrap\">\n<div class=\"wp-block-uagb-container uagb-block-2b67c462\">\n<figure class=\"wp-block-image size-large\"><a href=\"https:\/\/agence-france.fr\/index.php\/nos-marques-schmidlin\/\"><img decoding=\"async\" loading=\"lazy\" width=\"724\" height=\"1024\" src=\"https:\/\/agence-france.fr\/wp-content\/uploads\/2023\/07\/Galerie-Schmidlin-3-724x1024.png\" alt=\"\" class=\"wp-image-2727\" srcset=\"https:\/\/agence-france.fr\/wp-content\/uploads\/2023\/07\/Galerie-Schmidlin-3-724x1024.png 724w, https:\/\/agence-france.fr\/wp-content\/uploads\/2023\/07\/Galerie-Schmidlin-3-212x300.png 212w, https:\/\/agence-france.fr\/wp-content\/uploads\/2023\/07\/Galerie-Schmidlin-3-768x1086.png 768w, https:\/\/agence-france.fr\/wp-content\/uploads\/2023\/07\/Galerie-Schmidlin-3-1086x1536.png 1086w, https:\/\/agence-france.fr\/wp-content\/uploads\/2023\/07\/Galerie-Schmidlin-3.png 1414w\" sizes=\"(max-width: 724px) 100vw, 724px\" \/><\/a><\/figure>\n<\/div>\n\n\n\n<div class=\"wp-block-uagb-container uagb-block-faccfbd9\"><\/div>\n\n\n\n<div class=\"wp-block-uagb-container uagb-block-9a1059f2\"><\/div>\n\n\n\n<div class=\"wp-block-uagb-container uagb-block-0536281f\">\n<figure class=\"wp-block-image size-large\"><a href=\"https:\/\/agence-france.fr\/index.php\/nos-produits-baignoires-acier\/\"><img decoding=\"async\" loading=\"lazy\" width=\"724\" height=\"1024\" src=\"https:\/\/agence-france.fr\/wp-content\/uploads\/2023\/07\/clic-acier-emaille-724x1024.png\" alt=\"\" class=\"wp-image-2724\" srcset=\"https:\/\/agence-france.fr\/wp-content\/uploads\/2023\/07\/clic-acier-emaille-724x1024.png 724w, https:\/\/agence-france.fr\/wp-content\/uploads\/2023\/07\/clic-acier-emaille-212x300.png 212w, https:\/\/agence-france.fr\/wp-content\/uploads\/2023\/07\/clic-acier-emaille-768x1086.png 768w, https:\/\/agence-france.fr\/wp-content\/uploads\/2023\/07\/clic-acier-emaille.png 1061w\" sizes=\"(max-width: 724px) 100vw, 724px\" \/><\/a><\/figure>\n<\/div>\n\n\n\n<div class=\"wp-block-uagb-container uagb-block-ab2ffc2d\">\n<figure class=\"wp-block-image size-large\"><a href=\"https:\/\/agence-france.fr\/index.php\/nos-produits\/\"><img decoding=\"async\" loading=\"lazy\" width=\"724\" height=\"1024\" src=\"https:\/\/agence-france.fr\/wp-content\/uploads\/2023\/07\/clic-retour-nos-produits-13-724x1024.png\" alt=\"\" class=\"wp-image-2720\" srcset=\"https:\/\/agence-france.fr\/wp-content\/uploads\/2023\/07\/clic-retour-nos-produits-13-724x1024.png 724w, https:\/\/agence-france.fr\/wp-content\/uploads\/2023\/07\/clic-retour-nos-produits-13-212x300.png 212w, https:\/\/agence-france.fr\/wp-content\/uploads\/2023\/07\/clic-retour-nos-produits-13-768x1086.png 768w, https:\/\/agence-france.fr\/wp-content\/uploads\/2023\/07\/clic-retour-nos-produits-13-1086x1536.png 1086w, https:\/\/agence-france.fr\/wp-content\/uploads\/2023\/07\/clic-retour-nos-produits-13.png 1414w\" sizes=\"(max-width: 724px) 100vw, 724px\" \/><\/a><\/figure>\n<\/div>\n<\/div><\/div>\n","protected":false},"excerpt":{"rendered":"<p>Comme en apesanteur, Schmidlin RIVA FRAME , en acier \u00e9maill\u00e9, semble flotter dans l\u2019espace: la simplicit\u00e9 de sa forme ovale blanche joue le contraste avec le rectangle noir qui l\u2019encadre. La beaut\u00e9 parfaite de cette composition r\u00e9duite \u00e0 l\u2019essentiel ne cessera de ravir vos yeux jour apr\u00e8s jour. Disponible en dimensions 173 x 79cm ou [&hellip;]<\/p>\n","protected":false},"author":1,"featured_media":0,"parent":0,"menu_order":0,"comment_status":"closed","ping_status":"closed","template":"","meta":{"om_disable_all_campaigns":false,"_uag_custom_page_level_css":"","_monsterinsights_skip_tracking":false,"_monsterinsights_sitenote_active":false,"_monsterinsights_sitenote_note":"","_monsterinsights_sitenote_category":0},"aioseo_notices":[],"uagb_featured_image_src":{"full":false,"thumbnail":false,"medium":false,"medium_large":false,"large":false,"1536x1536":false,"2048x2048":false},"uagb_author_info":{"display_name":"pbc","author_link":"https:\/\/agence-france.fr\/index.php\/author\/p-boissonnade\/"},"uagb_comment_info":0,"uagb_excerpt":"Comme en apesanteur, Schmidlin RIVA FRAME , en acier \u00e9maill\u00e9, semble flotter dans l\u2019espace: la simplicit\u00e9 de sa forme ovale blanche joue le contraste avec le rectangle noir qui l\u2019encadre. La beaut\u00e9 parfaite de cette composition r\u00e9duite \u00e0 l\u2019essentiel ne cessera de ravir vos yeux jour apr\u00e8s jour. Disponible en dimensions 173 x 79cm ou\u2026","_links":{"self":[{"href":"https:\/\/agence-france.fr\/index.php\/wp-json\/wp\/v2\/pages\/2692"}],"collection":[{"href":"https:\/\/agence-france.fr\/index.php\/wp-json\/wp\/v2\/pages"}],"about":[{"href":"https:\/\/agence-france.fr\/index.php\/wp-json\/wp\/v2\/types\/page"}],"author":[{"embeddable":true,"href":"https:\/\/agence-france.fr\/index.php\/wp-json\/wp\/v2\/users\/1"}],"replies":[{"embeddable":true,"href":"https:\/\/agence-france.fr\/index.php\/wp-json\/wp\/v2\/comments?post=2692"}],"version-history":[{"count":7,"href":"https:\/\/agence-france.fr\/index.php\/wp-json\/wp\/v2\/pages\/2692\/revisions"}],"predecessor-version":[{"id":2738,"href":"https:\/\/agence-france.fr\/index.php\/wp-json\/wp\/v2\/pages\/2692\/revisions\/2738"}],"wp:attachment":[{"href":"https:\/\/agence-france.fr\/index.php\/wp-json\/wp\/v2\/media?parent=2692"}],"curies":[{"name":"wp","href":"https:\/\/api.w.org\/{rel}","templated":true}]}}