{"id":2632,"date":"2023-07-25T14:42:02","date_gmt":"2023-07-25T14:42:02","guid":{"rendered":"https:\/\/agence-france.fr\/?page_id=2632"},"modified":"2023-07-25T14:58:01","modified_gmt":"2023-07-25T14:58:01","slug":"nos-produits-baignoires-era","status":"publish","type":"page","link":"https:\/\/agence-france.fr\/index.php\/nos-produits-baignoires-era\/","title":{"rendered":"Nos produits &#8211; Baignoires ERA"},"content":{"rendered":"\n<div class=\"wp-block-uagb-container uagb-block-0a2f6fe8 alignfull uagb-is-root-container\"><div class=\"uagb-container-inner-blocks-wrap\">\n<div class=\"wp-block-uagb-container uagb-block-50c9e3c9\">\n<figure class=\"wp-block-image size-large\"><a href=\"https:\/\/agence-france.fr\/wp-content\/uploads\/2023\/07\/vasca-bagno-era-01-1-1.jpg\" target=\"_blank\" rel=\"noreferrer noopener\"><img decoding=\"async\" loading=\"lazy\" width=\"1024\" height=\"600\" src=\"https:\/\/agence-france.fr\/wp-content\/uploads\/2023\/07\/vasca-bagno-era-01-1-1-1024x600.jpg\" alt=\"\" class=\"wp-image-2659\" srcset=\"https:\/\/agence-france.fr\/wp-content\/uploads\/2023\/07\/vasca-bagno-era-01-1-1-1024x600.jpg 1024w, https:\/\/agence-france.fr\/wp-content\/uploads\/2023\/07\/vasca-bagno-era-01-1-1-300x176.jpg 300w, https:\/\/agence-france.fr\/wp-content\/uploads\/2023\/07\/vasca-bagno-era-01-1-1-768x450.jpg 768w, https:\/\/agence-france.fr\/wp-content\/uploads\/2023\/07\/vasca-bagno-era-01-1-1-1536x900.jpg 1536w, https:\/\/agence-france.fr\/wp-content\/uploads\/2023\/07\/vasca-bagno-era-01-1-1-2048x1200.jpg 2048w\" sizes=\"(max-width: 1024px) 100vw, 1024px\" \/><\/a><\/figure>\n<\/div>\n\n\n\n<div class=\"wp-block-uagb-container uagb-block-02067215\">\n<figure class=\"wp-block-image size-full\"><a href=\"https:\/\/agence-france.fr\/wp-content\/uploads\/2023\/07\/vasca-bagno-era-c-1.jpg\" target=\"_blank\" rel=\"noreferrer noopener\"><img decoding=\"async\" loading=\"lazy\" width=\"800\" height=\"1000\" src=\"https:\/\/agence-france.fr\/wp-content\/uploads\/2023\/07\/vasca-bagno-era-c-1.jpg\" alt=\"\" class=\"wp-image-2635\" srcset=\"https:\/\/agence-france.fr\/wp-content\/uploads\/2023\/07\/vasca-bagno-era-c-1.jpg 800w, https:\/\/agence-france.fr\/wp-content\/uploads\/2023\/07\/vasca-bagno-era-c-1-240x300.jpg 240w, https:\/\/agence-france.fr\/wp-content\/uploads\/2023\/07\/vasca-bagno-era-c-1-768x960.jpg 768w\" sizes=\"(max-width: 800px) 100vw, 800px\" \/><\/a><\/figure>\n<\/div>\n\n\n\n<div class=\"wp-block-uagb-container uagb-block-c9857b4c\">\n<figure class=\"wp-block-image size-full\"><a href=\"https:\/\/agence-france.fr\/wp-content\/uploads\/2023\/07\/vasca-bagno-era-a-1.jpg\" target=\"_blank\" rel=\"noreferrer noopener\"><img decoding=\"async\" loading=\"lazy\" width=\"800\" height=\"1000\" src=\"https:\/\/agence-france.fr\/wp-content\/uploads\/2023\/07\/vasca-bagno-era-a-1.jpg\" alt=\"\" class=\"wp-image-2636\" srcset=\"https:\/\/agence-france.fr\/wp-content\/uploads\/2023\/07\/vasca-bagno-era-a-1.jpg 800w, https:\/\/agence-france.fr\/wp-content\/uploads\/2023\/07\/vasca-bagno-era-a-1-240x300.jpg 240w, https:\/\/agence-france.fr\/wp-content\/uploads\/2023\/07\/vasca-bagno-era-a-1-768x960.jpg 768w\" sizes=\"(max-width: 800px) 100vw, 800px\" \/><\/a><\/figure>\n<\/div>\n<\/div><\/div>\n\n\n\n<h2 class=\"wp-block-heading has-medium-font-size\">Disponible en finition acrylique (panneaux, rev\u00eatements) et en 40 coloris laqu\u00e9s mat.<\/h2>\n\n\n\n<div class=\"wp-block-uagb-container uagb-block-b1a273cf alignfull uagb-is-root-container\"><div class=\"uagb-container-inner-blocks-wrap\">\n<div class=\"wp-block-uagb-container uagb-block-0c5239fc\">\n<p>Les baignoires Era s\u2019adaptent \u00e0 chaque espace et r\u00e9servent une exp\u00e9rience totale de confort, qui unit \u00e0 la technologie whirlpool et airpool les bienfaits de la chromoth\u00e9rapie et de l\u2019ozonoth\u00e9rapie. Le pratique coussin Life compl\u00e8te le style et la commodit\u00e9. \u00c9galement disponible en finition Acrylique mat, Era 140&#215;140 exclue.<\/p>\n<\/div>\n\n\n\n<div class=\"wp-block-uagb-container uagb-block-5ec3c51b\">\n<figure class=\"wp-block-image size-full\"><img decoding=\"async\" loading=\"lazy\" width=\"800\" height=\"533\" src=\"https:\/\/agence-france.fr\/wp-content\/uploads\/2023\/07\/vasca-incasso-era-plus-180-sx-00-1.jpg\" alt=\"\" class=\"wp-image-2660\" srcset=\"https:\/\/agence-france.fr\/wp-content\/uploads\/2023\/07\/vasca-incasso-era-plus-180-sx-00-1.jpg 800w, https:\/\/agence-france.fr\/wp-content\/uploads\/2023\/07\/vasca-incasso-era-plus-180-sx-00-1-300x200.jpg 300w, https:\/\/agence-france.fr\/wp-content\/uploads\/2023\/07\/vasca-incasso-era-plus-180-sx-00-1-768x512.jpg 768w\" sizes=\"(max-width: 800px) 100vw, 800px\" \/><\/figure>\n<\/div>\n\n\n\n<div class=\"wp-block-uagb-container uagb-block-86895432\">\n<figure class=\"wp-block-image size-full\"><a href=\"https:\/\/agence-france.fr\/wp-content\/uploads\/2023\/07\/vasca-bagno-era-plus-02-1.jpg\" target=\"_blank\" rel=\"noreferrer noopener\"><img decoding=\"async\" loading=\"lazy\" width=\"800\" height=\"1000\" src=\"https:\/\/agence-france.fr\/wp-content\/uploads\/2023\/07\/vasca-bagno-era-plus-02-1.jpg\" alt=\"\" class=\"wp-image-2638\" srcset=\"https:\/\/agence-france.fr\/wp-content\/uploads\/2023\/07\/vasca-bagno-era-plus-02-1.jpg 800w, https:\/\/agence-france.fr\/wp-content\/uploads\/2023\/07\/vasca-bagno-era-plus-02-1-240x300.jpg 240w, https:\/\/agence-france.fr\/wp-content\/uploads\/2023\/07\/vasca-bagno-era-plus-02-1-768x960.jpg 768w\" sizes=\"(max-width: 800px) 100vw, 800px\" \/><\/a><\/figure>\n<\/div>\n\n\n\n<div class=\"wp-block-uagb-container uagb-block-282508fd\">\n<h2 class=\"wp-block-heading\">ERA PLUS UNIT TECHNOLOGIE ET BIENFAITS<\/h2>\n\n\n\n<p>La baignoire hydromassage Era Plus unit la technologie whirlpool et airpool et les bienfaits de la chromoth\u00e9rapie et de l\u2019ozonoth\u00e9rapie. Le pratique coussin Life compl\u00e8te le style et la commodit\u00e9.<\/p>\n<\/div>\n<\/div><\/div>\n\n\n\n<div class=\"wp-block-uagb-container uagb-block-deb378bc alignfull uagb-is-root-container\"><div class=\"uagb-container-inner-blocks-wrap\">\n<div class=\"wp-block-uagb-container uagb-block-2332bae5\">\n<p>Era plus est \u00e9galement propos\u00e9e dans la version semi-circulaire 140 x 140, avec syst\u00e8me hydromassage airpool et massage micro-diffusion avec soufflante \u00e0 vitesse r\u00e9glable.<\/p>\n<\/div>\n\n\n\n<div class=\"wp-block-uagb-container uagb-block-31f31a23\">\n<figure class=\"wp-block-image size-full\"><a href=\"https:\/\/agence-france.fr\/wp-content\/uploads\/2023\/07\/vasca-bagno-era-b.jpg\" target=\"_blank\" rel=\"noreferrer noopener\"><img decoding=\"async\" loading=\"lazy\" width=\"800\" height=\"640\" src=\"https:\/\/agence-france.fr\/wp-content\/uploads\/2023\/07\/vasca-bagno-era-b.jpg\" alt=\"\" class=\"wp-image-2641\" srcset=\"https:\/\/agence-france.fr\/wp-content\/uploads\/2023\/07\/vasca-bagno-era-b.jpg 800w, https:\/\/agence-france.fr\/wp-content\/uploads\/2023\/07\/vasca-bagno-era-b-300x240.jpg 300w, https:\/\/agence-france.fr\/wp-content\/uploads\/2023\/07\/vasca-bagno-era-b-768x614.jpg 768w\" sizes=\"(max-width: 800px) 100vw, 800px\" \/><\/a><\/figure>\n<\/div>\n\n\n\n<div class=\"wp-block-uagb-container uagb-block-657fc010\">\n<figure class=\"wp-block-image size-full\"><a href=\"https:\/\/agence-france.fr\/wp-content\/uploads\/2023\/07\/vasca-bagno-era-c-1-1.jpg\" target=\"_blank\" rel=\"noreferrer noopener\"><img decoding=\"async\" loading=\"lazy\" width=\"800\" height=\"1000\" src=\"https:\/\/agence-france.fr\/wp-content\/uploads\/2023\/07\/vasca-bagno-era-c-1-1.jpg\" alt=\"\" class=\"wp-image-2640\" srcset=\"https:\/\/agence-france.fr\/wp-content\/uploads\/2023\/07\/vasca-bagno-era-c-1-1.jpg 800w, https:\/\/agence-france.fr\/wp-content\/uploads\/2023\/07\/vasca-bagno-era-c-1-1-240x300.jpg 240w, https:\/\/agence-france.fr\/wp-content\/uploads\/2023\/07\/vasca-bagno-era-c-1-1-768x960.jpg 768w\" sizes=\"(max-width: 800px) 100vw, 800px\" \/><\/a><\/figure>\n<\/div>\n\n\n\n<div class=\"wp-block-uagb-container uagb-block-ec21e6c6\">\n<p>La baignoire hydromassage peut \u00eatre rev\u00eatue avec des panneaux en laqu\u00e9 color\u00e9 pour s\u2019harmoniser chromatiquement \u00e0 l\u2019ameublement et aux autres \u00e9l\u00e9ments de la salle de bain.<\/p>\n<\/div>\n<\/div><\/div>\n\n\n\n<h2 class=\"wp-block-heading\">Catalogue<\/h2>\n\n\n\n<div class=\"wp-block-uagb-container uagb-block-858c89dd alignfull uagb-is-root-container\"><div class=\"uagb-container-inner-blocks-wrap\">\n<div class=\"wp-block-uagb-container uagb-block-a718208b\">\n<figure class=\"wp-block-image size-full\"><a href=\"https:\/\/drive.google.com\/file\/d\/1QVmLUabi1bEGD2tlySnmDTGfXRMAjKX5\/view?usp=sharing\"><img decoding=\"async\" loading=\"lazy\" width=\"376\" height=\"508\" src=\"https:\/\/agence-france.fr\/wp-content\/uploads\/2023\/07\/Front-HG-lookbook-Total-living-bathroom-1.png\" alt=\"\" class=\"wp-image-2648\" srcset=\"https:\/\/agence-france.fr\/wp-content\/uploads\/2023\/07\/Front-HG-lookbook-Total-living-bathroom-1.png 376w, https:\/\/agence-france.fr\/wp-content\/uploads\/2023\/07\/Front-HG-lookbook-Total-living-bathroom-1-222x300.png 222w\" sizes=\"(max-width: 376px) 100vw, 376px\" \/><\/a><\/figure>\n<\/div>\n\n\n\n<div class=\"wp-block-uagb-container uagb-block-81dac218\"><style>.wp-block-kadence-iconlist.kt-svg-icon-list-items_268602-e3 ul.kt-svg-icon-list:not(.this-prevents-issues):not(.this-stops-third-party-issues):not(.tijsloc){margin-top:0px;margin-right:0px;margin-bottom:var(--global-kb-spacing-sm, 1.5rem);margin-left:0px;}.wp-block-kadence-iconlist.kt-svg-icon-list-items_268602-e3 ul.kt-svg-icon-list{grid-row-gap:5px;}.wp-block-kadence-iconlist.kt-svg-icon-list-items_268602-e3 ul.kt-svg-icon-list .kt-svg-icon-list-item-wrap .kt-svg-icon-list-single{margin-right:10px;}.kt-svg-icon-list-items_268602-e3 ul.kt-svg-icon-list .kt-svg-icon-list-level-0 .kt-svg-icon-list-single svg{font-size:20px;}@media all and (max-width: 1024px){.wp-block-kadence-iconlist.kt-svg-icon-list-items_268602-e3 ul.kt-svg-icon-list{grid-row-gap:5px;}}@media all and (max-width: 767px){.wp-block-kadence-iconlist.kt-svg-icon-list-items_268602-e3 ul.kt-svg-icon-list{grid-row-gap:5px;}}<\/style>\n<div class=\"wp-block-kadence-iconlist kt-svg-icon-list-items kt-svg-icon-list-items_268602-e3 kt-svg-icon-list-columns-1 alignnone\"><ul class=\"kt-svg-icon-list\">\n<li class=\"wp-block-kadence-listitem kt-svg-icon-list-item-wrap kt-svg-icon-list-item-_74d80e-9c\"><span class=\"kb-svg-icon-wrap kb-svg-icon-fe_arrowLeft kt-svg-icon-list-single\"><svg viewBox=\"0 0 24 24\"  fill=\"none\" stroke=\"currentColor\" stroke-width=\"2\" stroke-linecap=\"round\" stroke-linejoin=\"round\" xmlns=\"http:\/\/www.w3.org\/2000\/svg\" ><line x1=\"19\" y1=\"12\" x2=\"5\" y2=\"12\"\/><polyline points=\"12 19 5 12 12 5\"\/><\/svg><\/span><span class=\"kt-svg-icon-list-text\">p.86<\/span><\/li>\n<\/ul><\/div>\n<\/div>\n\n\n\n<div class=\"wp-block-uagb-container uagb-block-e10a1269\"><\/div>\n\n\n\n<div class=\"wp-block-uagb-container uagb-block-c52d1160\"><\/div>\n\n\n\n<div class=\"wp-block-uagb-container uagb-block-5349d823\"><\/div>\n<\/div><\/div>\n\n\n\n<h2 class=\"wp-block-heading\">Navigation<\/h2>\n\n\n\n<div class=\"wp-block-uagb-container uagb-block-99aaf41d alignfull uagb-is-root-container\"><div class=\"uagb-container-inner-blocks-wrap\">\n<div class=\"wp-block-uagb-container uagb-block-886ca7d4\">\n<figure class=\"wp-block-image size-large\"><a href=\"https:\/\/agence-france.fr\/index.php\/nos-marques-gruppo-geromin\/\"><img decoding=\"async\" loading=\"lazy\" width=\"724\" height=\"1024\" src=\"https:\/\/agence-france.fr\/wp-content\/uploads\/2023\/07\/Galerie-Hafro-3-724x1024.png\" alt=\"\" class=\"wp-image-2644\" srcset=\"https:\/\/agence-france.fr\/wp-content\/uploads\/2023\/07\/Galerie-Hafro-3-724x1024.png 724w, https:\/\/agence-france.fr\/wp-content\/uploads\/2023\/07\/Galerie-Hafro-3-212x300.png 212w, https:\/\/agence-france.fr\/wp-content\/uploads\/2023\/07\/Galerie-Hafro-3-768x1086.png 768w, https:\/\/agence-france.fr\/wp-content\/uploads\/2023\/07\/Galerie-Hafro-3-1086x1536.png 1086w, https:\/\/agence-france.fr\/wp-content\/uploads\/2023\/07\/Galerie-Hafro-3.png 1414w\" sizes=\"(max-width: 724px) 100vw, 724px\" \/><\/a><\/figure>\n<\/div>\n\n\n\n<div class=\"wp-block-uagb-container uagb-block-1a8a697d\"><\/div>\n\n\n\n<div class=\"wp-block-uagb-container uagb-block-f327094f\"><\/div>\n\n\n\n<div class=\"wp-block-uagb-container uagb-block-d0359e42\"><\/div>\n\n\n\n<div class=\"wp-block-uagb-container uagb-block-4bb6397b\">\n<figure class=\"wp-block-image size-large\"><a href=\"https:\/\/agence-france.fr\/index.php\/nos-produits\/\"><img decoding=\"async\" loading=\"lazy\" width=\"724\" height=\"1024\" src=\"https:\/\/agence-france.fr\/wp-content\/uploads\/2023\/07\/clic-retour-nos-produits-9-724x1024.png\" alt=\"\" class=\"wp-image-2642\" srcset=\"https:\/\/agence-france.fr\/wp-content\/uploads\/2023\/07\/clic-retour-nos-produits-9-724x1024.png 724w, https:\/\/agence-france.fr\/wp-content\/uploads\/2023\/07\/clic-retour-nos-produits-9-212x300.png 212w, https:\/\/agence-france.fr\/wp-content\/uploads\/2023\/07\/clic-retour-nos-produits-9-768x1086.png 768w, https:\/\/agence-france.fr\/wp-content\/uploads\/2023\/07\/clic-retour-nos-produits-9-1086x1536.png 1086w, https:\/\/agence-france.fr\/wp-content\/uploads\/2023\/07\/clic-retour-nos-produits-9.png 1414w\" sizes=\"(max-width: 724px) 100vw, 724px\" \/><\/a><\/figure>\n<\/div>\n<\/div><\/div>\n","protected":false},"excerpt":{"rendered":"<p>Disponible en finition acrylique (panneaux, rev\u00eatements) et en 40 coloris laqu\u00e9s mat. Les baignoires Era s\u2019adaptent \u00e0 chaque espace et r\u00e9servent une exp\u00e9rience totale de confort, qui unit \u00e0 la technologie whirlpool et airpool les bienfaits de la chromoth\u00e9rapie et de l\u2019ozonoth\u00e9rapie. Le pratique coussin Life compl\u00e8te le style et la commodit\u00e9. \u00c9galement disponible en [&hellip;]<\/p>\n","protected":false},"author":1,"featured_media":0,"parent":0,"menu_order":0,"comment_status":"closed","ping_status":"closed","template":"","meta":{"om_disable_all_campaigns":false,"_uag_custom_page_level_css":"","_monsterinsights_skip_tracking":false,"_monsterinsights_sitenote_active":false,"_monsterinsights_sitenote_note":"","_monsterinsights_sitenote_category":0},"aioseo_notices":[],"uagb_featured_image_src":{"full":false,"thumbnail":false,"medium":false,"medium_large":false,"large":false,"1536x1536":false,"2048x2048":false},"uagb_author_info":{"display_name":"pbc","author_link":"https:\/\/agence-france.fr\/index.php\/author\/p-boissonnade\/"},"uagb_comment_info":0,"uagb_excerpt":"Disponible en finition acrylique (panneaux, rev\u00eatements) et en 40 coloris laqu\u00e9s mat. Les baignoires Era s\u2019adaptent \u00e0 chaque espace et r\u00e9servent une exp\u00e9rience totale de confort, qui unit \u00e0 la technologie whirlpool et airpool les bienfaits de la chromoth\u00e9rapie et de l\u2019ozonoth\u00e9rapie. Le pratique coussin Life compl\u00e8te le style et la commodit\u00e9. \u00c9galement disponible en\u2026","_links":{"self":[{"href":"https:\/\/agence-france.fr\/index.php\/wp-json\/wp\/v2\/pages\/2632"}],"collection":[{"href":"https:\/\/agence-france.fr\/index.php\/wp-json\/wp\/v2\/pages"}],"about":[{"href":"https:\/\/agence-france.fr\/index.php\/wp-json\/wp\/v2\/types\/page"}],"author":[{"embeddable":true,"href":"https:\/\/agence-france.fr\/index.php\/wp-json\/wp\/v2\/users\/1"}],"replies":[{"embeddable":true,"href":"https:\/\/agence-france.fr\/index.php\/wp-json\/wp\/v2\/comments?post=2632"}],"version-history":[{"count":3,"href":"https:\/\/agence-france.fr\/index.php\/wp-json\/wp\/v2\/pages\/2632\/revisions"}],"predecessor-version":[{"id":2661,"href":"https:\/\/agence-france.fr\/index.php\/wp-json\/wp\/v2\/pages\/2632\/revisions\/2661"}],"wp:attachment":[{"href":"https:\/\/agence-france.fr\/index.php\/wp-json\/wp\/v2\/media?parent=2632"}],"curies":[{"name":"wp","href":"https:\/\/api.w.org\/{rel}","templated":true}]}}