{"id":2437,"date":"2023-07-21T14:48:01","date_gmt":"2023-07-21T14:48:01","guid":{"rendered":"https:\/\/agence-france.fr\/?page_id=2437"},"modified":"2023-07-21T14:51:15","modified_gmt":"2023-07-21T14:51:15","slug":"nos-produits-miroir-tondo","status":"publish","type":"page","link":"https:\/\/agence-france.fr\/index.php\/nos-produits-miroir-tondo\/","title":{"rendered":"Nos produits &#8211; Miroir Tondo"},"content":{"rendered":"\n<div class=\"wp-block-uagb-container uagb-block-fec048ec alignfull uagb-is-root-container\"><div class=\"uagb-container-inner-blocks-wrap\">\n<div class=\"wp-block-uagb-container uagb-block-0bd6efbc\">\n<figure class=\"wp-block-image size-large\"><a href=\"https:\/\/agence-france.fr\/wp-content\/uploads\/2023\/07\/mirror-tondo-80_IR_1.jpg\" target=\"_blank\" rel=\"noreferrer noopener\"><img decoding=\"async\" loading=\"lazy\" width=\"1024\" height=\"770\" src=\"https:\/\/agence-france.fr\/wp-content\/uploads\/2023\/07\/mirror-tondo-80_IR_1-1024x770.jpg\" alt=\"\" class=\"wp-image-2457\" srcset=\"https:\/\/agence-france.fr\/wp-content\/uploads\/2023\/07\/mirror-tondo-80_IR_1-1024x770.jpg 1024w, https:\/\/agence-france.fr\/wp-content\/uploads\/2023\/07\/mirror-tondo-80_IR_1-300x226.jpg 300w, https:\/\/agence-france.fr\/wp-content\/uploads\/2023\/07\/mirror-tondo-80_IR_1-768x577.jpg 768w, https:\/\/agence-france.fr\/wp-content\/uploads\/2023\/07\/mirror-tondo-80_IR_1-1536x1155.jpg 1536w, https:\/\/agence-france.fr\/wp-content\/uploads\/2023\/07\/mirror-tondo-80_IR_1.jpg 1600w\" sizes=\"(max-width: 1024px) 100vw, 1024px\" \/><\/a><\/figure>\n<\/div>\n\n\n\n<div class=\"wp-block-uagb-container uagb-block-6973f6c4\">\n<figure class=\"wp-block-image size-full\"><a href=\"https:\/\/agence-france.fr\/wp-content\/uploads\/2023\/07\/TondoTondo-Mirrors-02.jpeg\" target=\"_blank\" rel=\"noreferrer noopener\"><img decoding=\"async\" loading=\"lazy\" width=\"1000\" height=\"714\" src=\"https:\/\/agence-france.fr\/wp-content\/uploads\/2023\/07\/TondoTondo-Mirrors-02.jpeg\" alt=\"\" class=\"wp-image-2456\" srcset=\"https:\/\/agence-france.fr\/wp-content\/uploads\/2023\/07\/TondoTondo-Mirrors-02.jpeg 1000w, https:\/\/agence-france.fr\/wp-content\/uploads\/2023\/07\/TondoTondo-Mirrors-02-300x214.jpeg 300w, https:\/\/agence-france.fr\/wp-content\/uploads\/2023\/07\/TondoTondo-Mirrors-02-768x548.jpeg 768w\" sizes=\"(max-width: 1000px) 100vw, 1000px\" \/><\/a><\/figure>\n<\/div>\n\n\n\n<div class=\"wp-block-uagb-container uagb-block-5f26d030\">\n<figure class=\"wp-block-image size-large\"><a href=\"https:\/\/agence-france.fr\/wp-content\/uploads\/2023\/07\/mirror-tondo-80_IR_7.jpg\" target=\"_blank\" rel=\"noreferrer noopener\"><img decoding=\"async\" loading=\"lazy\" width=\"1024\" height=\"770\" src=\"https:\/\/agence-france.fr\/wp-content\/uploads\/2023\/07\/mirror-tondo-80_IR_7-1024x770.jpg\" alt=\"\" class=\"wp-image-2460\" srcset=\"https:\/\/agence-france.fr\/wp-content\/uploads\/2023\/07\/mirror-tondo-80_IR_7-1024x770.jpg 1024w, https:\/\/agence-france.fr\/wp-content\/uploads\/2023\/07\/mirror-tondo-80_IR_7-300x226.jpg 300w, https:\/\/agence-france.fr\/wp-content\/uploads\/2023\/07\/mirror-tondo-80_IR_7-768x577.jpg 768w, https:\/\/agence-france.fr\/wp-content\/uploads\/2023\/07\/mirror-tondo-80_IR_7-1536x1155.jpg 1536w, https:\/\/agence-france.fr\/wp-content\/uploads\/2023\/07\/mirror-tondo-80_IR_7.jpg 1600w\" sizes=\"(max-width: 1024px) 100vw, 1024px\" \/><\/a><\/figure>\n<\/div>\n\n\n\n<div class=\"wp-block-uagb-container uagb-block-53bb033a\">\n<figure class=\"wp-block-image size-large\"><a href=\"https:\/\/agence-france.fr\/wp-content\/uploads\/2023\/07\/mirror-tondo-80_IR_6.jpg\" target=\"_blank\" rel=\"noreferrer noopener\"><img decoding=\"async\" loading=\"lazy\" width=\"1024\" height=\"770\" src=\"https:\/\/agence-france.fr\/wp-content\/uploads\/2023\/07\/mirror-tondo-80_IR_6-1024x770.jpg\" alt=\"\" class=\"wp-image-2459\" srcset=\"https:\/\/agence-france.fr\/wp-content\/uploads\/2023\/07\/mirror-tondo-80_IR_6-1024x770.jpg 1024w, https:\/\/agence-france.fr\/wp-content\/uploads\/2023\/07\/mirror-tondo-80_IR_6-300x226.jpg 300w, https:\/\/agence-france.fr\/wp-content\/uploads\/2023\/07\/mirror-tondo-80_IR_6-768x577.jpg 768w, https:\/\/agence-france.fr\/wp-content\/uploads\/2023\/07\/mirror-tondo-80_IR_6-1536x1155.jpg 1536w, https:\/\/agence-france.fr\/wp-content\/uploads\/2023\/07\/mirror-tondo-80_IR_6.jpg 1600w\" sizes=\"(max-width: 1024px) 100vw, 1024px\" \/><\/a><\/figure>\n<\/div>\n\n\n\n<div class=\"wp-block-uagb-container uagb-block-a936c95a\">\n<figure class=\"wp-block-image size-large\"><a href=\"https:\/\/agence-france.fr\/wp-content\/uploads\/2023\/07\/mirror-tondo-80_IR_2.jpg\" target=\"_blank\" rel=\"noreferrer noopener\"><img decoding=\"async\" loading=\"lazy\" width=\"1024\" height=\"770\" src=\"https:\/\/agence-france.fr\/wp-content\/uploads\/2023\/07\/mirror-tondo-80_IR_2-1024x770.jpg\" alt=\"\" class=\"wp-image-2461\" srcset=\"https:\/\/agence-france.fr\/wp-content\/uploads\/2023\/07\/mirror-tondo-80_IR_2-1024x770.jpg 1024w, https:\/\/agence-france.fr\/wp-content\/uploads\/2023\/07\/mirror-tondo-80_IR_2-300x226.jpg 300w, https:\/\/agence-france.fr\/wp-content\/uploads\/2023\/07\/mirror-tondo-80_IR_2-768x577.jpg 768w, https:\/\/agence-france.fr\/wp-content\/uploads\/2023\/07\/mirror-tondo-80_IR_2-1536x1155.jpg 1536w, https:\/\/agence-france.fr\/wp-content\/uploads\/2023\/07\/mirror-tondo-80_IR_2.jpg 1600w\" sizes=\"(max-width: 1024px) 100vw, 1024px\" \/><\/a><\/figure>\n<\/div>\n<\/div><\/div>\n\n\n\n<p>Le miroir Tondo d&#8217;Eumar rond et \u00e9clair\u00e9 en LED au design sobre et accueillant. <\/p>\n\n\n\n<p>Disponible en diam\u00e8tre 51, 61, 80cm. <\/p>\n\n\n\n<h2 class=\"wp-block-heading\">Catalogue<\/h2>\n\n\n\n<div class=\"wp-block-uagb-container uagb-block-ff9c7b92 alignfull uagb-is-root-container\"><div class=\"uagb-container-inner-blocks-wrap\">\n<div class=\"wp-block-uagb-container uagb-block-78542e63\">\n<figure class=\"wp-block-image size-full\"><a href=\"https:\/\/drive.google.com\/file\/d\/12ilBFnKK2jtccxEj36EsG4h9aTGSEkxY\/view?usp=sharing\" target=\"_blank\" rel=\"noreferrer noopener\"><img decoding=\"async\" loading=\"lazy\" width=\"474\" height=\"648\" src=\"https:\/\/agence-france.fr\/wp-content\/uploads\/2023\/07\/front-catalogue-et-listye-de-prix-eumar-7.png\" alt=\"\" class=\"wp-image-2463\" srcset=\"https:\/\/agence-france.fr\/wp-content\/uploads\/2023\/07\/front-catalogue-et-listye-de-prix-eumar-7.png 474w, https:\/\/agence-france.fr\/wp-content\/uploads\/2023\/07\/front-catalogue-et-listye-de-prix-eumar-7-219x300.png 219w\" sizes=\"(max-width: 474px) 100vw, 474px\" \/><\/a><\/figure>\n<\/div>\n\n\n\n<div class=\"wp-block-uagb-container uagb-block-8f2432b6\"><style>.wp-block-kadence-iconlist.kt-svg-icon-list-items_96e823-4d ul.kt-svg-icon-list:not(.this-prevents-issues):not(.this-stops-third-party-issues):not(.tijsloc){margin-top:0px;margin-right:0px;margin-bottom:var(--global-kb-spacing-sm, 1.5rem);margin-left:0px;}.wp-block-kadence-iconlist.kt-svg-icon-list-items_96e823-4d ul.kt-svg-icon-list{grid-row-gap:5px;}.wp-block-kadence-iconlist.kt-svg-icon-list-items_96e823-4d ul.kt-svg-icon-list .kt-svg-icon-list-item-wrap .kt-svg-icon-list-single{margin-right:10px;}.kt-svg-icon-list-items_96e823-4d ul.kt-svg-icon-list .kt-svg-icon-list-level-0 .kt-svg-icon-list-single svg{font-size:20px;}@media all and (max-width: 1024px){.wp-block-kadence-iconlist.kt-svg-icon-list-items_96e823-4d ul.kt-svg-icon-list{grid-row-gap:5px;}}@media all and (max-width: 767px){.wp-block-kadence-iconlist.kt-svg-icon-list-items_96e823-4d ul.kt-svg-icon-list{grid-row-gap:5px;}}<\/style>\n<div class=\"wp-block-kadence-iconlist kt-svg-icon-list-items kt-svg-icon-list-items_96e823-4d kt-svg-icon-list-columns-1 alignnone\"><ul class=\"kt-svg-icon-list\">\n<li class=\"wp-block-kadence-listitem kt-svg-icon-list-item-wrap kt-svg-icon-list-item-_7594b2-cd\"><span class=\"kb-svg-icon-wrap kb-svg-icon-fe_arrowLeft kt-svg-icon-list-single\"><svg viewBox=\"0 0 24 24\"  fill=\"none\" stroke=\"currentColor\" stroke-width=\"2\" stroke-linecap=\"round\" stroke-linejoin=\"round\" xmlns=\"http:\/\/www.w3.org\/2000\/svg\" ><line x1=\"19\" y1=\"12\" x2=\"5\" y2=\"12\"\/><polyline points=\"12 19 5 12 12 5\"\/><\/svg><\/span><span class=\"kt-svg-icon-list-text\">p133-134<\/span><\/li>\n<\/ul><\/div>\n<\/div>\n\n\n\n<div class=\"wp-block-uagb-container uagb-block-a6487136\"><\/div>\n\n\n\n<div class=\"wp-block-uagb-container uagb-block-15d5d77b\"><\/div>\n\n\n\n<div class=\"wp-block-uagb-container uagb-block-e0ca5900\"><\/div>\n<\/div><\/div>\n\n\n\n<h2 class=\"wp-block-heading\">Navigation<\/h2>\n\n\n\n<div class=\"wp-block-uagb-container uagb-block-94608c31 alignfull uagb-is-root-container\"><div class=\"uagb-container-inner-blocks-wrap\">\n<div class=\"wp-block-uagb-container uagb-block-d10c97f0\">\n<figure class=\"wp-block-image size-large\"><a href=\"https:\/\/agence-france.fr\/index.php\/nos-marques-eumar\/\"><img decoding=\"async\" loading=\"lazy\" width=\"724\" height=\"1024\" src=\"https:\/\/agence-france.fr\/wp-content\/uploads\/2023\/07\/Galerie-Eumar-9-724x1024.png\" alt=\"\" class=\"wp-image-2464\" srcset=\"https:\/\/agence-france.fr\/wp-content\/uploads\/2023\/07\/Galerie-Eumar-9-724x1024.png 724w, https:\/\/agence-france.fr\/wp-content\/uploads\/2023\/07\/Galerie-Eumar-9-212x300.png 212w, https:\/\/agence-france.fr\/wp-content\/uploads\/2023\/07\/Galerie-Eumar-9-768x1086.png 768w, https:\/\/agence-france.fr\/wp-content\/uploads\/2023\/07\/Galerie-Eumar-9-1086x1536.png 1086w, https:\/\/agence-france.fr\/wp-content\/uploads\/2023\/07\/Galerie-Eumar-9.png 1414w\" sizes=\"(max-width: 724px) 100vw, 724px\" \/><\/a><\/figure>\n<\/div>\n\n\n\n<div class=\"wp-block-uagb-container uagb-block-e7a73937\"><\/div>\n\n\n\n<div class=\"wp-block-uagb-container uagb-block-73efbc51\"><\/div>\n\n\n\n<div class=\"wp-block-uagb-container uagb-block-6d25aa4b\"><\/div>\n\n\n\n<div class=\"wp-block-uagb-container uagb-block-17dfbca7\">\n<figure class=\"wp-block-image size-large\"><a href=\"https:\/\/agence-france.fr\/index.php\/nos-produits\/\"><img decoding=\"async\" loading=\"lazy\" width=\"724\" height=\"1024\" src=\"https:\/\/agence-france.fr\/wp-content\/uploads\/2023\/07\/clic-retour-nos-produits-5-724x1024.png\" alt=\"\" class=\"wp-image-2422\" srcset=\"https:\/\/agence-france.fr\/wp-content\/uploads\/2023\/07\/clic-retour-nos-produits-5-724x1024.png 724w, https:\/\/agence-france.fr\/wp-content\/uploads\/2023\/07\/clic-retour-nos-produits-5-212x300.png 212w, https:\/\/agence-france.fr\/wp-content\/uploads\/2023\/07\/clic-retour-nos-produits-5-768x1086.png 768w, https:\/\/agence-france.fr\/wp-content\/uploads\/2023\/07\/clic-retour-nos-produits-5-1086x1536.png 1086w, https:\/\/agence-france.fr\/wp-content\/uploads\/2023\/07\/clic-retour-nos-produits-5.png 1414w\" sizes=\"(max-width: 724px) 100vw, 724px\" \/><\/a><\/figure>\n<\/div>\n<\/div><\/div>\n","protected":false},"excerpt":{"rendered":"<p>Le miroir Tondo d&#8217;Eumar rond et \u00e9clair\u00e9 en LED au design sobre et accueillant. Disponible en diam\u00e8tre 51, 61, 80cm. Catalogue Navigation<\/p>\n","protected":false},"author":1,"featured_media":0,"parent":0,"menu_order":0,"comment_status":"closed","ping_status":"closed","template":"","meta":{"om_disable_all_campaigns":false,"_uag_custom_page_level_css":"","_monsterinsights_skip_tracking":false,"_monsterinsights_sitenote_active":false,"_monsterinsights_sitenote_note":"","_monsterinsights_sitenote_category":0},"aioseo_notices":[],"uagb_featured_image_src":{"full":false,"thumbnail":false,"medium":false,"medium_large":false,"large":false,"1536x1536":false,"2048x2048":false},"uagb_author_info":{"display_name":"pbc","author_link":"https:\/\/agence-france.fr\/index.php\/author\/p-boissonnade\/"},"uagb_comment_info":0,"uagb_excerpt":"Le miroir Tondo d&#8217;Eumar rond et \u00e9clair\u00e9 en LED au design sobre et accueillant. Disponible en diam\u00e8tre 51, 61, 80cm. Catalogue Navigation","_links":{"self":[{"href":"https:\/\/agence-france.fr\/index.php\/wp-json\/wp\/v2\/pages\/2437"}],"collection":[{"href":"https:\/\/agence-france.fr\/index.php\/wp-json\/wp\/v2\/pages"}],"about":[{"href":"https:\/\/agence-france.fr\/index.php\/wp-json\/wp\/v2\/types\/page"}],"author":[{"embeddable":true,"href":"https:\/\/agence-france.fr\/index.php\/wp-json\/wp\/v2\/users\/1"}],"replies":[{"embeddable":true,"href":"https:\/\/agence-france.fr\/index.php\/wp-json\/wp\/v2\/comments?post=2437"}],"version-history":[{"count":2,"href":"https:\/\/agence-france.fr\/index.php\/wp-json\/wp\/v2\/pages\/2437\/revisions"}],"predecessor-version":[{"id":2469,"href":"https:\/\/agence-france.fr\/index.php\/wp-json\/wp\/v2\/pages\/2437\/revisions\/2469"}],"wp:attachment":[{"href":"https:\/\/agence-france.fr\/index.php\/wp-json\/wp\/v2\/media?parent=2437"}],"curies":[{"name":"wp","href":"https:\/\/api.w.org\/{rel}","templated":true}]}}