{"id":2436,"date":"2023-07-21T14:48:27","date_gmt":"2023-07-21T14:48:27","guid":{"rendered":"https:\/\/agence-france.fr\/?page_id=2436"},"modified":"2023-07-21T14:50:38","modified_gmt":"2023-07-21T14:50:38","slug":"nos-miroirs-miroir-ambi","status":"publish","type":"page","link":"https:\/\/agence-france.fr\/index.php\/nos-miroirs-miroir-ambi\/","title":{"rendered":"Nos miroirs &#8211; Miroir Ambi"},"content":{"rendered":"\n<p>Les miroirs muraux \u00e9clair\u00e9s par LED avec effet ambi-light sont id\u00e9aux si vous souhaitez ajouter une touche de style \u00e0 votre salle de bains. Les miroirs Ambi sont disponibles avec deux cot\u00e9s \u00e9clair\u00e9s ou les quatres.<\/p>\n\n\n\n<h2 class=\"wp-block-heading\">Ambi Due<\/h2>\n\n\n\n<div class=\"wp-block-uagb-container uagb-block-a4dd91d9 alignfull uagb-is-root-container\"><div class=\"uagb-container-inner-blocks-wrap\">\n<div class=\"wp-block-uagb-container uagb-block-3562b43f\">\n<figure class=\"wp-block-image size-full\"><a href=\"https:\/\/agence-france.fr\/wp-content\/uploads\/2023\/07\/mirror-ambi-due-140x80-901-1408-01-1024x770-2.png\" target=\"_blank\" rel=\"noreferrer noopener\"><img decoding=\"async\" loading=\"lazy\" width=\"1024\" height=\"770\" src=\"https:\/\/agence-france.fr\/wp-content\/uploads\/2023\/07\/mirror-ambi-due-140x80-901-1408-01-1024x770-2.png\" alt=\"\" class=\"wp-image-2446\" srcset=\"https:\/\/agence-france.fr\/wp-content\/uploads\/2023\/07\/mirror-ambi-due-140x80-901-1408-01-1024x770-2.png 1024w, https:\/\/agence-france.fr\/wp-content\/uploads\/2023\/07\/mirror-ambi-due-140x80-901-1408-01-1024x770-2-300x226.png 300w, https:\/\/agence-france.fr\/wp-content\/uploads\/2023\/07\/mirror-ambi-due-140x80-901-1408-01-1024x770-2-768x578.png 768w\" sizes=\"(max-width: 1024px) 100vw, 1024px\" \/><\/a><\/figure>\n<\/div>\n\n\n\n<div class=\"wp-block-uagb-container uagb-block-9edd1402\">\n<figure class=\"wp-block-image size-large\"><a href=\"https:\/\/agence-france.fr\/wp-content\/uploads\/2023\/07\/mirror-ambi-due_IR_3-1.jpg\" target=\"_blank\" rel=\"noreferrer noopener\"><img decoding=\"async\" loading=\"lazy\" width=\"1024\" height=\"770\" src=\"https:\/\/agence-france.fr\/wp-content\/uploads\/2023\/07\/mirror-ambi-due_IR_3-1-1024x770.jpg\" alt=\"\" class=\"wp-image-2447\" srcset=\"https:\/\/agence-france.fr\/wp-content\/uploads\/2023\/07\/mirror-ambi-due_IR_3-1-1024x770.jpg 1024w, https:\/\/agence-france.fr\/wp-content\/uploads\/2023\/07\/mirror-ambi-due_IR_3-1-300x226.jpg 300w, https:\/\/agence-france.fr\/wp-content\/uploads\/2023\/07\/mirror-ambi-due_IR_3-1-768x577.jpg 768w, https:\/\/agence-france.fr\/wp-content\/uploads\/2023\/07\/mirror-ambi-due_IR_3-1-1536x1155.jpg 1536w, https:\/\/agence-france.fr\/wp-content\/uploads\/2023\/07\/mirror-ambi-due_IR_3-1.jpg 1600w\" sizes=\"(max-width: 1024px) 100vw, 1024px\" \/><\/a><\/figure>\n<\/div>\n\n\n\n<div class=\"wp-block-uagb-container uagb-block-baaf6031\">\n<figure class=\"wp-block-image size-large\"><a href=\"https:\/\/agence-france.fr\/wp-content\/uploads\/2023\/07\/mirror-ambi-due_IR_1-1.jpg\" target=\"_blank\" rel=\"noreferrer noopener\"><img decoding=\"async\" loading=\"lazy\" width=\"1024\" height=\"770\" src=\"https:\/\/agence-france.fr\/wp-content\/uploads\/2023\/07\/mirror-ambi-due_IR_1-1-1024x770.jpg\" alt=\"\" class=\"wp-image-2448\" srcset=\"https:\/\/agence-france.fr\/wp-content\/uploads\/2023\/07\/mirror-ambi-due_IR_1-1-1024x770.jpg 1024w, https:\/\/agence-france.fr\/wp-content\/uploads\/2023\/07\/mirror-ambi-due_IR_1-1-300x226.jpg 300w, https:\/\/agence-france.fr\/wp-content\/uploads\/2023\/07\/mirror-ambi-due_IR_1-1-768x577.jpg 768w, https:\/\/agence-france.fr\/wp-content\/uploads\/2023\/07\/mirror-ambi-due_IR_1-1-1536x1155.jpg 1536w, https:\/\/agence-france.fr\/wp-content\/uploads\/2023\/07\/mirror-ambi-due_IR_1-1.jpg 1600w\" sizes=\"(max-width: 1024px) 100vw, 1024px\" \/><\/a><\/figure>\n<\/div>\n<\/div><\/div>\n\n\n\n<h2 class=\"wp-block-heading\">Ambi Quatro<\/h2>\n\n\n\n<div class=\"wp-block-uagb-container uagb-block-d14a6528 alignfull uagb-is-root-container\"><div class=\"uagb-container-inner-blocks-wrap\">\n<div class=\"wp-block-uagb-container uagb-block-a1f06f76\">\n<figure class=\"wp-block-image size-large\"><a href=\"https:\/\/agence-france.fr\/wp-content\/uploads\/2023\/07\/mirror-ambi-quatro_IR_3.jpg\" target=\"_blank\" rel=\"noreferrer noopener\"><img decoding=\"async\" loading=\"lazy\" width=\"1024\" height=\"770\" src=\"https:\/\/agence-france.fr\/wp-content\/uploads\/2023\/07\/mirror-ambi-quatro_IR_3-1024x770.jpg\" alt=\"\" class=\"wp-image-2449\" srcset=\"https:\/\/agence-france.fr\/wp-content\/uploads\/2023\/07\/mirror-ambi-quatro_IR_3-1024x770.jpg 1024w, https:\/\/agence-france.fr\/wp-content\/uploads\/2023\/07\/mirror-ambi-quatro_IR_3-300x226.jpg 300w, https:\/\/agence-france.fr\/wp-content\/uploads\/2023\/07\/mirror-ambi-quatro_IR_3-768x577.jpg 768w, https:\/\/agence-france.fr\/wp-content\/uploads\/2023\/07\/mirror-ambi-quatro_IR_3-1536x1155.jpg 1536w, https:\/\/agence-france.fr\/wp-content\/uploads\/2023\/07\/mirror-ambi-quatro_IR_3.jpg 1600w\" sizes=\"(max-width: 1024px) 100vw, 1024px\" \/><\/a><\/figure>\n<\/div>\n\n\n\n<div class=\"wp-block-uagb-container uagb-block-62c757fe\">\n<figure class=\"wp-block-image size-large\"><a href=\"https:\/\/agence-france.fr\/wp-content\/uploads\/2023\/07\/mirror-ambi-quatro_IR_4.jpg\" target=\"_blank\" rel=\"noreferrer noopener\"><img decoding=\"async\" loading=\"lazy\" width=\"1024\" height=\"770\" src=\"https:\/\/agence-france.fr\/wp-content\/uploads\/2023\/07\/mirror-ambi-quatro_IR_4-1024x770.jpg\" alt=\"\" class=\"wp-image-2450\" srcset=\"https:\/\/agence-france.fr\/wp-content\/uploads\/2023\/07\/mirror-ambi-quatro_IR_4-1024x770.jpg 1024w, https:\/\/agence-france.fr\/wp-content\/uploads\/2023\/07\/mirror-ambi-quatro_IR_4-300x226.jpg 300w, https:\/\/agence-france.fr\/wp-content\/uploads\/2023\/07\/mirror-ambi-quatro_IR_4-768x577.jpg 768w, https:\/\/agence-france.fr\/wp-content\/uploads\/2023\/07\/mirror-ambi-quatro_IR_4-1536x1155.jpg 1536w, https:\/\/agence-france.fr\/wp-content\/uploads\/2023\/07\/mirror-ambi-quatro_IR_4.jpg 1600w\" sizes=\"(max-width: 1024px) 100vw, 1024px\" \/><\/a><\/figure>\n<\/div>\n\n\n\n<div class=\"wp-block-uagb-container uagb-block-43c0d692\">\n<figure class=\"wp-block-image size-large\"><a href=\"https:\/\/agence-france.fr\/wp-content\/uploads\/2023\/07\/mirror-ambi-quatro_IR_2.jpg\" target=\"_blank\" rel=\"noreferrer noopener\"><img decoding=\"async\" loading=\"lazy\" width=\"1024\" height=\"770\" src=\"https:\/\/agence-france.fr\/wp-content\/uploads\/2023\/07\/mirror-ambi-quatro_IR_2-1024x770.jpg\" alt=\"\" class=\"wp-image-2452\" srcset=\"https:\/\/agence-france.fr\/wp-content\/uploads\/2023\/07\/mirror-ambi-quatro_IR_2-1024x770.jpg 1024w, https:\/\/agence-france.fr\/wp-content\/uploads\/2023\/07\/mirror-ambi-quatro_IR_2-300x226.jpg 300w, https:\/\/agence-france.fr\/wp-content\/uploads\/2023\/07\/mirror-ambi-quatro_IR_2-768x577.jpg 768w, https:\/\/agence-france.fr\/wp-content\/uploads\/2023\/07\/mirror-ambi-quatro_IR_2-1536x1155.jpg 1536w, https:\/\/agence-france.fr\/wp-content\/uploads\/2023\/07\/mirror-ambi-quatro_IR_2.jpg 1600w\" sizes=\"(max-width: 1024px) 100vw, 1024px\" \/><\/a><\/figure>\n<\/div>\n<\/div><\/div>\n\n\n\n<p><em>Les deux mod\u00e8les sont disponibles en dimensions 120&#215;80 ou en 140&#215;80<\/em><\/p>\n\n\n\n<h2 class=\"wp-block-heading\">Catalogue<\/h2>\n\n\n\n<div class=\"wp-block-uagb-container uagb-block-9bb04f90 alignfull uagb-is-root-container\"><div class=\"uagb-container-inner-blocks-wrap\">\n<div class=\"wp-block-uagb-container uagb-block-1e35f97f\">\n<figure class=\"wp-block-image size-full\"><a href=\"https:\/\/drive.google.com\/file\/d\/12ilBFnKK2jtccxEj36EsG4h9aTGSEkxY\/view?usp=sharing\" target=\"_blank\" rel=\"noreferrer noopener\"><img decoding=\"async\" loading=\"lazy\" width=\"474\" height=\"648\" src=\"https:\/\/agence-france.fr\/wp-content\/uploads\/2023\/07\/front-catalogue-et-listye-de-prix-eumar-6.png\" alt=\"\" class=\"wp-image-2453\" srcset=\"https:\/\/agence-france.fr\/wp-content\/uploads\/2023\/07\/front-catalogue-et-listye-de-prix-eumar-6.png 474w, https:\/\/agence-france.fr\/wp-content\/uploads\/2023\/07\/front-catalogue-et-listye-de-prix-eumar-6-219x300.png 219w\" sizes=\"(max-width: 474px) 100vw, 474px\" \/><\/a><\/figure>\n<\/div>\n\n\n\n<div class=\"wp-block-uagb-container uagb-block-4450ce02\"><style>.wp-block-kadence-iconlist.kt-svg-icon-list-items_8e2267-21 ul.kt-svg-icon-list:not(.this-prevents-issues):not(.this-stops-third-party-issues):not(.tijsloc){margin-top:0px;margin-right:0px;margin-bottom:var(--global-kb-spacing-sm, 1.5rem);margin-left:0px;}.wp-block-kadence-iconlist.kt-svg-icon-list-items_8e2267-21 ul.kt-svg-icon-list{grid-row-gap:5px;}.wp-block-kadence-iconlist.kt-svg-icon-list-items_8e2267-21 ul.kt-svg-icon-list .kt-svg-icon-list-item-wrap .kt-svg-icon-list-single{margin-right:10px;}.kt-svg-icon-list-items_8e2267-21 ul.kt-svg-icon-list .kt-svg-icon-list-level-0 .kt-svg-icon-list-single svg{font-size:20px;}@media all and (max-width: 1024px){.wp-block-kadence-iconlist.kt-svg-icon-list-items_8e2267-21 ul.kt-svg-icon-list{grid-row-gap:5px;}}@media all and (max-width: 767px){.wp-block-kadence-iconlist.kt-svg-icon-list-items_8e2267-21 ul.kt-svg-icon-list{grid-row-gap:5px;}}<\/style>\n<div class=\"wp-block-kadence-iconlist kt-svg-icon-list-items kt-svg-icon-list-items_8e2267-21 kt-svg-icon-list-columns-1 alignnone\"><ul class=\"kt-svg-icon-list\">\n<li class=\"wp-block-kadence-listitem kt-svg-icon-list-item-wrap kt-svg-icon-list-item-_f3998e-56\"><span class=\"kb-svg-icon-wrap kb-svg-icon-fe_arrowLeft kt-svg-icon-list-single\"><svg viewBox=\"0 0 24 24\"  fill=\"none\" stroke=\"currentColor\" stroke-width=\"2\" stroke-linecap=\"round\" stroke-linejoin=\"round\" xmlns=\"http:\/\/www.w3.org\/2000\/svg\" ><line x1=\"19\" y1=\"12\" x2=\"5\" y2=\"12\"\/><polyline points=\"12 19 5 12 12 5\"\/><\/svg><\/span><span class=\"kt-svg-icon-list-text\">p.134<\/span><\/li>\n<\/ul><\/div>\n<\/div>\n\n\n\n<div class=\"wp-block-uagb-container uagb-block-82767847\"><\/div>\n\n\n\n<div class=\"wp-block-uagb-container uagb-block-6c028aff\"><\/div>\n\n\n\n<div class=\"wp-block-uagb-container uagb-block-b6cf158a\"><\/div>\n<\/div><\/div>\n\n\n\n<h2 class=\"wp-block-heading\">Navigation<\/h2>\n\n\n\n<div class=\"wp-block-uagb-container uagb-block-14b05872 alignfull uagb-is-root-container\"><div class=\"uagb-container-inner-blocks-wrap\">\n<div class=\"wp-block-uagb-container uagb-block-3293f452\">\n<figure class=\"wp-block-image size-large\"><a href=\"https:\/\/agence-france.fr\/index.php\/nos-marques-eumar\/\"><img decoding=\"async\" loading=\"lazy\" width=\"724\" height=\"1024\" src=\"https:\/\/agence-france.fr\/wp-content\/uploads\/2023\/07\/Galerie-Eumar-8-724x1024.png\" alt=\"\" class=\"wp-image-2454\" srcset=\"https:\/\/agence-france.fr\/wp-content\/uploads\/2023\/07\/Galerie-Eumar-8-724x1024.png 724w, https:\/\/agence-france.fr\/wp-content\/uploads\/2023\/07\/Galerie-Eumar-8-212x300.png 212w, https:\/\/agence-france.fr\/wp-content\/uploads\/2023\/07\/Galerie-Eumar-8-768x1086.png 768w, https:\/\/agence-france.fr\/wp-content\/uploads\/2023\/07\/Galerie-Eumar-8-1086x1536.png 1086w, https:\/\/agence-france.fr\/wp-content\/uploads\/2023\/07\/Galerie-Eumar-8.png 1414w\" sizes=\"(max-width: 724px) 100vw, 724px\" \/><\/a><\/figure>\n<\/div>\n\n\n\n<div class=\"wp-block-uagb-container uagb-block-21be32ad\"><\/div>\n\n\n\n<div class=\"wp-block-uagb-container uagb-block-2986f2a1\"><\/div>\n\n\n\n<div class=\"wp-block-uagb-container uagb-block-856afa5e\"><\/div>\n\n\n\n<div class=\"wp-block-uagb-container uagb-block-5535042d\">\n<figure class=\"wp-block-image size-large\"><a href=\"https:\/\/agence-france.fr\/index.php\/nos-produits\/\"><img decoding=\"async\" loading=\"lazy\" width=\"724\" height=\"1024\" src=\"https:\/\/agence-france.fr\/wp-content\/uploads\/2023\/07\/clic-retour-nos-produits-7-724x1024.png\" alt=\"\" class=\"wp-image-2455\" srcset=\"https:\/\/agence-france.fr\/wp-content\/uploads\/2023\/07\/clic-retour-nos-produits-7-724x1024.png 724w, https:\/\/agence-france.fr\/wp-content\/uploads\/2023\/07\/clic-retour-nos-produits-7-212x300.png 212w, https:\/\/agence-france.fr\/wp-content\/uploads\/2023\/07\/clic-retour-nos-produits-7-768x1086.png 768w, https:\/\/agence-france.fr\/wp-content\/uploads\/2023\/07\/clic-retour-nos-produits-7-1086x1536.png 1086w, https:\/\/agence-france.fr\/wp-content\/uploads\/2023\/07\/clic-retour-nos-produits-7.png 1414w\" sizes=\"(max-width: 724px) 100vw, 724px\" \/><\/a><\/figure>\n<\/div>\n<\/div><\/div>\n","protected":false},"excerpt":{"rendered":"<p>Les miroirs muraux \u00e9clair\u00e9s par LED avec effet ambi-light sont id\u00e9aux si vous souhaitez ajouter une touche de style \u00e0 votre salle de bains. Les miroirs Ambi sont disponibles avec deux cot\u00e9s \u00e9clair\u00e9s ou les quatres. Ambi Due Ambi Quatro Les deux mod\u00e8les sont disponibles en dimensions 120&#215;80 ou en 140&#215;80 Catalogue Navigation<\/p>\n","protected":false},"author":1,"featured_media":0,"parent":0,"menu_order":0,"comment_status":"closed","ping_status":"closed","template":"","meta":{"om_disable_all_campaigns":false,"_uag_custom_page_level_css":"","_monsterinsights_skip_tracking":false,"_monsterinsights_sitenote_active":false,"_monsterinsights_sitenote_note":"","_monsterinsights_sitenote_category":0},"aioseo_notices":[],"uagb_featured_image_src":{"full":false,"thumbnail":false,"medium":false,"medium_large":false,"large":false,"1536x1536":false,"2048x2048":false},"uagb_author_info":{"display_name":"pbc","author_link":"https:\/\/agence-france.fr\/index.php\/author\/p-boissonnade\/"},"uagb_comment_info":0,"uagb_excerpt":"Les miroirs muraux \u00e9clair\u00e9s par LED avec effet ambi-light sont id\u00e9aux si vous souhaitez ajouter une touche de style \u00e0 votre salle de bains. Les miroirs Ambi sont disponibles avec deux cot\u00e9s \u00e9clair\u00e9s ou les quatres. Ambi Due Ambi Quatro Les deux mod\u00e8les sont disponibles en dimensions 120&#215;80 ou en 140&#215;80 Catalogue Navigation","_links":{"self":[{"href":"https:\/\/agence-france.fr\/index.php\/wp-json\/wp\/v2\/pages\/2436"}],"collection":[{"href":"https:\/\/agence-france.fr\/index.php\/wp-json\/wp\/v2\/pages"}],"about":[{"href":"https:\/\/agence-france.fr\/index.php\/wp-json\/wp\/v2\/types\/page"}],"author":[{"embeddable":true,"href":"https:\/\/agence-france.fr\/index.php\/wp-json\/wp\/v2\/users\/1"}],"replies":[{"embeddable":true,"href":"https:\/\/agence-france.fr\/index.php\/wp-json\/wp\/v2\/comments?post=2436"}],"version-history":[{"count":1,"href":"https:\/\/agence-france.fr\/index.php\/wp-json\/wp\/v2\/pages\/2436\/revisions"}],"predecessor-version":[{"id":2466,"href":"https:\/\/agence-france.fr\/index.php\/wp-json\/wp\/v2\/pages\/2436\/revisions\/2466"}],"wp:attachment":[{"href":"https:\/\/agence-france.fr\/index.php\/wp-json\/wp\/v2\/media?parent=2436"}],"curies":[{"name":"wp","href":"https:\/\/api.w.org\/{rel}","templated":true}]}}