{"id":2433,"date":"2023-07-21T14:26:31","date_gmt":"2023-07-21T14:26:31","guid":{"rendered":"https:\/\/agence-france.fr\/?page_id=2433"},"modified":"2023-08-10T09:08:53","modified_gmt":"2023-08-10T09:08:53","slug":"nos-produits-miroirs-avec-eclairage","status":"publish","type":"page","link":"https:\/\/agence-france.fr\/index.php\/nos-produits-miroirs-avec-eclairage\/","title":{"rendered":"Nos produits &#8211; Miroirs avec \u00e9clairage"},"content":{"rendered":"\n<hr class=\"wp-block-separator has-alpha-channel-opacity\"\/>\n\n\n\n<p>Les miroirs avec \u00e9clairage sont des accessoires pratiques et esth\u00e9tiques qui apportent une touche de modernit\u00e9 \u00e0 n&#8217;importe quelle pi\u00e8ce, qu&#8217;il s&#8217;agisse d&#8217;une salle de bains, d&#8217;une chambre ou d&#8217;un espace de maquillage. Ces miroirs sont \u00e9quip\u00e9s de lumi\u00e8res int\u00e9gr\u00e9es, g\u00e9n\u00e9ralement des LED, qui offrent un \u00e9clairage doux et bien r\u00e9parti autour du miroir.<\/p>\n\n\n\n<hr class=\"wp-block-separator has-alpha-channel-opacity\"\/>\n\n\n\t\t\t\t\t<div\n\t\t\t\t\t\tclass=\"wp-block-uagb-image-gallery uagb-block-a39fa842     \"\n\t\t\t\t\t\tstyle=\"\"\n\t\t\t\t\t>\n\t\t\t\t\t\t\t\t\t\t\t<div class=\"spectra-image-gallery spectra-image-gallery__layout--grid spectra-image-gallery__layout--grid-col-3 spectra-image-gallery__layout--grid-col-tab-3 spectra-image-gallery__layout--grid-col-mob-2\">\n\t\t\t\t\t\t\t\t\t\t\t<div class='spectra-image-gallery__media-wrapper' data-spectra-gallery-image-id='2459'>\n\t\t\t\t\t\t\t<div class=\"spectra-image-gallery__media spectra-image-gallery__media--grid\">\n\t\t\t\t<picture>\n\t\t\t\t\t<source media=\"(min-width: 1024px)\" srcset=\"https:\/\/agence-france.fr\/wp-content\/uploads\/2023\/07\/mirror-tondo-80_IR_6-1024x770.jpg\">\n\t\t\t\t\t<source media=\"(min-width: 768px)\" srcset=\"https:\/\/agence-france.fr\/wp-content\/uploads\/2023\/07\/mirror-tondo-80_IR_6-1024x770.jpg\">\n\t\t\t\t\t<img decoding=\"async\" class=\"spectra-image-gallery__media-thumbnail spectra-image-gallery__media-thumbnail--grid\" src=\"https:\/\/agence-france.fr\/wp-content\/uploads\/2023\/07\/mirror-tondo-80_IR_6-300x226.jpg\" alt=\"\" loading=\"lazy\" \/>\n\t\t\t\t<\/picture>\n\t\t\t\t<div class=\"spectra-image-gallery__media-thumbnail-blurrer\"><\/div>\n\t\t\t\t\t\t\t\t\t\t\t<div class=\"spectra-image-gallery__media-thumbnail-caption-wrapper spectra-image-gallery__media-thumbnail-caption-wrapper--overlay\">\n\t\t\t\t\t\t\t\t\t\t\t<div class=\"spectra-image-gallery__media-thumbnail-caption spectra-image-gallery__media-thumbnail-caption--overlay\">\n\t\t\t\t\tTondo\t\t\t\t<\/div>\n\t\t\t\t\t\t\t\t\t\t<\/div>\n\t\t\t\t\t\t\t\t\t<\/div>\n\t\t\t\t\t\t<\/div>\n\t\t\t\t\t\t<div class='spectra-image-gallery__media-wrapper' data-spectra-gallery-image-id='2452'>\n\t\t\t\t\t\t\t<div class=\"spectra-image-gallery__media spectra-image-gallery__media--grid\">\n\t\t\t\t<picture>\n\t\t\t\t\t<source media=\"(min-width: 1024px)\" srcset=\"https:\/\/agence-france.fr\/wp-content\/uploads\/2023\/07\/mirror-ambi-quatro_IR_2-1024x770.jpg\">\n\t\t\t\t\t<source media=\"(min-width: 768px)\" srcset=\"https:\/\/agence-france.fr\/wp-content\/uploads\/2023\/07\/mirror-ambi-quatro_IR_2-1024x770.jpg\">\n\t\t\t\t\t<img decoding=\"async\" class=\"spectra-image-gallery__media-thumbnail spectra-image-gallery__media-thumbnail--grid\" src=\"https:\/\/agence-france.fr\/wp-content\/uploads\/2023\/07\/mirror-ambi-quatro_IR_2-300x226.jpg\" alt=\"\" loading=\"lazy\" \/>\n\t\t\t\t<\/picture>\n\t\t\t\t<div class=\"spectra-image-gallery__media-thumbnail-blurrer\"><\/div>\n\t\t\t\t\t\t\t\t\t\t\t<div class=\"spectra-image-gallery__media-thumbnail-caption-wrapper spectra-image-gallery__media-thumbnail-caption-wrapper--overlay\">\n\t\t\t\t\t\t\t\t\t\t\t<div class=\"spectra-image-gallery__media-thumbnail-caption spectra-image-gallery__media-thumbnail-caption--overlay\">\n\t\t\t\t\tAmbi\t\t\t\t<\/div>\n\t\t\t\t\t\t\t\t\t\t<\/div>\n\t\t\t\t\t\t\t\t\t<\/div>\n\t\t\t\t\t\t<\/div>\n\t\t\t\t\t\t<div class='spectra-image-gallery__media-wrapper' data-spectra-gallery-image-id='2417'>\n\t\t\t\t\t\t\t<div class=\"spectra-image-gallery__media spectra-image-gallery__media--grid\">\n\t\t\t\t<picture>\n\t\t\t\t\t<source media=\"(min-width: 1024px)\" srcset=\"https:\/\/agence-france.fr\/wp-content\/uploads\/2023\/07\/miroir-shelf-geromin.png\">\n\t\t\t\t\t<source media=\"(min-width: 768px)\" srcset=\"https:\/\/agence-france.fr\/wp-content\/uploads\/2023\/07\/miroir-shelf-geromin.png\">\n\t\t\t\t\t<img decoding=\"async\" class=\"spectra-image-gallery__media-thumbnail spectra-image-gallery__media-thumbnail--grid\" src=\"https:\/\/agence-france.fr\/wp-content\/uploads\/2023\/07\/miroir-shelf-geromin-300x279.png\" alt=\"\" loading=\"lazy\" \/>\n\t\t\t\t<\/picture>\n\t\t\t\t<div class=\"spectra-image-gallery__media-thumbnail-blurrer\"><\/div>\n\t\t\t\t\t\t\t\t\t\t\t<div class=\"spectra-image-gallery__media-thumbnail-caption-wrapper spectra-image-gallery__media-thumbnail-caption-wrapper--overlay\">\n\t\t\t\t\t\t\t\t\t\t\t<div class=\"spectra-image-gallery__media-thumbnail-caption spectra-image-gallery__media-thumbnail-caption--overlay\">\n\t\t\t\t\tShelf\t\t\t\t<\/div>\n\t\t\t\t\t\t\t\t\t\t<\/div>\n\t\t\t\t\t\t\t\t\t<\/div>\n\t\t\t\t\t\t<\/div>\n\t\t\t\t\t\t<div class='spectra-image-gallery__media-wrapper' data-spectra-gallery-image-id='2426'>\n\t\t\t\t\t\t\t<div class=\"spectra-image-gallery__media spectra-image-gallery__media--grid\">\n\t\t\t\t<picture>\n\t\t\t\t\t<source media=\"(min-width: 1024px)\" srcset=\"https:\/\/agence-france.fr\/wp-content\/uploads\/2023\/07\/649c119cbe7ea094688b4a1a.jpg\">\n\t\t\t\t\t<source media=\"(min-width: 768px)\" srcset=\"https:\/\/agence-france.fr\/wp-content\/uploads\/2023\/07\/649c119cbe7ea094688b4a1a.jpg\">\n\t\t\t\t\t<img decoding=\"async\" class=\"spectra-image-gallery__media-thumbnail spectra-image-gallery__media-thumbnail--grid\" src=\"https:\/\/agence-france.fr\/wp-content\/uploads\/2023\/07\/649c119cbe7ea094688b4a1a-300x300.jpg\" alt=\"\" loading=\"lazy\" \/>\n\t\t\t\t<\/picture>\n\t\t\t\t<div class=\"spectra-image-gallery__media-thumbnail-blurrer\"><\/div>\n\t\t\t\t\t\t\t\t\t\t\t<div class=\"spectra-image-gallery__media-thumbnail-caption-wrapper spectra-image-gallery__media-thumbnail-caption-wrapper--overlay\">\n\t\t\t\t\t\t\t\t\t\t\t<div class=\"spectra-image-gallery__media-thumbnail-caption spectra-image-gallery__media-thumbnail-caption--overlay\">\n\t\t\t\t\tDouble Light\t\t\t\t<\/div>\n\t\t\t\t\t\t\t\t\t\t<\/div>\n\t\t\t\t\t\t\t\t\t<\/div>\n\t\t\t\t\t\t<\/div>\n\t\t\t\t\t\t<div class='spectra-image-gallery__media-wrapper' data-spectra-gallery-image-id='2473'>\n\t\t\t\t\t\t\t<div class=\"spectra-image-gallery__media spectra-image-gallery__media--grid\">\n\t\t\t\t<picture>\n\t\t\t\t\t<source media=\"(min-width: 1024px)\" srcset=\"https:\/\/agence-france.fr\/wp-content\/uploads\/2023\/07\/bmb-nuxe.png\">\n\t\t\t\t\t<source media=\"(min-width: 768px)\" srcset=\"https:\/\/agence-france.fr\/wp-content\/uploads\/2023\/07\/bmb-nuxe.png\">\n\t\t\t\t\t<img decoding=\"async\" class=\"spectra-image-gallery__media-thumbnail spectra-image-gallery__media-thumbnail--grid\" src=\"https:\/\/agence-france.fr\/wp-content\/uploads\/2023\/07\/bmb-nuxe-242x300.png\" alt=\"\" loading=\"lazy\" \/>\n\t\t\t\t<\/picture>\n\t\t\t\t<div class=\"spectra-image-gallery__media-thumbnail-blurrer\"><\/div>\n\t\t\t\t\t\t\t\t\t\t\t<div class=\"spectra-image-gallery__media-thumbnail-caption-wrapper spectra-image-gallery__media-thumbnail-caption-wrapper--overlay\">\n\t\t\t\t\t\t\t\t\t\t\t<div class=\"spectra-image-gallery__media-thumbnail-caption spectra-image-gallery__media-thumbnail-caption--overlay\">\n\t\t\t\t\tNuxe\t\t\t\t<\/div>\n\t\t\t\t\t\t\t\t\t\t<\/div>\n\t\t\t\t\t\t\t\t\t<\/div>\n\t\t\t\t\t\t<\/div>\n\t\t\t\t\t\t<div class='spectra-image-gallery__media-wrapper' data-spectra-gallery-image-id='2474'>\n\t\t\t\t\t\t\t<div class=\"spectra-image-gallery__media spectra-image-gallery__media--grid\">\n\t\t\t\t<picture>\n\t\t\t\t\t<source media=\"(min-width: 1024px)\" srcset=\"https:\/\/agence-france.fr\/wp-content\/uploads\/2023\/07\/bmb-pure-1.png\">\n\t\t\t\t\t<source media=\"(min-width: 768px)\" srcset=\"https:\/\/agence-france.fr\/wp-content\/uploads\/2023\/07\/bmb-pure-1.png\">\n\t\t\t\t\t<img decoding=\"async\" class=\"spectra-image-gallery__media-thumbnail spectra-image-gallery__media-thumbnail--grid\" src=\"https:\/\/agence-france.fr\/wp-content\/uploads\/2023\/07\/bmb-pure-1-300x207.png\" alt=\"\" loading=\"lazy\" \/>\n\t\t\t\t<\/picture>\n\t\t\t\t<div class=\"spectra-image-gallery__media-thumbnail-blurrer\"><\/div>\n\t\t\t\t\t\t\t\t\t\t\t<div class=\"spectra-image-gallery__media-thumbnail-caption-wrapper spectra-image-gallery__media-thumbnail-caption-wrapper--overlay\">\n\t\t\t\t\t\t\t\t\t\t\t<div class=\"spectra-image-gallery__media-thumbnail-caption spectra-image-gallery__media-thumbnail-caption--overlay\">\n\t\t\t\t\tPure\t\t\t\t<\/div>\n\t\t\t\t\t\t\t\t\t\t<\/div>\n\t\t\t\t\t\t\t\t\t<\/div>\n\t\t\t\t\t\t<\/div>\n\t\t\t\t\t\t\t\t\t\t<\/div>\n\t\t\t\t\t\t\t\t\t\t\t\t\t\t\t\t\t\t<\/div>\n\t\t\t\t\t\t\t\t\t\n\n\n<h2 class=\"wp-block-heading\">Avantages: <\/h2>\n\n\n\n<ol>\n<li><strong>\u00c9clairage optimal <\/strong>: Les lumi\u00e8res int\u00e9gr\u00e9es garantissent un \u00e9clairage id\u00e9al pour les activit\u00e9s qui n\u00e9cessitent une visibilit\u00e9 claire et pr\u00e9cise, comme le maquillage, le rasage ou le soin du visage. Cela permet d&#8217;\u00e9viter les ombres ind\u00e9sirables qui peuvent \u00eatre cr\u00e9\u00e9es par un \u00e9clairage insuffisant.<\/li>\n\n\n\n<li><strong>Ambiance moderne <\/strong>: Les miroirs avec \u00e9clairage ajoutent une touche contemporaine \u00e0 tout espace. Leurs designs \u00e9l\u00e9gants et \u00e9pur\u00e9s s&#8217;int\u00e8grent parfaitement \u00e0 diff\u00e9rents styles de d\u00e9coration, cr\u00e9ant une ambiance moderne et sophistiqu\u00e9e.<\/li>\n\n\n\n<li><strong>Gain d&#8217;espace<\/strong> : Ces miroirs font souvent partie d&#8217;une solution tout-en-un, associant miroir et \u00e9clairage en un seul \u00e9l\u00e9ment. Cela permet de gagner de l&#8217;espace mural, ce qui est particuli\u00e8rement avantageux dans les petites salles de bains ou les espaces restreints.<\/li>\n\n\n\n<li><strong>\u00c9conomie d&#8217;\u00e9nergie <\/strong>: Les lumi\u00e8res LED utilis\u00e9es dans ces miroirs sont \u00e9co\u00e9nerg\u00e9tiques et consomment moins d&#8217;\u00e9lectricit\u00e9 que les ampoules traditionnelles. Cela se traduit par des \u00e9conomies d&#8217;\u00e9nergie sur le long terme.<\/li>\n\n\n\n<li><strong>Mise en valeur de la d\u00e9coration<\/strong> : Outre leur fonctionnalit\u00e9, ces miroirs sont \u00e9galement des \u00e9l\u00e9ments de d\u00e9coration \u00e0 part enti\u00e8re. Ils peuvent \u00eatre \u00e9quip\u00e9s de fonctionnalit\u00e9s suppl\u00e9mentaires, telles que des miroirs grossissants ou des capteurs de mouvement pour l&#8217;allumage automatique des lumi\u00e8res.<\/li>\n<\/ol>\n\n\n\n<h2 class=\"wp-block-heading\">S\u00e9lection de produits: <\/h2>\n\n\n\n<div class=\"wp-block-uagb-container uagb-block-0326956e alignfull uagb-is-root-container\"><div class=\"uagb-container-inner-blocks-wrap\">\n<div class=\"wp-block-uagb-container uagb-block-42d87e65\">\n<figure class=\"wp-block-image size-large\"><a href=\"https:\/\/agence-france.fr\/index.php\/nos-produits-miroir-shelf\/\"><img decoding=\"async\" loading=\"lazy\" width=\"724\" height=\"1024\" src=\"https:\/\/agence-france.fr\/wp-content\/uploads\/2023\/07\/Clic-Shelf-724x1024.png\" alt=\"\" class=\"wp-image-2440\" srcset=\"https:\/\/agence-france.fr\/wp-content\/uploads\/2023\/07\/Clic-Shelf-724x1024.png 724w, https:\/\/agence-france.fr\/wp-content\/uploads\/2023\/07\/Clic-Shelf-212x300.png 212w, https:\/\/agence-france.fr\/wp-content\/uploads\/2023\/07\/Clic-Shelf-768x1086.png 768w, https:\/\/agence-france.fr\/wp-content\/uploads\/2023\/07\/Clic-Shelf-1086x1536.png 1086w, https:\/\/agence-france.fr\/wp-content\/uploads\/2023\/07\/Clic-Shelf.png 1414w\" sizes=\"(max-width: 724px) 100vw, 724px\" \/><\/a><\/figure>\n<\/div>\n\n\n\n<div class=\"wp-block-uagb-container uagb-block-119aa913\">\n<figure class=\"wp-block-image size-large\"><a href=\"https:\/\/agence-france.fr\/index.php\/nos-produits-miroir-tondo\/\"><img decoding=\"async\" loading=\"lazy\" width=\"724\" height=\"1024\" src=\"https:\/\/agence-france.fr\/wp-content\/uploads\/2023\/07\/Clic-Tondo-724x1024.png\" alt=\"\" class=\"wp-image-2441\" srcset=\"https:\/\/agence-france.fr\/wp-content\/uploads\/2023\/07\/Clic-Tondo-724x1024.png 724w, https:\/\/agence-france.fr\/wp-content\/uploads\/2023\/07\/Clic-Tondo-212x300.png 212w, https:\/\/agence-france.fr\/wp-content\/uploads\/2023\/07\/Clic-Tondo-768x1086.png 768w, https:\/\/agence-france.fr\/wp-content\/uploads\/2023\/07\/Clic-Tondo-1086x1536.png 1086w, https:\/\/agence-france.fr\/wp-content\/uploads\/2023\/07\/Clic-Tondo.png 1414w\" sizes=\"(max-width: 724px) 100vw, 724px\" \/><\/a><\/figure>\n<\/div>\n\n\n\n<div class=\"wp-block-uagb-container uagb-block-d4acd65d\">\n<figure class=\"wp-block-image size-large\"><a href=\"https:\/\/agence-france.fr\/index.php\/nos-miroirs-miroir-ambi\/\"><img decoding=\"async\" loading=\"lazy\" width=\"724\" height=\"1024\" src=\"https:\/\/agence-france.fr\/wp-content\/uploads\/2023\/07\/Clic-Ambi-724x1024.png\" alt=\"\" class=\"wp-image-2442\" srcset=\"https:\/\/agence-france.fr\/wp-content\/uploads\/2023\/07\/Clic-Ambi-724x1024.png 724w, https:\/\/agence-france.fr\/wp-content\/uploads\/2023\/07\/Clic-Ambi-212x300.png 212w, https:\/\/agence-france.fr\/wp-content\/uploads\/2023\/07\/Clic-Ambi-768x1086.png 768w, https:\/\/agence-france.fr\/wp-content\/uploads\/2023\/07\/Clic-Ambi-1086x1536.png 1086w, https:\/\/agence-france.fr\/wp-content\/uploads\/2023\/07\/Clic-Ambi.png 1414w\" sizes=\"(max-width: 724px) 100vw, 724px\" \/><\/a><\/figure>\n<\/div>\n\n\n\n<div class=\"wp-block-uagb-container uagb-block-e1e2ab15\">\n<figure class=\"wp-block-image size-large\"><a href=\"https:\/\/agence-france.fr\/index.php\/nos-produits-miroir-double-light\/\"><img decoding=\"async\" loading=\"lazy\" width=\"724\" height=\"1024\" src=\"https:\/\/agence-france.fr\/wp-content\/uploads\/2023\/07\/Clic-Double-Light-724x1024.png\" alt=\"\" class=\"wp-image-2443\" srcset=\"https:\/\/agence-france.fr\/wp-content\/uploads\/2023\/07\/Clic-Double-Light-724x1024.png 724w, https:\/\/agence-france.fr\/wp-content\/uploads\/2023\/07\/Clic-Double-Light-212x300.png 212w, https:\/\/agence-france.fr\/wp-content\/uploads\/2023\/07\/Clic-Double-Light-768x1086.png 768w, https:\/\/agence-france.fr\/wp-content\/uploads\/2023\/07\/Clic-Double-Light-1086x1536.png 1086w, https:\/\/agence-france.fr\/wp-content\/uploads\/2023\/07\/Clic-Double-Light.png 1414w\" sizes=\"(max-width: 724px) 100vw, 724px\" \/><\/a><\/figure>\n<\/div>\n<\/div><\/div>\n\n\n\n<div class=\"wp-block-uagb-container uagb-block-d4b57b2e alignfull uagb-is-root-container\"><div class=\"uagb-container-inner-blocks-wrap\">\n<div class=\"wp-block-uagb-container uagb-block-afac852f\">\n<figure class=\"wp-block-image size-large\"><img decoding=\"async\" loading=\"lazy\" width=\"724\" height=\"1024\" src=\"https:\/\/agence-france.fr\/wp-content\/uploads\/2023\/07\/Clic-Pure-724x1024.png\" alt=\"\" class=\"wp-image-2471\" srcset=\"https:\/\/agence-france.fr\/wp-content\/uploads\/2023\/07\/Clic-Pure-724x1024.png 724w, https:\/\/agence-france.fr\/wp-content\/uploads\/2023\/07\/Clic-Pure-212x300.png 212w, https:\/\/agence-france.fr\/wp-content\/uploads\/2023\/07\/Clic-Pure-768x1086.png 768w, https:\/\/agence-france.fr\/wp-content\/uploads\/2023\/07\/Clic-Pure-1086x1536.png 1086w, https:\/\/agence-france.fr\/wp-content\/uploads\/2023\/07\/Clic-Pure.png 1414w\" sizes=\"(max-width: 724px) 100vw, 724px\" \/><\/figure>\n<\/div>\n\n\n\n<div class=\"wp-block-uagb-container uagb-block-e5b48bf7\">\n<figure class=\"wp-block-image size-large\"><img decoding=\"async\" loading=\"lazy\" width=\"724\" height=\"1024\" src=\"https:\/\/agence-france.fr\/wp-content\/uploads\/2023\/07\/Clic-Nuxe-724x1024.png\" alt=\"\" class=\"wp-image-2472\" srcset=\"https:\/\/agence-france.fr\/wp-content\/uploads\/2023\/07\/Clic-Nuxe-724x1024.png 724w, https:\/\/agence-france.fr\/wp-content\/uploads\/2023\/07\/Clic-Nuxe-212x300.png 212w, https:\/\/agence-france.fr\/wp-content\/uploads\/2023\/07\/Clic-Nuxe-768x1086.png 768w, https:\/\/agence-france.fr\/wp-content\/uploads\/2023\/07\/Clic-Nuxe-1086x1536.png 1086w, https:\/\/agence-france.fr\/wp-content\/uploads\/2023\/07\/Clic-Nuxe.png 1414w\" sizes=\"(max-width: 724px) 100vw, 724px\" \/><\/figure>\n<\/div>\n\n\n\n<div class=\"wp-block-uagb-container uagb-block-2d15572e\"><\/div>\n\n\n\n<div class=\"wp-block-uagb-container uagb-block-7181c3f3\"><\/div>\n<\/div><\/div>\n\n\n\n<h2 class=\"wp-block-heading\">Navigation<\/h2>\n\n\n\n<div class=\"wp-block-uagb-container uagb-block-efbe11de alignfull uagb-is-root-container\"><div class=\"uagb-container-inner-blocks-wrap\">\n<div class=\"wp-block-uagb-container uagb-block-3fdf3576\">\n<figure class=\"wp-block-image size-large\"><a href=\"https:\/\/agence-france.fr\/index.php\/nos-marques-gruppo-geromin\/\"><img decoding=\"async\" loading=\"lazy\" width=\"724\" height=\"1024\" src=\"https:\/\/agence-france.fr\/wp-content\/uploads\/2023\/07\/Galerie-Geromin-1-2-724x1024.png\" alt=\"\" class=\"wp-image-2476\" srcset=\"https:\/\/agence-france.fr\/wp-content\/uploads\/2023\/07\/Galerie-Geromin-1-2-724x1024.png 724w, https:\/\/agence-france.fr\/wp-content\/uploads\/2023\/07\/Galerie-Geromin-1-2-212x300.png 212w, https:\/\/agence-france.fr\/wp-content\/uploads\/2023\/07\/Galerie-Geromin-1-2-768x1086.png 768w, https:\/\/agence-france.fr\/wp-content\/uploads\/2023\/07\/Galerie-Geromin-1-2-1086x1536.png 1086w, https:\/\/agence-france.fr\/wp-content\/uploads\/2023\/07\/Galerie-Geromin-1-2.png 1414w\" sizes=\"(max-width: 724px) 100vw, 724px\" \/><\/a><\/figure>\n<\/div>\n\n\n\n<div class=\"wp-block-uagb-container uagb-block-c3f5adcf\">\n<figure class=\"wp-block-image size-large\"><a href=\"https:\/\/agence-france.fr\/index.php\/nos-marques\/nos-marques-bmb\/\"><img decoding=\"async\" loading=\"lazy\" width=\"724\" height=\"1024\" src=\"https:\/\/agence-france.fr\/wp-content\/uploads\/2023\/07\/Galerie-BMB-1-1-724x1024.png\" alt=\"\" class=\"wp-image-2477\" srcset=\"https:\/\/agence-france.fr\/wp-content\/uploads\/2023\/07\/Galerie-BMB-1-1-724x1024.png 724w, https:\/\/agence-france.fr\/wp-content\/uploads\/2023\/07\/Galerie-BMB-1-1-212x300.png 212w, https:\/\/agence-france.fr\/wp-content\/uploads\/2023\/07\/Galerie-BMB-1-1-768x1086.png 768w, https:\/\/agence-france.fr\/wp-content\/uploads\/2023\/07\/Galerie-BMB-1-1-1086x1536.png 1086w, https:\/\/agence-france.fr\/wp-content\/uploads\/2023\/07\/Galerie-BMB-1-1.png 1414w\" sizes=\"(max-width: 724px) 100vw, 724px\" \/><\/a><\/figure>\n<\/div>\n\n\n\n<div class=\"wp-block-uagb-container uagb-block-728710aa\">\n<figure class=\"wp-block-image size-large\"><a href=\"https:\/\/agence-france.fr\/index.php\/nos-marques-eumar\/\"><img decoding=\"async\" loading=\"lazy\" width=\"724\" height=\"1024\" src=\"https:\/\/agence-france.fr\/wp-content\/uploads\/2023\/07\/Galerie-Eumar-10-724x1024.png\" alt=\"\" class=\"wp-image-2478\" srcset=\"https:\/\/agence-france.fr\/wp-content\/uploads\/2023\/07\/Galerie-Eumar-10-724x1024.png 724w, https:\/\/agence-france.fr\/wp-content\/uploads\/2023\/07\/Galerie-Eumar-10-212x300.png 212w, https:\/\/agence-france.fr\/wp-content\/uploads\/2023\/07\/Galerie-Eumar-10-768x1086.png 768w, https:\/\/agence-france.fr\/wp-content\/uploads\/2023\/07\/Galerie-Eumar-10-1086x1536.png 1086w, https:\/\/agence-france.fr\/wp-content\/uploads\/2023\/07\/Galerie-Eumar-10.png 1414w\" sizes=\"(max-width: 724px) 100vw, 724px\" \/><\/a><\/figure>\n<\/div>\n\n\n\n<div class=\"wp-block-uagb-container uagb-block-b79c25c7\"><\/div>\n\n\n\n<div class=\"wp-block-uagb-container uagb-block-34ade571\">\n<figure class=\"wp-block-image size-large\"><a href=\"https:\/\/agence-france.fr\/index.php\/nos-produits\/\"><img decoding=\"async\" loading=\"lazy\" width=\"724\" height=\"1024\" src=\"https:\/\/agence-france.fr\/wp-content\/uploads\/2023\/07\/clic-retour-nos-produits-8-724x1024.png\" alt=\"\" class=\"wp-image-2475\" srcset=\"https:\/\/agence-france.fr\/wp-content\/uploads\/2023\/07\/clic-retour-nos-produits-8-724x1024.png 724w, https:\/\/agence-france.fr\/wp-content\/uploads\/2023\/07\/clic-retour-nos-produits-8-212x300.png 212w, https:\/\/agence-france.fr\/wp-content\/uploads\/2023\/07\/clic-retour-nos-produits-8-768x1086.png 768w, https:\/\/agence-france.fr\/wp-content\/uploads\/2023\/07\/clic-retour-nos-produits-8-1086x1536.png 1086w, https:\/\/agence-france.fr\/wp-content\/uploads\/2023\/07\/clic-retour-nos-produits-8.png 1414w\" sizes=\"(max-width: 724px) 100vw, 724px\" \/><\/a><\/figure>\n<\/div>\n<\/div><\/div>\n","protected":false},"excerpt":{"rendered":"<p>Les miroirs avec \u00e9clairage sont des accessoires pratiques et esth\u00e9tiques qui apportent une touche de modernit\u00e9 \u00e0 n&#8217;importe quelle pi\u00e8ce, qu&#8217;il s&#8217;agisse d&#8217;une salle de bains, d&#8217;une chambre ou d&#8217;un espace de maquillage. Ces miroirs sont \u00e9quip\u00e9s de lumi\u00e8res int\u00e9gr\u00e9es, g\u00e9n\u00e9ralement des LED, qui offrent un \u00e9clairage doux et bien r\u00e9parti autour du miroir. Avantages: [&hellip;]<\/p>\n","protected":false},"author":1,"featured_media":0,"parent":0,"menu_order":0,"comment_status":"closed","ping_status":"closed","template":"","meta":{"om_disable_all_campaigns":false,"_uag_custom_page_level_css":"","_monsterinsights_skip_tracking":false,"_monsterinsights_sitenote_active":false,"_monsterinsights_sitenote_note":"","_monsterinsights_sitenote_category":0},"aioseo_notices":[],"uagb_featured_image_src":{"full":false,"thumbnail":false,"medium":false,"medium_large":false,"large":false,"1536x1536":false,"2048x2048":false},"uagb_author_info":{"display_name":"pbc","author_link":"https:\/\/agence-france.fr\/index.php\/author\/p-boissonnade\/"},"uagb_comment_info":0,"uagb_excerpt":"Les miroirs avec \u00e9clairage sont des accessoires pratiques et esth\u00e9tiques qui apportent une touche de modernit\u00e9 \u00e0 n&#8217;importe quelle pi\u00e8ce, qu&#8217;il s&#8217;agisse d&#8217;une salle de bains, d&#8217;une chambre ou d&#8217;un espace de maquillage. Ces miroirs sont \u00e9quip\u00e9s de lumi\u00e8res int\u00e9gr\u00e9es, g\u00e9n\u00e9ralement des LED, qui offrent un \u00e9clairage doux et bien r\u00e9parti autour du miroir. Avantages:\u2026","_links":{"self":[{"href":"https:\/\/agence-france.fr\/index.php\/wp-json\/wp\/v2\/pages\/2433"}],"collection":[{"href":"https:\/\/agence-france.fr\/index.php\/wp-json\/wp\/v2\/pages"}],"about":[{"href":"https:\/\/agence-france.fr\/index.php\/wp-json\/wp\/v2\/types\/page"}],"author":[{"embeddable":true,"href":"https:\/\/agence-france.fr\/index.php\/wp-json\/wp\/v2\/users\/1"}],"replies":[{"embeddable":true,"href":"https:\/\/agence-france.fr\/index.php\/wp-json\/wp\/v2\/comments?post=2433"}],"version-history":[{"count":5,"href":"https:\/\/agence-france.fr\/index.php\/wp-json\/wp\/v2\/pages\/2433\/revisions"}],"predecessor-version":[{"id":2826,"href":"https:\/\/agence-france.fr\/index.php\/wp-json\/wp\/v2\/pages\/2433\/revisions\/2826"}],"wp:attachment":[{"href":"https:\/\/agence-france.fr\/index.php\/wp-json\/wp\/v2\/media?parent=2433"}],"curies":[{"name":"wp","href":"https:\/\/api.w.org\/{rel}","templated":true}]}}