{"id":2424,"date":"2023-07-21T14:00:34","date_gmt":"2023-07-21T14:00:34","guid":{"rendered":"https:\/\/agence-france.fr\/?page_id=2424"},"modified":"2023-07-21T14:00:35","modified_gmt":"2023-07-21T14:00:35","slug":"nos-produits-miroir-double-light","status":"publish","type":"page","link":"https:\/\/agence-france.fr\/index.php\/nos-produits-miroir-double-light\/","title":{"rendered":"Nos produits &#8211; Miroir Double Light"},"content":{"rendered":"\n<p>Le miroir Double Light tient sa particularit\u00e9 de par son double \u00e9clairage int\u00e9rieur et ext\u00e9rieur.<\/p>\n\n\n\n<p>Disponible en sur mesure<\/p>\n\n\n\n<p>Les mesures des mod\u00e8les standarts sont les suivants: <\/p>\n\n\n\n<p>Hauteur : 70, 90, 110<\/p>\n\n\n\n<p>Largeur : 70, 90,105, 140, 170<\/p>\n\n\n\n<div class=\"wp-block-uagb-container uagb-block-eced8012 alignfull uagb-is-root-container\"><div class=\"uagb-container-inner-blocks-wrap\">\n<div class=\"wp-block-uagb-container uagb-block-b1ae8e76\">\n<figure class=\"wp-block-image size-full\"><a href=\"https:\/\/agence-france.fr\/wp-content\/uploads\/2023\/07\/649c119cbe7ea094688b4a1a.jpg\" target=\"_blank\" rel=\"noreferrer noopener\"><img decoding=\"async\" loading=\"lazy\" width=\"1000\" height=\"1000\" src=\"https:\/\/agence-france.fr\/wp-content\/uploads\/2023\/07\/649c119cbe7ea094688b4a1a.jpg\" alt=\"\" class=\"wp-image-2426\" srcset=\"https:\/\/agence-france.fr\/wp-content\/uploads\/2023\/07\/649c119cbe7ea094688b4a1a.jpg 1000w, https:\/\/agence-france.fr\/wp-content\/uploads\/2023\/07\/649c119cbe7ea094688b4a1a-300x300.jpg 300w, https:\/\/agence-france.fr\/wp-content\/uploads\/2023\/07\/649c119cbe7ea094688b4a1a-150x150.jpg 150w, https:\/\/agence-france.fr\/wp-content\/uploads\/2023\/07\/649c119cbe7ea094688b4a1a-768x768.jpg 768w\" sizes=\"(max-width: 1000px) 100vw, 1000px\" \/><\/a><\/figure>\n<\/div>\n\n\n\n<div class=\"wp-block-uagb-container uagb-block-4470d22f\">\n<figure class=\"wp-block-image size-full\"><a href=\"https:\/\/agence-france.fr\/wp-content\/uploads\/2023\/07\/Capture-decran-2023-07-21-155546.png\" target=\"_blank\" rel=\"noreferrer noopener\"><img decoding=\"async\" loading=\"lazy\" width=\"232\" height=\"246\" src=\"https:\/\/agence-france.fr\/wp-content\/uploads\/2023\/07\/Capture-decran-2023-07-21-155546.png\" alt=\"\" class=\"wp-image-2427\"\/><\/a><\/figure>\n<\/div>\n\n\n\n<div class=\"wp-block-uagb-container uagb-block-8364a46a\">\n<figure class=\"wp-block-image size-full\"><a href=\"https:\/\/agence-france.fr\/wp-content\/uploads\/2023\/07\/Capture-decran-2023-07-21-155736.png\" target=\"_blank\" rel=\"noreferrer noopener\"><img decoding=\"async\" loading=\"lazy\" width=\"421\" height=\"409\" src=\"https:\/\/agence-france.fr\/wp-content\/uploads\/2023\/07\/Capture-decran-2023-07-21-155736.png\" alt=\"\" class=\"wp-image-2428\" srcset=\"https:\/\/agence-france.fr\/wp-content\/uploads\/2023\/07\/Capture-decran-2023-07-21-155736.png 421w, https:\/\/agence-france.fr\/wp-content\/uploads\/2023\/07\/Capture-decran-2023-07-21-155736-300x291.png 300w\" sizes=\"(max-width: 421px) 100vw, 421px\" \/><\/a><\/figure>\n<\/div>\n<\/div><\/div>\n\n\n\n<h2 class=\"wp-block-heading\">Catalogue<\/h2>\n\n\n\n<div class=\"wp-block-uagb-container uagb-block-8d39497b alignfull uagb-is-root-container\"><div class=\"uagb-container-inner-blocks-wrap\">\n<div class=\"wp-block-uagb-container uagb-block-203f49bb\">\n<figure class=\"wp-block-image size-full\"><a href=\"https:\/\/drive.google.com\/file\/d\/1fXSSUfEM7VOQyfof3iJGkuMVp3wv1coh\/view?usp=sharing\" target=\"_blank\" rel=\"noreferrer noopener\"><img decoding=\"async\" loading=\"lazy\" width=\"470\" height=\"645\" src=\"https:\/\/agence-france.fr\/wp-content\/uploads\/2023\/07\/front-bathroom-ligne-Riva-GG-2.png\" alt=\"\" class=\"wp-image-2429\" srcset=\"https:\/\/agence-france.fr\/wp-content\/uploads\/2023\/07\/front-bathroom-ligne-Riva-GG-2.png 470w, https:\/\/agence-france.fr\/wp-content\/uploads\/2023\/07\/front-bathroom-ligne-Riva-GG-2-219x300.png 219w\" sizes=\"(max-width: 470px) 100vw, 470px\" \/><\/a><\/figure>\n<\/div>\n\n\n\n<div class=\"wp-block-uagb-container uagb-block-5259e9ce\"><style>.wp-block-kadence-iconlist.kt-svg-icon-list-items_4a05e5-d5 ul.kt-svg-icon-list:not(.this-prevents-issues):not(.this-stops-third-party-issues):not(.tijsloc){margin-top:0px;margin-right:0px;margin-bottom:var(--global-kb-spacing-sm, 1.5rem);margin-left:0px;}.wp-block-kadence-iconlist.kt-svg-icon-list-items_4a05e5-d5 ul.kt-svg-icon-list{grid-row-gap:5px;}.wp-block-kadence-iconlist.kt-svg-icon-list-items_4a05e5-d5 ul.kt-svg-icon-list .kt-svg-icon-list-item-wrap .kt-svg-icon-list-single{margin-right:10px;}.kt-svg-icon-list-items_4a05e5-d5 ul.kt-svg-icon-list .kt-svg-icon-list-level-0 .kt-svg-icon-list-single svg{font-size:20px;}@media all and (max-width: 1024px){.wp-block-kadence-iconlist.kt-svg-icon-list-items_4a05e5-d5 ul.kt-svg-icon-list{grid-row-gap:5px;}}@media all and (max-width: 767px){.wp-block-kadence-iconlist.kt-svg-icon-list-items_4a05e5-d5 ul.kt-svg-icon-list{grid-row-gap:5px;}}<\/style>\n<div class=\"wp-block-kadence-iconlist kt-svg-icon-list-items kt-svg-icon-list-items_4a05e5-d5 kt-svg-icon-list-columns-1 alignnone\"><ul class=\"kt-svg-icon-list\">\n<li class=\"wp-block-kadence-listitem kt-svg-icon-list-item-wrap kt-svg-icon-list-item-_c77be5-11\"><span class=\"kb-svg-icon-wrap kb-svg-icon-fe_arrowLeft kt-svg-icon-list-single\"><svg viewBox=\"0 0 24 24\"  fill=\"none\" stroke=\"currentColor\" stroke-width=\"2\" stroke-linecap=\"round\" stroke-linejoin=\"round\" xmlns=\"http:\/\/www.w3.org\/2000\/svg\" ><line x1=\"19\" y1=\"12\" x2=\"5\" y2=\"12\"\/><polyline points=\"12 19 5 12 12 5\"\/><\/svg><\/span><span class=\"kt-svg-icon-list-text\">p.53<\/span><\/li>\n<\/ul><\/div>\n<\/div>\n\n\n\n<div class=\"wp-block-uagb-container uagb-block-4d278917\"><\/div>\n\n\n\n<div class=\"wp-block-uagb-container uagb-block-aa2d8a94\"><\/div>\n\n\n\n<div class=\"wp-block-uagb-container uagb-block-e6bb92f6\"><\/div>\n<\/div><\/div>\n\n\n\n<h2 class=\"wp-block-heading\"><\/h2>\n\n\n\n<div class=\"wp-block-uagb-container uagb-block-b8ef7404 alignfull uagb-is-root-container\"><div class=\"uagb-container-inner-blocks-wrap\">\n<div class=\"wp-block-uagb-container uagb-block-d40b6d0e\">\n<figure class=\"wp-block-image size-large\"><a href=\"https:\/\/agence-france.fr\/index.php\/nos-marques-gruppo-geromin\/\"><img decoding=\"async\" loading=\"lazy\" width=\"724\" height=\"1024\" src=\"https:\/\/agence-france.fr\/wp-content\/uploads\/2023\/07\/Galerie-Geromin-5-724x1024.png\" alt=\"\" class=\"wp-image-2430\" srcset=\"https:\/\/agence-france.fr\/wp-content\/uploads\/2023\/07\/Galerie-Geromin-5-724x1024.png 724w, https:\/\/agence-france.fr\/wp-content\/uploads\/2023\/07\/Galerie-Geromin-5-212x300.png 212w, https:\/\/agence-france.fr\/wp-content\/uploads\/2023\/07\/Galerie-Geromin-5-768x1086.png 768w, https:\/\/agence-france.fr\/wp-content\/uploads\/2023\/07\/Galerie-Geromin-5-1086x1536.png 1086w, https:\/\/agence-france.fr\/wp-content\/uploads\/2023\/07\/Galerie-Geromin-5.png 1414w\" sizes=\"(max-width: 724px) 100vw, 724px\" \/><\/a><\/figure>\n<\/div>\n\n\n\n<div class=\"wp-block-uagb-container uagb-block-ba90bbfd\"><\/div>\n\n\n\n<div class=\"wp-block-uagb-container uagb-block-1176d0ed\"><\/div>\n\n\n\n<div class=\"wp-block-uagb-container uagb-block-399d72d1\"><\/div>\n\n\n\n<div class=\"wp-block-uagb-container uagb-block-90b2b3f8\">\n<figure class=\"wp-block-image size-large\"><a href=\"https:\/\/agence-france.fr\/index.php\/nos-produits\/\"><img decoding=\"async\" loading=\"lazy\" width=\"724\" height=\"1024\" src=\"https:\/\/agence-france.fr\/wp-content\/uploads\/2023\/07\/clic-retour-nos-produits-6-724x1024.png\" alt=\"\" class=\"wp-image-2431\" srcset=\"https:\/\/agence-france.fr\/wp-content\/uploads\/2023\/07\/clic-retour-nos-produits-6-724x1024.png 724w, https:\/\/agence-france.fr\/wp-content\/uploads\/2023\/07\/clic-retour-nos-produits-6-212x300.png 212w, https:\/\/agence-france.fr\/wp-content\/uploads\/2023\/07\/clic-retour-nos-produits-6-768x1086.png 768w, https:\/\/agence-france.fr\/wp-content\/uploads\/2023\/07\/clic-retour-nos-produits-6-1086x1536.png 1086w, https:\/\/agence-france.fr\/wp-content\/uploads\/2023\/07\/clic-retour-nos-produits-6.png 1414w\" sizes=\"(max-width: 724px) 100vw, 724px\" \/><\/a><\/figure>\n<\/div>\n<\/div><\/div>\n","protected":false},"excerpt":{"rendered":"<p>Le miroir Double Light tient sa particularit\u00e9 de par son double \u00e9clairage int\u00e9rieur et ext\u00e9rieur. Disponible en sur mesure Les mesures des mod\u00e8les standarts sont les suivants: Hauteur : 70, 90, 110 Largeur : 70, 90,105, 140, 170 Catalogue<\/p>\n","protected":false},"author":1,"featured_media":0,"parent":0,"menu_order":0,"comment_status":"closed","ping_status":"closed","template":"","meta":{"om_disable_all_campaigns":false,"_uag_custom_page_level_css":"","_monsterinsights_skip_tracking":false,"_monsterinsights_sitenote_active":false,"_monsterinsights_sitenote_note":"","_monsterinsights_sitenote_category":0},"aioseo_notices":[],"uagb_featured_image_src":{"full":false,"thumbnail":false,"medium":false,"medium_large":false,"large":false,"1536x1536":false,"2048x2048":false},"uagb_author_info":{"display_name":"pbc","author_link":"https:\/\/agence-france.fr\/index.php\/author\/p-boissonnade\/"},"uagb_comment_info":0,"uagb_excerpt":"Le miroir Double Light tient sa particularit\u00e9 de par son double \u00e9clairage int\u00e9rieur et ext\u00e9rieur. Disponible en sur mesure Les mesures des mod\u00e8les standarts sont les suivants: Hauteur : 70, 90, 110 Largeur : 70, 90,105, 140, 170 Catalogue","_links":{"self":[{"href":"https:\/\/agence-france.fr\/index.php\/wp-json\/wp\/v2\/pages\/2424"}],"collection":[{"href":"https:\/\/agence-france.fr\/index.php\/wp-json\/wp\/v2\/pages"}],"about":[{"href":"https:\/\/agence-france.fr\/index.php\/wp-json\/wp\/v2\/types\/page"}],"author":[{"embeddable":true,"href":"https:\/\/agence-france.fr\/index.php\/wp-json\/wp\/v2\/users\/1"}],"replies":[{"embeddable":true,"href":"https:\/\/agence-france.fr\/index.php\/wp-json\/wp\/v2\/comments?post=2424"}],"version-history":[{"count":1,"href":"https:\/\/agence-france.fr\/index.php\/wp-json\/wp\/v2\/pages\/2424\/revisions"}],"predecessor-version":[{"id":2432,"href":"https:\/\/agence-france.fr\/index.php\/wp-json\/wp\/v2\/pages\/2424\/revisions\/2432"}],"wp:attachment":[{"href":"https:\/\/agence-france.fr\/index.php\/wp-json\/wp\/v2\/media?parent=2424"}],"curies":[{"name":"wp","href":"https:\/\/api.w.org\/{rel}","templated":true}]}}