{"id":2416,"date":"2023-07-21T13:45:20","date_gmt":"2023-07-21T13:45:20","guid":{"rendered":"https:\/\/agence-france.fr\/?page_id=2416"},"modified":"2023-07-21T13:49:17","modified_gmt":"2023-07-21T13:49:17","slug":"nos-produits-miroir-shelf","status":"publish","type":"page","link":"https:\/\/agence-france.fr\/index.php\/nos-produits-miroir-shelf\/","title":{"rendered":"Nos produits &#8211; Miroir Shelf"},"content":{"rendered":"\n<p>En plus de son aspect esth\u00e9tique rajoutant une profondeur au miroir, le Miroir Shelf ou Specchiera Shelf de Geromin a \u00e9t\u00e9 con\u00e7u pour un aspect pratique.  <\/p>\n\n\n\n<p>La profondeur totale du miroir de 13cm permet \u00e0 l&#8217;utilisateur de poser tout ce dont il a besoin pour sa salle de bain. <\/p>\n\n\n\n<p>Equip\u00e9 d&#8217;un \u00e9clairage LED activable avec un bouton tactile sur le miroir, la struture est faite en aluminium peint en noir mate. <\/p>\n\n\n\n<div class=\"wp-block-uagb-container uagb-block-1c6d40c0 alignfull uagb-is-root-container\"><div class=\"uagb-container-inner-blocks-wrap\">\n<div class=\"wp-block-uagb-container uagb-block-91c0c9ca\">\n<figure class=\"wp-block-image size-full\"><a href=\"https:\/\/agence-france.fr\/wp-content\/uploads\/2023\/07\/miroir-shelf-geromin.png\" target=\"_blank\" rel=\"noreferrer noopener\"><img decoding=\"async\" loading=\"lazy\" width=\"621\" height=\"577\" src=\"https:\/\/agence-france.fr\/wp-content\/uploads\/2023\/07\/miroir-shelf-geromin.png\" alt=\"\" class=\"wp-image-2417\" srcset=\"https:\/\/agence-france.fr\/wp-content\/uploads\/2023\/07\/miroir-shelf-geromin.png 621w, https:\/\/agence-france.fr\/wp-content\/uploads\/2023\/07\/miroir-shelf-geromin-300x279.png 300w\" sizes=\"(max-width: 621px) 100vw, 621px\" \/><\/a><\/figure>\n<\/div>\n\n\n\n<div class=\"wp-block-uagb-container uagb-block-7f5ad75c\">\n<figure class=\"wp-block-image size-full\"><a href=\"https:\/\/agence-france.fr\/wp-content\/uploads\/2023\/07\/Capture-decran-2023-07-21-153454.png\" target=\"_blank\" rel=\"noreferrer noopener\"><img decoding=\"async\" loading=\"lazy\" width=\"417\" height=\"387\" src=\"https:\/\/agence-france.fr\/wp-content\/uploads\/2023\/07\/Capture-decran-2023-07-21-153454.png\" alt=\"\" class=\"wp-image-2418\" srcset=\"https:\/\/agence-france.fr\/wp-content\/uploads\/2023\/07\/Capture-decran-2023-07-21-153454.png 417w, https:\/\/agence-france.fr\/wp-content\/uploads\/2023\/07\/Capture-decran-2023-07-21-153454-300x278.png 300w\" sizes=\"(max-width: 417px) 100vw, 417px\" \/><\/a><\/figure>\n<\/div>\n<\/div><\/div>\n\n\n\n<p>Disponinble en hauteur 70 ou 90 cm et en largeur 70, 90, 105, 120, 140, 170cm. <\/p>\n\n\n\n<h2 class=\"wp-block-heading\">Catalogue<\/h2>\n\n\n\n<div class=\"wp-block-uagb-container uagb-block-b093da6c alignfull uagb-is-root-container\"><div class=\"uagb-container-inner-blocks-wrap\">\n<div class=\"wp-block-uagb-container uagb-block-517c30bc\">\n<figure class=\"wp-block-image size-full\"><a href=\"https:\/\/drive.google.com\/file\/d\/1fXSSUfEM7VOQyfof3iJGkuMVp3wv1coh\/view?usp=sharing\"><img decoding=\"async\" loading=\"lazy\" width=\"470\" height=\"645\" src=\"https:\/\/agence-france.fr\/wp-content\/uploads\/2023\/07\/front-bathroom-ligne-Riva-GG-1.png\" alt=\"\" class=\"wp-image-2419\" srcset=\"https:\/\/agence-france.fr\/wp-content\/uploads\/2023\/07\/front-bathroom-ligne-Riva-GG-1.png 470w, https:\/\/agence-france.fr\/wp-content\/uploads\/2023\/07\/front-bathroom-ligne-Riva-GG-1-219x300.png 219w\" sizes=\"(max-width: 470px) 100vw, 470px\" \/><\/a><\/figure>\n<\/div>\n\n\n\n<div class=\"wp-block-uagb-container uagb-block-a820fba0\"><style>.wp-block-kadence-iconlist.kt-svg-icon-list-items_fa173c-21 ul.kt-svg-icon-list:not(.this-prevents-issues):not(.this-stops-third-party-issues):not(.tijsloc){margin-top:0px;margin-right:0px;margin-bottom:var(--global-kb-spacing-sm, 1.5rem);margin-left:0px;}.wp-block-kadence-iconlist.kt-svg-icon-list-items_fa173c-21 ul.kt-svg-icon-list{grid-row-gap:5px;}.wp-block-kadence-iconlist.kt-svg-icon-list-items_fa173c-21 ul.kt-svg-icon-list .kt-svg-icon-list-item-wrap .kt-svg-icon-list-single{margin-right:10px;}.kt-svg-icon-list-items_fa173c-21 ul.kt-svg-icon-list .kt-svg-icon-list-level-0 .kt-svg-icon-list-single svg{font-size:20px;}@media all and (max-width: 1024px){.wp-block-kadence-iconlist.kt-svg-icon-list-items_fa173c-21 ul.kt-svg-icon-list{grid-row-gap:5px;}}@media all and (max-width: 767px){.wp-block-kadence-iconlist.kt-svg-icon-list-items_fa173c-21 ul.kt-svg-icon-list{grid-row-gap:5px;}}<\/style>\n<div class=\"wp-block-kadence-iconlist kt-svg-icon-list-items kt-svg-icon-list-items_fa173c-21 kt-svg-icon-list-columns-1 alignnone\"><ul class=\"kt-svg-icon-list\">\n<li class=\"wp-block-kadence-listitem kt-svg-icon-list-item-wrap kt-svg-icon-list-item-_e156cf-14\"><span class=\"kb-svg-icon-wrap kb-svg-icon-fe_arrowLeft kt-svg-icon-list-single\"><svg viewBox=\"0 0 24 24\"  fill=\"none\" stroke=\"currentColor\" stroke-width=\"2\" stroke-linecap=\"round\" stroke-linejoin=\"round\" xmlns=\"http:\/\/www.w3.org\/2000\/svg\" ><line x1=\"19\" y1=\"12\" x2=\"5\" y2=\"12\"\/><polyline points=\"12 19 5 12 12 5\"\/><\/svg><\/span><span class=\"kt-svg-icon-list-text\">p.60<\/span><\/li>\n<\/ul><\/div>\n<\/div>\n\n\n\n<div class=\"wp-block-uagb-container uagb-block-486b2f17\"><\/div>\n\n\n\n<div class=\"wp-block-uagb-container uagb-block-b002b089\"><\/div>\n\n\n\n<div class=\"wp-block-uagb-container uagb-block-98311487\"><\/div>\n<\/div><\/div>\n\n\n\n<h2 class=\"wp-block-heading\">Navigation<\/h2>\n\n\n\n<div class=\"wp-block-uagb-container uagb-block-e5f6ff4f alignfull uagb-is-root-container\"><div class=\"uagb-container-inner-blocks-wrap\">\n<div class=\"wp-block-uagb-container uagb-block-c7fc72f9\">\n<figure class=\"wp-block-image size-large\"><a href=\"https:\/\/agence-france.fr\/index.php\/nos-marques-gruppo-geromin\/\"><img decoding=\"async\" loading=\"lazy\" width=\"724\" height=\"1024\" src=\"https:\/\/agence-france.fr\/wp-content\/uploads\/2023\/07\/Galerie-Geromin-4-724x1024.png\" alt=\"\" class=\"wp-image-2420\" srcset=\"https:\/\/agence-france.fr\/wp-content\/uploads\/2023\/07\/Galerie-Geromin-4-724x1024.png 724w, https:\/\/agence-france.fr\/wp-content\/uploads\/2023\/07\/Galerie-Geromin-4-212x300.png 212w, https:\/\/agence-france.fr\/wp-content\/uploads\/2023\/07\/Galerie-Geromin-4-768x1086.png 768w, https:\/\/agence-france.fr\/wp-content\/uploads\/2023\/07\/Galerie-Geromin-4-1086x1536.png 1086w, https:\/\/agence-france.fr\/wp-content\/uploads\/2023\/07\/Galerie-Geromin-4.png 1414w\" sizes=\"(max-width: 724px) 100vw, 724px\" \/><\/a><\/figure>\n<\/div>\n\n\n\n<div class=\"wp-block-uagb-container uagb-block-9a9207c4\"><\/div>\n\n\n\n<div class=\"wp-block-uagb-container uagb-block-1a707efa\"><\/div>\n\n\n\n<div class=\"wp-block-uagb-container uagb-block-eee4465f\"><\/div>\n\n\n\n<div class=\"wp-block-uagb-container uagb-block-cbf6e607\">\n<figure class=\"wp-block-image size-large\"><a href=\"https:\/\/agence-france.fr\/index.php\/nos-produits\/\"><img decoding=\"async\" loading=\"lazy\" width=\"724\" height=\"1024\" src=\"https:\/\/agence-france.fr\/wp-content\/uploads\/2023\/07\/clic-retour-nos-produits-5-724x1024.png\" alt=\"\" class=\"wp-image-2422\" srcset=\"https:\/\/agence-france.fr\/wp-content\/uploads\/2023\/07\/clic-retour-nos-produits-5-724x1024.png 724w, https:\/\/agence-france.fr\/wp-content\/uploads\/2023\/07\/clic-retour-nos-produits-5-212x300.png 212w, https:\/\/agence-france.fr\/wp-content\/uploads\/2023\/07\/clic-retour-nos-produits-5-768x1086.png 768w, https:\/\/agence-france.fr\/wp-content\/uploads\/2023\/07\/clic-retour-nos-produits-5-1086x1536.png 1086w, https:\/\/agence-france.fr\/wp-content\/uploads\/2023\/07\/clic-retour-nos-produits-5.png 1414w\" sizes=\"(max-width: 724px) 100vw, 724px\" \/><\/a><\/figure>\n<\/div>\n<\/div><\/div>\n","protected":false},"excerpt":{"rendered":"<p>En plus de son aspect esth\u00e9tique rajoutant une profondeur au miroir, le Miroir Shelf ou Specchiera Shelf de Geromin a \u00e9t\u00e9 con\u00e7u pour un aspect pratique. La profondeur totale du miroir de 13cm permet \u00e0 l&#8217;utilisateur de poser tout ce dont il a besoin pour sa salle de bain. Equip\u00e9 d&#8217;un \u00e9clairage LED activable avec [&hellip;]<\/p>\n","protected":false},"author":1,"featured_media":0,"parent":0,"menu_order":0,"comment_status":"closed","ping_status":"closed","template":"","meta":{"om_disable_all_campaigns":false,"_uag_custom_page_level_css":"","_monsterinsights_skip_tracking":false,"_monsterinsights_sitenote_active":false,"_monsterinsights_sitenote_note":"","_monsterinsights_sitenote_category":0},"aioseo_notices":[],"uagb_featured_image_src":{"full":false,"thumbnail":false,"medium":false,"medium_large":false,"large":false,"1536x1536":false,"2048x2048":false},"uagb_author_info":{"display_name":"pbc","author_link":"https:\/\/agence-france.fr\/index.php\/author\/p-boissonnade\/"},"uagb_comment_info":0,"uagb_excerpt":"En plus de son aspect esth\u00e9tique rajoutant une profondeur au miroir, le Miroir Shelf ou Specchiera Shelf de Geromin a \u00e9t\u00e9 con\u00e7u pour un aspect pratique. La profondeur totale du miroir de 13cm permet \u00e0 l&#8217;utilisateur de poser tout ce dont il a besoin pour sa salle de bain. Equip\u00e9 d&#8217;un \u00e9clairage LED activable avec\u2026","_links":{"self":[{"href":"https:\/\/agence-france.fr\/index.php\/wp-json\/wp\/v2\/pages\/2416"}],"collection":[{"href":"https:\/\/agence-france.fr\/index.php\/wp-json\/wp\/v2\/pages"}],"about":[{"href":"https:\/\/agence-france.fr\/index.php\/wp-json\/wp\/v2\/types\/page"}],"author":[{"embeddable":true,"href":"https:\/\/agence-france.fr\/index.php\/wp-json\/wp\/v2\/users\/1"}],"replies":[{"embeddable":true,"href":"https:\/\/agence-france.fr\/index.php\/wp-json\/wp\/v2\/comments?post=2416"}],"version-history":[{"count":2,"href":"https:\/\/agence-france.fr\/index.php\/wp-json\/wp\/v2\/pages\/2416\/revisions"}],"predecessor-version":[{"id":2425,"href":"https:\/\/agence-france.fr\/index.php\/wp-json\/wp\/v2\/pages\/2416\/revisions\/2425"}],"wp:attachment":[{"href":"https:\/\/agence-france.fr\/index.php\/wp-json\/wp\/v2\/media?parent=2416"}],"curies":[{"name":"wp","href":"https:\/\/api.w.org\/{rel}","templated":true}]}}