{"id":2399,"date":"2023-07-20T13:03:33","date_gmt":"2023-07-20T13:03:33","guid":{"rendered":"https:\/\/agence-france.fr\/?page_id=2399"},"modified":"2023-07-20T13:14:13","modified_gmt":"2023-07-20T13:14:13","slug":"nos-produits-miroirs-infinis","status":"publish","type":"page","link":"https:\/\/agence-france.fr\/index.php\/nos-produits-miroirs-infinis\/","title":{"rendered":"Nos produits &#8211; Miroirs Infinis"},"content":{"rendered":"\n<div class=\"wp-block-uagb-container uagb-block-d76ea598 alignfull uagb-is-root-container\"><div class=\"uagb-container-inner-blocks-wrap\">\n<div class=\"wp-block-uagb-container uagb-block-ca58ec6e\">\n<figure class=\"wp-block-image size-full\"><img decoding=\"async\" loading=\"lazy\" width=\"225\" height=\"225\" src=\"https:\/\/agence-france.fr\/wp-content\/uploads\/2023\/07\/images.jpg\" alt=\"\" class=\"wp-image-2401\" srcset=\"https:\/\/agence-france.fr\/wp-content\/uploads\/2023\/07\/images.jpg 225w, https:\/\/agence-france.fr\/wp-content\/uploads\/2023\/07\/images-150x150.jpg 150w\" sizes=\"(max-width: 225px) 100vw, 225px\" \/><\/figure>\n<\/div>\n\n\n\n<div class=\"wp-block-uagb-container uagb-block-ec456603\">\n<figure class=\"wp-block-image size-full\"><img decoding=\"async\" loading=\"lazy\" width=\"1024\" height=\"518\" src=\"https:\/\/agence-france.fr\/wp-content\/uploads\/2023\/07\/breaking-down-the-infinity-mirror-1024x518-1.jpg\" alt=\"\" class=\"wp-image-2402\" srcset=\"https:\/\/agence-france.fr\/wp-content\/uploads\/2023\/07\/breaking-down-the-infinity-mirror-1024x518-1.jpg 1024w, https:\/\/agence-france.fr\/wp-content\/uploads\/2023\/07\/breaking-down-the-infinity-mirror-1024x518-1-300x152.jpg 300w, https:\/\/agence-france.fr\/wp-content\/uploads\/2023\/07\/breaking-down-the-infinity-mirror-1024x518-1-768x389.jpg 768w\" sizes=\"(max-width: 1024px) 100vw, 1024px\" \/><\/figure>\n<\/div>\n<\/div><\/div>\n\n\n\n<p>Le miroir infini, v\u00e9ritable chef-d&#8217;\u0153uvre esth\u00e9tique, est une cr\u00e9ation fascinante qui utilise l&#8217;effet Droste pour engendrer une illusion visuelle saisissante. Cette \u0153uvre d&#8217;art unique transporte les observateurs dans un voyage captivant \u00e0 travers un paysage r\u00e9fl\u00e9chi en boucle infinie, cr\u00e9ant ainsi un effet d&#8217;infinit\u00e9 et de profondeur.<\/p>\n\n\n\n<p>Au c\u0153ur de cette pi\u00e8ce exceptionnelle, se trouve l&#8217;effet Droste (ou l&#8217;effet Vache qui rit), un concept math\u00e9matique et artistique qui tire son nom d&#8217;une marque de cacao n\u00e9erlandaise, dont l&#8217;emballage repr\u00e9sentait une infinie r\u00e9cursion d&#8217;images. Cette r\u00e9cursivit\u00e9 est captur\u00e9e dans le miroir infini, o\u00f9 une s\u00e9rie de miroirs parall\u00e8les est soigneusement agenc\u00e9e, se refl\u00e9tant les uns les autres \u00e0 l&#8217;infini. Cette r\u00e9flexion en boucle cr\u00e9e un effet d&#8217;illusion visuelle qui donne l&#8217;impression que l&#8217;espace contenu dans le miroir se prolonge \u00e0 l&#8217;infini, invitant les spectateurs \u00e0 plonger dans un univers infini et envo\u00fbtant.<\/p>\n\n\n\t\t\t\t\t<div\n\t\t\t\t\t\tclass=\"wp-block-uagb-image-gallery uagb-block-ea8c4c53     \"\n\t\t\t\t\t\tstyle=\"\"\n\t\t\t\t\t>\n\t\t\t\t\t\t\t\t\t\t\t<div class=\"spectra-image-gallery spectra-image-gallery__layout--grid spectra-image-gallery__layout--grid-col-2 spectra-image-gallery__layout--grid-col-tab-2 spectra-image-gallery__layout--grid-col-mob-2\">\n\t\t\t\t\t\t\t\t\t\t\t<div class='spectra-image-gallery__media-wrapper' data-spectra-gallery-image-id='2403'>\n\t\t\t\t\t\t\t<div class=\"spectra-image-gallery__media spectra-image-gallery__media--grid\">\n\t\t\t\t<picture>\n\t\t\t\t\t<source media=\"(min-width: 1024px)\" srcset=\"https:\/\/agence-france.fr\/wp-content\/uploads\/2023\/07\/e309.200_-_e.309.300_-_e.309.400_-_e309.500.jpg\">\n\t\t\t\t\t<source media=\"(min-width: 768px)\" srcset=\"https:\/\/agence-france.fr\/wp-content\/uploads\/2023\/07\/e309.200_-_e.309.300_-_e.309.400_-_e309.500.jpg\">\n\t\t\t\t\t<img decoding=\"async\" class=\"spectra-image-gallery__media-thumbnail spectra-image-gallery__media-thumbnail--grid\" src=\"https:\/\/agence-france.fr\/wp-content\/uploads\/2023\/07\/e309.200_-_e.309.300_-_e.309.400_-_e309.500-300x300.jpg\" alt=\"\" loading=\"lazy\" \/>\n\t\t\t\t<\/picture>\n\t\t\t\t<div class=\"spectra-image-gallery__media-thumbnail-blurrer\"><\/div>\n\t\t\t\t\t\t\t\t\t\t\t<div class=\"spectra-image-gallery__media-thumbnail-caption-wrapper spectra-image-gallery__media-thumbnail-caption-wrapper--overlay\">\n\t\t\t\t\t\t\t\t\t\t\t<div class=\"spectra-image-gallery__media-thumbnail-caption spectra-image-gallery__media-thumbnail-caption--overlay\">\n\t\t\t\t\tInfinity \t\t\t\t<\/div>\n\t\t\t\t\t\t\t\t\t\t<\/div>\n\t\t\t\t\t\t\t\t\t<\/div>\n\t\t\t\t\t\t<\/div>\n\t\t\t\t\t\t<div class='spectra-image-gallery__media-wrapper' data-spectra-gallery-image-id='270'>\n\t\t\t\t\t\t\t<div class=\"spectra-image-gallery__media spectra-image-gallery__media--grid\">\n\t\t\t\t<picture>\n\t\t\t\t\t<source media=\"(min-width: 1024px)\" srcset=\"https:\/\/agence-france.fr\/wp-content\/uploads\/2023\/05\/Portal-Eumar-2-1024x724.jpg\">\n\t\t\t\t\t<source media=\"(min-width: 768px)\" srcset=\"https:\/\/agence-france.fr\/wp-content\/uploads\/2023\/05\/Portal-Eumar-2-1024x724.jpg\">\n\t\t\t\t\t<img decoding=\"async\" class=\"spectra-image-gallery__media-thumbnail spectra-image-gallery__media-thumbnail--grid\" src=\"https:\/\/agence-france.fr\/wp-content\/uploads\/2023\/05\/Portal-Eumar-2-300x212.jpg\" alt=\"\" loading=\"lazy\" \/>\n\t\t\t\t<\/picture>\n\t\t\t\t<div class=\"spectra-image-gallery__media-thumbnail-blurrer\"><\/div>\n\t\t\t\t\t\t\t\t\t\t\t<div class=\"spectra-image-gallery__media-thumbnail-caption-wrapper spectra-image-gallery__media-thumbnail-caption-wrapper--overlay\">\n\t\t\t\t\t\t\t\t\t\t\t<div class=\"spectra-image-gallery__media-thumbnail-caption spectra-image-gallery__media-thumbnail-caption--overlay\">\n\t\t\t\t\tPortal\t\t\t\t<\/div>\n\t\t\t\t\t\t\t\t\t\t<\/div>\n\t\t\t\t\t\t\t\t\t<\/div>\n\t\t\t\t\t\t<\/div>\n\t\t\t\t\t\t\t\t\t\t<\/div>\n\t\t\t\t\t\t\t\t\t\t\t\t\t\t\t\t\t\t<\/div>\n\t\t\t\t\t\t\t\t\t\n\n\n<p>D&#8217;un point de vue esth\u00e9tique, le miroir infini offre une sym\u00e9trie et une harmonie remarquables. Les lignes r\u00e9p\u00e9t\u00e9es \u00e0 l&#8217;infini guident l&#8217;\u0153il dans une spirale hypnotique, \u00e9voquant un sentiment vertigineux d&#8217;\u00e9merveillement. Les jeux de lumi\u00e8re et d&#8217;ombre sur les surfaces r\u00e9fl\u00e9chissantes cr\u00e9ent des effets de brillance et de profondeur, ajoutant une dimension presque magique \u00e0 l&#8217;ensemble. L&#8217;installation du miroir infini devient ainsi un espace \u00e9nigmatique, o\u00f9 l&#8217;on perd la notion du r\u00e9el et de l&#8217;imaginaire.<\/p>\n\n\n\n<p>En plus de son aspect esth\u00e9tique, le miroir infini suscite \u00e9galement des r\u00e9flexions plus profondes sur la notion d&#8217;infini et d&#8217;auto-r\u00e9f\u00e9rence. Il invite les spectateurs \u00e0 m\u00e9diter sur la nature infinie de l&#8217;univers et de la conscience humaine, faisant \u00e9cho \u00e0 l&#8217;id\u00e9e que chaque image refl\u00e9t\u00e9e contient \u00e0 son tour d&#8217;autres images infinies. <\/p>\n\n\n\n<h2 class=\"wp-block-heading\">S\u00e9lection de produits: <\/h2>\n\n\n\n<h2 class=\"wp-block-heading has-medium-font-size\">Infinity: <\/h2>\n\n\n\n<div class=\"wp-block-uagb-container uagb-block-bf4ccb0c alignfull uagb-is-root-container\"><div class=\"uagb-container-inner-blocks-wrap\">\n<div class=\"wp-block-uagb-container uagb-block-3fe16de0\">\n<figure class=\"wp-block-image size-large\"><img decoding=\"async\" loading=\"lazy\" width=\"724\" height=\"1024\" src=\"https:\/\/agence-france.fr\/wp-content\/uploads\/2023\/07\/Clic-BMB-Infinity-724x1024.png\" alt=\"\" class=\"wp-image-2404\" srcset=\"https:\/\/agence-france.fr\/wp-content\/uploads\/2023\/07\/Clic-BMB-Infinity-724x1024.png 724w, https:\/\/agence-france.fr\/wp-content\/uploads\/2023\/07\/Clic-BMB-Infinity-212x300.png 212w, https:\/\/agence-france.fr\/wp-content\/uploads\/2023\/07\/Clic-BMB-Infinity-768x1086.png 768w, https:\/\/agence-france.fr\/wp-content\/uploads\/2023\/07\/Clic-BMB-Infinity-1086x1536.png 1086w, https:\/\/agence-france.fr\/wp-content\/uploads\/2023\/07\/Clic-BMB-Infinity.png 1414w\" sizes=\"(max-width: 724px) 100vw, 724px\" \/><\/figure>\n<\/div>\n\n\n\n<div class=\"wp-block-uagb-container uagb-block-60b27b07\"><\/div>\n\n\n\n<div class=\"wp-block-uagb-container uagb-block-c5a93aed\"><\/div>\n\n\n\n<div class=\"wp-block-uagb-container uagb-block-7d7a6d4d\"><\/div>\n\n\n\n<div class=\"wp-block-uagb-container uagb-block-35ca991c\"><\/div>\n<\/div><\/div>\n\n\n\n<h2 class=\"wp-block-heading has-medium-font-size\">Portal<\/h2>\n\n\n\n<div class=\"wp-block-uagb-container uagb-block-c2c202b8 alignfull uagb-is-root-container\"><div class=\"uagb-container-inner-blocks-wrap\">\n<div class=\"wp-block-uagb-container uagb-block-fc485e35\">\n<figure class=\"wp-block-image size-large\"><a href=\"https:\/\/agence-france.fr\/index.php\/nos-produits-portal\/\"><img decoding=\"async\" loading=\"lazy\" width=\"724\" height=\"1024\" src=\"https:\/\/agence-france.fr\/wp-content\/uploads\/2023\/07\/Clic-Eumar-Portal-724x1024.png\" alt=\"\" class=\"wp-image-2406\" srcset=\"https:\/\/agence-france.fr\/wp-content\/uploads\/2023\/07\/Clic-Eumar-Portal-724x1024.png 724w, https:\/\/agence-france.fr\/wp-content\/uploads\/2023\/07\/Clic-Eumar-Portal-212x300.png 212w, https:\/\/agence-france.fr\/wp-content\/uploads\/2023\/07\/Clic-Eumar-Portal-768x1086.png 768w, https:\/\/agence-france.fr\/wp-content\/uploads\/2023\/07\/Clic-Eumar-Portal-1086x1536.png 1086w, https:\/\/agence-france.fr\/wp-content\/uploads\/2023\/07\/Clic-Eumar-Portal.png 1414w\" sizes=\"(max-width: 724px) 100vw, 724px\" \/><\/a><\/figure>\n<\/div>\n\n\n\n<div class=\"wp-block-uagb-container uagb-block-08266bed\"><\/div>\n\n\n\n<div class=\"wp-block-uagb-container uagb-block-0d267abb\"><\/div>\n\n\n\n<div class=\"wp-block-uagb-container uagb-block-72ad50e4\"><\/div>\n\n\n\n<div class=\"wp-block-uagb-container uagb-block-bfff2a3c\"><\/div>\n<\/div><\/div>\n\n\n\n<h2 class=\"wp-block-heading\">Navigation<\/h2>\n\n\n\n<div class=\"wp-block-uagb-container uagb-block-25d65388 alignfull uagb-is-root-container\"><div class=\"uagb-container-inner-blocks-wrap\">\n<div class=\"wp-block-uagb-container uagb-block-d3a46408\">\n<figure class=\"wp-block-image size-large\"><a href=\"https:\/\/agence-france.fr\/index.php\/nos-marques\/nos-marques-bmb\/\"><img decoding=\"async\" loading=\"lazy\" width=\"724\" height=\"1024\" src=\"https:\/\/agence-france.fr\/wp-content\/uploads\/2023\/07\/Galerie-BMB-2-724x1024.png\" alt=\"\" class=\"wp-image-2409\" srcset=\"https:\/\/agence-france.fr\/wp-content\/uploads\/2023\/07\/Galerie-BMB-2-724x1024.png 724w, https:\/\/agence-france.fr\/wp-content\/uploads\/2023\/07\/Galerie-BMB-2-212x300.png 212w, https:\/\/agence-france.fr\/wp-content\/uploads\/2023\/07\/Galerie-BMB-2-768x1086.png 768w, https:\/\/agence-france.fr\/wp-content\/uploads\/2023\/07\/Galerie-BMB-2-1086x1536.png 1086w, https:\/\/agence-france.fr\/wp-content\/uploads\/2023\/07\/Galerie-BMB-2.png 1414w\" sizes=\"(max-width: 724px) 100vw, 724px\" \/><\/a><\/figure>\n<\/div>\n\n\n\n<div class=\"wp-block-uagb-container uagb-block-34273543\">\n<figure class=\"wp-block-image size-large\"><a href=\"https:\/\/agence-france.fr\/index.php\/nos-marques-eumar\/\"><img decoding=\"async\" loading=\"lazy\" width=\"724\" height=\"1024\" src=\"https:\/\/agence-france.fr\/wp-content\/uploads\/2023\/07\/Galerie-Eumar-7-724x1024.png\" alt=\"\" class=\"wp-image-2410\" srcset=\"https:\/\/agence-france.fr\/wp-content\/uploads\/2023\/07\/Galerie-Eumar-7-724x1024.png 724w, https:\/\/agence-france.fr\/wp-content\/uploads\/2023\/07\/Galerie-Eumar-7-212x300.png 212w, https:\/\/agence-france.fr\/wp-content\/uploads\/2023\/07\/Galerie-Eumar-7-768x1086.png 768w, https:\/\/agence-france.fr\/wp-content\/uploads\/2023\/07\/Galerie-Eumar-7-1086x1536.png 1086w, https:\/\/agence-france.fr\/wp-content\/uploads\/2023\/07\/Galerie-Eumar-7.png 1414w\" sizes=\"(max-width: 724px) 100vw, 724px\" \/><\/a><\/figure>\n<\/div>\n\n\n\n<div class=\"wp-block-uagb-container uagb-block-d1bbbce3\"><\/div>\n\n\n\n<div class=\"wp-block-uagb-container uagb-block-8e15e914\"><\/div>\n\n\n\n<div class=\"wp-block-uagb-container uagb-block-202cf18e\"><\/div>\n<\/div><\/div>\n","protected":false},"excerpt":{"rendered":"<p>Le miroir infini, v\u00e9ritable chef-d&#8217;\u0153uvre esth\u00e9tique, est une cr\u00e9ation fascinante qui utilise l&#8217;effet Droste pour engendrer une illusion visuelle saisissante. Cette \u0153uvre d&#8217;art unique transporte les observateurs dans un voyage captivant \u00e0 travers un paysage r\u00e9fl\u00e9chi en boucle infinie, cr\u00e9ant ainsi un effet d&#8217;infinit\u00e9 et de profondeur. Au c\u0153ur de cette pi\u00e8ce exceptionnelle, se trouve [&hellip;]<\/p>\n","protected":false},"author":1,"featured_media":0,"parent":0,"menu_order":0,"comment_status":"closed","ping_status":"closed","template":"","meta":{"om_disable_all_campaigns":false,"_uag_custom_page_level_css":"","_monsterinsights_skip_tracking":false,"_monsterinsights_sitenote_active":false,"_monsterinsights_sitenote_note":"","_monsterinsights_sitenote_category":0},"aioseo_notices":[],"uagb_featured_image_src":{"full":false,"thumbnail":false,"medium":false,"medium_large":false,"large":false,"1536x1536":false,"2048x2048":false},"uagb_author_info":{"display_name":"pbc","author_link":"https:\/\/agence-france.fr\/index.php\/author\/p-boissonnade\/"},"uagb_comment_info":0,"uagb_excerpt":"Le miroir infini, v\u00e9ritable chef-d&#8217;\u0153uvre esth\u00e9tique, est une cr\u00e9ation fascinante qui utilise l&#8217;effet Droste pour engendrer une illusion visuelle saisissante. Cette \u0153uvre d&#8217;art unique transporte les observateurs dans un voyage captivant \u00e0 travers un paysage r\u00e9fl\u00e9chi en boucle infinie, cr\u00e9ant ainsi un effet d&#8217;infinit\u00e9 et de profondeur. Au c\u0153ur de cette pi\u00e8ce exceptionnelle, se trouve\u2026","_links":{"self":[{"href":"https:\/\/agence-france.fr\/index.php\/wp-json\/wp\/v2\/pages\/2399"}],"collection":[{"href":"https:\/\/agence-france.fr\/index.php\/wp-json\/wp\/v2\/pages"}],"about":[{"href":"https:\/\/agence-france.fr\/index.php\/wp-json\/wp\/v2\/types\/page"}],"author":[{"embeddable":true,"href":"https:\/\/agence-france.fr\/index.php\/wp-json\/wp\/v2\/users\/1"}],"replies":[{"embeddable":true,"href":"https:\/\/agence-france.fr\/index.php\/wp-json\/wp\/v2\/comments?post=2399"}],"version-history":[{"count":2,"href":"https:\/\/agence-france.fr\/index.php\/wp-json\/wp\/v2\/pages\/2399\/revisions"}],"predecessor-version":[{"id":2411,"href":"https:\/\/agence-france.fr\/index.php\/wp-json\/wp\/v2\/pages\/2399\/revisions\/2411"}],"wp:attachment":[{"href":"https:\/\/agence-france.fr\/index.php\/wp-json\/wp\/v2\/media?parent=2399"}],"curies":[{"name":"wp","href":"https:\/\/api.w.org\/{rel}","templated":true}]}}