{"id":2381,"date":"2023-07-20T12:16:00","date_gmt":"2023-07-20T12:16:00","guid":{"rendered":"https:\/\/agence-france.fr\/?page_id=2381"},"modified":"2023-07-20T12:16:01","modified_gmt":"2023-07-20T12:16:01","slug":"nos-produits-portal","status":"publish","type":"page","link":"https:\/\/agence-france.fr\/index.php\/nos-produits-portal\/","title":{"rendered":"Nos produits &#8211; Portal"},"content":{"rendered":"\n<div class=\"wp-block-uagb-container uagb-block-bd5d25ad alignfull uagb-is-root-container\"><div class=\"uagb-container-inner-blocks-wrap\">\n<div class=\"wp-block-uagb-container uagb-block-a1fa1647\">\n<figure class=\"wp-block-video\"><video controls src=\"https:\/\/agence-france.fr\/wp-content\/uploads\/2023\/07\/Eumar-Portal-1.mp4\"><\/video><\/figure>\n<\/div>\n\n\n\n<div class=\"wp-block-uagb-container uagb-block-7e75ddc0\">\n<p>Un \u00e9l\u00e9gant lavabo (CreaCore) flottant plac\u00e9 dans un gigantesque miroir rond avec un \u00e9clairage extravagant et invitant. Le produit final est un design qui ressemble \u00e0 un portail vers une autre dimension, invitant le spectateur \u00e0 le franchir et \u00e0 oublier tout ce qu&#8217;il sait de la conception d&#8217;une salle de bains. <\/p>\n\n\n\n<p>Des lumi\u00e8res multicolores tourbillonnent et dansent dans un spectacle interactif brillant qui charmera et s\u00e9duira les spectateurs. Le lavabo portail est une porte de distorsion qui vous transporte dans un monde compl\u00e8tement diff\u00e9rent, fait d&#8217;inspiration et de po\u00e9sie.<\/p>\n<\/div>\n<\/div><\/div>\n\n\n\n<h2 class=\"wp-block-heading\">En diff\u00e9rentes configurations&#8230;<\/h2>\n\n\n\n<div class=\"wp-block-uagb-container uagb-block-fbd4ac17 alignfull uagb-is-root-container\"><div class=\"uagb-container-inner-blocks-wrap\">\n<div class=\"wp-block-uagb-container uagb-block-90c3c18d\">\n<figure class=\"wp-block-image size-full\"><img decoding=\"async\" loading=\"lazy\" width=\"1024\" height=\"770\" src=\"https:\/\/agence-france.fr\/wp-content\/uploads\/2023\/07\/Portal-wb-160c-484-1616-01-1-1024x770-1.png\" alt=\"\" class=\"wp-image-2383\" srcset=\"https:\/\/agence-france.fr\/wp-content\/uploads\/2023\/07\/Portal-wb-160c-484-1616-01-1-1024x770-1.png 1024w, https:\/\/agence-france.fr\/wp-content\/uploads\/2023\/07\/Portal-wb-160c-484-1616-01-1-1024x770-1-300x226.png 300w, https:\/\/agence-france.fr\/wp-content\/uploads\/2023\/07\/Portal-wb-160c-484-1616-01-1-1024x770-1-768x578.png 768w\" sizes=\"(max-width: 1024px) 100vw, 1024px\" \/><\/figure>\n<\/div>\n\n\n\n<div class=\"wp-block-uagb-container uagb-block-7d05133a\">\n<figure class=\"wp-block-image size-full\"><img decoding=\"async\" loading=\"lazy\" width=\"1024\" height=\"770\" src=\"https:\/\/agence-france.fr\/wp-content\/uploads\/2023\/07\/Portal-mirror-O1-484-1707-51-1024x770-1.png\" alt=\"\" class=\"wp-image-2384\" srcset=\"https:\/\/agence-france.fr\/wp-content\/uploads\/2023\/07\/Portal-mirror-O1-484-1707-51-1024x770-1.png 1024w, https:\/\/agence-france.fr\/wp-content\/uploads\/2023\/07\/Portal-mirror-O1-484-1707-51-1024x770-1-300x226.png 300w, https:\/\/agence-france.fr\/wp-content\/uploads\/2023\/07\/Portal-mirror-O1-484-1707-51-1024x770-1-768x578.png 768w\" sizes=\"(max-width: 1024px) 100vw, 1024px\" \/><\/figure>\n<\/div>\n\n\n\n<div class=\"wp-block-uagb-container uagb-block-8bd2f90e\">\n<figure class=\"wp-block-image size-full\"><img decoding=\"async\" loading=\"lazy\" width=\"1024\" height=\"770\" src=\"https:\/\/agence-france.fr\/wp-content\/uploads\/2023\/07\/Portal-WB-mirror-O1-with-wall-shelf-484-1707-02-1024x770-1.png\" alt=\"\" class=\"wp-image-2385\" srcset=\"https:\/\/agence-france.fr\/wp-content\/uploads\/2023\/07\/Portal-WB-mirror-O1-with-wall-shelf-484-1707-02-1024x770-1.png 1024w, https:\/\/agence-france.fr\/wp-content\/uploads\/2023\/07\/Portal-WB-mirror-O1-with-wall-shelf-484-1707-02-1024x770-1-300x226.png 300w, https:\/\/agence-france.fr\/wp-content\/uploads\/2023\/07\/Portal-WB-mirror-O1-with-wall-shelf-484-1707-02-1024x770-1-768x578.png 768w\" sizes=\"(max-width: 1024px) 100vw, 1024px\" \/><\/figure>\n<\/div>\n\n\n\n<div class=\"wp-block-uagb-container uagb-block-10c0e058\">\n<figure class=\"wp-block-image size-full\"><img decoding=\"async\" loading=\"lazy\" width=\"1024\" height=\"661\" src=\"https:\/\/agence-france.fr\/wp-content\/uploads\/2023\/07\/portal-wb-54c-484-0505-80-1024x661-1.png\" alt=\"\" class=\"wp-image-2386\" srcset=\"https:\/\/agence-france.fr\/wp-content\/uploads\/2023\/07\/portal-wb-54c-484-0505-80-1024x661-1.png 1024w, https:\/\/agence-france.fr\/wp-content\/uploads\/2023\/07\/portal-wb-54c-484-0505-80-1024x661-1-300x194.png 300w, https:\/\/agence-france.fr\/wp-content\/uploads\/2023\/07\/portal-wb-54c-484-0505-80-1024x661-1-768x496.png 768w\" sizes=\"(max-width: 1024px) 100vw, 1024px\" \/><\/figure>\n<\/div>\n<\/div><\/div>\n\n\n\n<h2 class=\"wp-block-heading\">Catalogue: <\/h2>\n\n\n\n<div class=\"wp-block-uagb-container uagb-block-3e368263 alignfull uagb-is-root-container\"><div class=\"uagb-container-inner-blocks-wrap\">\n<div class=\"wp-block-uagb-container uagb-block-0621342c\">\n<figure class=\"wp-block-image size-full\"><a href=\"https:\/\/drive.google.com\/file\/d\/1CtKCWKsyVNEiN3FjtItdrrzfJaX99WqS\/view?usp=sharing\" target=\"_blank\" rel=\"noreferrer noopener\"><img decoding=\"async\" loading=\"lazy\" width=\"762\" height=\"471\" src=\"https:\/\/agence-france.fr\/wp-content\/uploads\/2023\/07\/Eumar-portal-front.png\" alt=\"\" class=\"wp-image-2387\" srcset=\"https:\/\/agence-france.fr\/wp-content\/uploads\/2023\/07\/Eumar-portal-front.png 762w, https:\/\/agence-france.fr\/wp-content\/uploads\/2023\/07\/Eumar-portal-front-300x185.png 300w\" sizes=\"(max-width: 762px) 100vw, 762px\" \/><\/a><\/figure>\n<\/div>\n\n\n\n<div class=\"wp-block-uagb-container uagb-block-b596c631\"><style>.wp-block-kadence-iconlist.kt-svg-icon-list-items_887817-9d ul.kt-svg-icon-list:not(.this-prevents-issues):not(.this-stops-third-party-issues):not(.tijsloc){margin-top:0px;margin-right:0px;margin-bottom:var(--global-kb-spacing-sm, 1.5rem);margin-left:0px;}.wp-block-kadence-iconlist.kt-svg-icon-list-items_887817-9d ul.kt-svg-icon-list{grid-row-gap:5px;}.wp-block-kadence-iconlist.kt-svg-icon-list-items_887817-9d ul.kt-svg-icon-list .kt-svg-icon-list-item-wrap .kt-svg-icon-list-single{margin-right:10px;}.kt-svg-icon-list-items_887817-9d ul.kt-svg-icon-list .kt-svg-icon-list-level-0 .kt-svg-icon-list-single svg{font-size:20px;}@media all and (max-width: 1024px){.wp-block-kadence-iconlist.kt-svg-icon-list-items_887817-9d ul.kt-svg-icon-list{grid-row-gap:5px;}}@media all and (max-width: 767px){.wp-block-kadence-iconlist.kt-svg-icon-list-items_887817-9d ul.kt-svg-icon-list{grid-row-gap:5px;}}<\/style>\n<div class=\"wp-block-kadence-iconlist kt-svg-icon-list-items kt-svg-icon-list-items_887817-9d kt-svg-icon-list-columns-1 alignnone\"><ul class=\"kt-svg-icon-list\">\n<li class=\"wp-block-kadence-listitem kt-svg-icon-list-item-wrap kt-svg-icon-list-item-_18a37b-f1\"><span class=\"kb-svg-icon-wrap kb-svg-icon-fe_arrowLeft kt-svg-icon-list-single\"><svg viewBox=\"0 0 24 24\"  fill=\"none\" stroke=\"currentColor\" stroke-width=\"2\" stroke-linecap=\"round\" stroke-linejoin=\"round\" xmlns=\"http:\/\/www.w3.org\/2000\/svg\" ><line x1=\"19\" y1=\"12\" x2=\"5\" y2=\"12\"\/><polyline points=\"12 19 5 12 12 5\"\/><\/svg><\/span><span class=\"kt-svg-icon-list-text\">Lookbook<\/span><\/li>\n<\/ul><\/div>\n<\/div>\n\n\n\n<div class=\"wp-block-uagb-container uagb-block-eac4caa5\"><\/div>\n<\/div><\/div>\n\n\n\n<h2 class=\"wp-block-heading\">Navigation<\/h2>\n\n\n\n<div class=\"wp-block-uagb-container uagb-block-38f8db9a alignfull uagb-is-root-container\"><div class=\"uagb-container-inner-blocks-wrap\">\n<div class=\"wp-block-uagb-container uagb-block-116809b7\">\n<figure class=\"wp-block-image size-large\"><a href=\"https:\/\/agence-france.fr\/index.php\/nos-marques-eumar\/\"><img decoding=\"async\" loading=\"lazy\" width=\"724\" height=\"1024\" src=\"https:\/\/agence-france.fr\/wp-content\/uploads\/2023\/07\/Galerie-Eumar-6-724x1024.png\" alt=\"\" class=\"wp-image-2390\" srcset=\"https:\/\/agence-france.fr\/wp-content\/uploads\/2023\/07\/Galerie-Eumar-6-724x1024.png 724w, https:\/\/agence-france.fr\/wp-content\/uploads\/2023\/07\/Galerie-Eumar-6-212x300.png 212w, https:\/\/agence-france.fr\/wp-content\/uploads\/2023\/07\/Galerie-Eumar-6-768x1086.png 768w, https:\/\/agence-france.fr\/wp-content\/uploads\/2023\/07\/Galerie-Eumar-6-1086x1536.png 1086w, https:\/\/agence-france.fr\/wp-content\/uploads\/2023\/07\/Galerie-Eumar-6.png 1414w\" sizes=\"(max-width: 724px) 100vw, 724px\" \/><\/a><\/figure>\n<\/div>\n\n\n\n<div class=\"wp-block-uagb-container uagb-block-b59772f1\"><\/div>\n\n\n\n<div class=\"wp-block-uagb-container uagb-block-2dc863c0\"><\/div>\n\n\n\n<div class=\"wp-block-uagb-container uagb-block-45530ec2\"><\/div>\n\n\n\n<div class=\"wp-block-uagb-container uagb-block-365673e8\">\n<figure class=\"wp-block-image size-large\"><a href=\"https:\/\/agence-france.fr\/index.php\/nos-produits\/\"><img decoding=\"async\" loading=\"lazy\" width=\"724\" height=\"1024\" src=\"https:\/\/agence-france.fr\/wp-content\/uploads\/2023\/07\/clic-retour-nos-produits-4-724x1024.png\" alt=\"\" class=\"wp-image-2391\" srcset=\"https:\/\/agence-france.fr\/wp-content\/uploads\/2023\/07\/clic-retour-nos-produits-4-724x1024.png 724w, https:\/\/agence-france.fr\/wp-content\/uploads\/2023\/07\/clic-retour-nos-produits-4-212x300.png 212w, https:\/\/agence-france.fr\/wp-content\/uploads\/2023\/07\/clic-retour-nos-produits-4-768x1086.png 768w, https:\/\/agence-france.fr\/wp-content\/uploads\/2023\/07\/clic-retour-nos-produits-4-1086x1536.png 1086w, https:\/\/agence-france.fr\/wp-content\/uploads\/2023\/07\/clic-retour-nos-produits-4.png 1414w\" sizes=\"(max-width: 724px) 100vw, 724px\" \/><\/a><\/figure>\n<\/div>\n<\/div><\/div>\n","protected":false},"excerpt":{"rendered":"<p>Un \u00e9l\u00e9gant lavabo (CreaCore) flottant plac\u00e9 dans un gigantesque miroir rond avec un \u00e9clairage extravagant et invitant. Le produit final est un design qui ressemble \u00e0 un portail vers une autre dimension, invitant le spectateur \u00e0 le franchir et \u00e0 oublier tout ce qu&#8217;il sait de la conception d&#8217;une salle de bains. Des lumi\u00e8res multicolores [&hellip;]<\/p>\n","protected":false},"author":1,"featured_media":0,"parent":0,"menu_order":0,"comment_status":"closed","ping_status":"closed","template":"","meta":{"om_disable_all_campaigns":false,"_uag_custom_page_level_css":"","_monsterinsights_skip_tracking":false,"_monsterinsights_sitenote_active":false,"_monsterinsights_sitenote_note":"","_monsterinsights_sitenote_category":0},"aioseo_notices":[],"uagb_featured_image_src":{"full":false,"thumbnail":false,"medium":false,"medium_large":false,"large":false,"1536x1536":false,"2048x2048":false},"uagb_author_info":{"display_name":"pbc","author_link":"https:\/\/agence-france.fr\/index.php\/author\/p-boissonnade\/"},"uagb_comment_info":0,"uagb_excerpt":"Un \u00e9l\u00e9gant lavabo (CreaCore) flottant plac\u00e9 dans un gigantesque miroir rond avec un \u00e9clairage extravagant et invitant. Le produit final est un design qui ressemble \u00e0 un portail vers une autre dimension, invitant le spectateur \u00e0 le franchir et \u00e0 oublier tout ce qu&#8217;il sait de la conception d&#8217;une salle de bains. Des lumi\u00e8res multicolores\u2026","_links":{"self":[{"href":"https:\/\/agence-france.fr\/index.php\/wp-json\/wp\/v2\/pages\/2381"}],"collection":[{"href":"https:\/\/agence-france.fr\/index.php\/wp-json\/wp\/v2\/pages"}],"about":[{"href":"https:\/\/agence-france.fr\/index.php\/wp-json\/wp\/v2\/types\/page"}],"author":[{"embeddable":true,"href":"https:\/\/agence-france.fr\/index.php\/wp-json\/wp\/v2\/users\/1"}],"replies":[{"embeddable":true,"href":"https:\/\/agence-france.fr\/index.php\/wp-json\/wp\/v2\/comments?post=2381"}],"version-history":[{"count":1,"href":"https:\/\/agence-france.fr\/index.php\/wp-json\/wp\/v2\/pages\/2381\/revisions"}],"predecessor-version":[{"id":2392,"href":"https:\/\/agence-france.fr\/index.php\/wp-json\/wp\/v2\/pages\/2381\/revisions\/2392"}],"wp:attachment":[{"href":"https:\/\/agence-france.fr\/index.php\/wp-json\/wp\/v2\/media?parent=2381"}],"curies":[{"name":"wp","href":"https:\/\/api.w.org\/{rel}","templated":true}]}}