{"id":2326,"date":"2023-07-19T14:30:35","date_gmt":"2023-07-19T14:30:35","guid":{"rendered":"https:\/\/agence-france.fr\/?page_id=2326"},"modified":"2023-07-19T14:37:21","modified_gmt":"2023-07-19T14:37:21","slug":"nos-produits-baignoires-ovo","status":"publish","type":"page","link":"https:\/\/agence-france.fr\/index.php\/nos-produits-baignoires-ovo\/","title":{"rendered":"Nos produits &#8211; Baignoires OVO"},"content":{"rendered":"<div class=\"wp-block-image\">\n<figure class=\"aligncenter size-large is-resized\"><a href=\"https:\/\/agence-france.fr\/wp-content\/uploads\/2023\/07\/ovo.webp\" target=\"_blank\" rel=\"noreferrer noopener\"><img decoding=\"async\" loading=\"lazy\" src=\"https:\/\/agence-france.fr\/wp-content\/uploads\/2023\/07\/ovo-1024x648.webp\" alt=\"\" class=\"wp-image-2328\" width=\"842\" height=\"532\" srcset=\"https:\/\/agence-france.fr\/wp-content\/uploads\/2023\/07\/ovo-1024x648.webp 1024w, https:\/\/agence-france.fr\/wp-content\/uploads\/2023\/07\/ovo-300x190.webp 300w, https:\/\/agence-france.fr\/wp-content\/uploads\/2023\/07\/ovo-768x486.webp 768w, https:\/\/agence-france.fr\/wp-content\/uploads\/2023\/07\/ovo.webp 1280w\" sizes=\"(max-width: 842px) 100vw, 842px\" \/><\/a><\/figure><\/div>\n\n\n<div class=\"wp-block-uagb-container uagb-block-8208b2d7 alignfull uagb-is-root-container\"><div class=\"uagb-container-inner-blocks-wrap\">\n<div class=\"wp-block-uagb-container uagb-block-c8c3038f\">\n<figure class=\"wp-block-image size-large\"><a href=\"https:\/\/agence-france.fr\/wp-content\/uploads\/2023\/07\/ovo-2.webp\" target=\"_blank\" rel=\"noreferrer noopener\"><img decoding=\"async\" loading=\"lazy\" width=\"1024\" height=\"648\" src=\"https:\/\/agence-france.fr\/wp-content\/uploads\/2023\/07\/ovo-2-1024x648.webp\" alt=\"\" class=\"wp-image-2327\" srcset=\"https:\/\/agence-france.fr\/wp-content\/uploads\/2023\/07\/ovo-2-1024x648.webp 1024w, https:\/\/agence-france.fr\/wp-content\/uploads\/2023\/07\/ovo-2-300x190.webp 300w, https:\/\/agence-france.fr\/wp-content\/uploads\/2023\/07\/ovo-2-768x486.webp 768w, https:\/\/agence-france.fr\/wp-content\/uploads\/2023\/07\/ovo-2.webp 1280w\" sizes=\"(max-width: 1024px) 100vw, 1024px\" \/><\/a><\/figure>\n<\/div>\n\n\n\n<div class=\"wp-block-uagb-container uagb-block-6a73f47f\">\n<p>La baignoire autoportante de la collection Ovo a \u00e9t\u00e9 con\u00e7ue comme une pi\u00e8ce ma\u00eetresse. Confiante dans son allure, cette baignoire offre le nec plus ultra en mati\u00e8re de chouchoutage et de relaxation.<\/p>\n<\/div>\n\n\n\n<div class=\"wp-block-uagb-container uagb-block-2ea740c8\">\n<p class=\"has-text-align-right\">*Diponible en version corner<\/p>\n<\/div>\n\n\n\n<div class=\"wp-block-uagb-container uagb-block-fa4de0ca\">\n<figure class=\"wp-block-image size-full\"><a href=\"https:\/\/agence-france.fr\/wp-content\/uploads\/2023\/07\/ovo-bathtub-163l-corner-882-1606-70.jpg\" target=\"_blank\" rel=\"noreferrer noopener\"><img decoding=\"async\" loading=\"lazy\" width=\"1000\" height=\"589\" src=\"https:\/\/agence-france.fr\/wp-content\/uploads\/2023\/07\/ovo-bathtub-163l-corner-882-1606-70.jpg\" alt=\"\" class=\"wp-image-2330\" srcset=\"https:\/\/agence-france.fr\/wp-content\/uploads\/2023\/07\/ovo-bathtub-163l-corner-882-1606-70.jpg 1000w, https:\/\/agence-france.fr\/wp-content\/uploads\/2023\/07\/ovo-bathtub-163l-corner-882-1606-70-300x177.jpg 300w, https:\/\/agence-france.fr\/wp-content\/uploads\/2023\/07\/ovo-bathtub-163l-corner-882-1606-70-768x452.jpg 768w\" sizes=\"(max-width: 1000px) 100vw, 1000px\" \/><\/a><\/figure>\n<\/div>\n<\/div><\/div>\n\n\n\n<div class=\"wp-block-uagb-container uagb-block-de71fb5f alignfull uagb-is-root-container\"><div class=\"uagb-container-inner-blocks-wrap\">\n<div class=\"wp-block-uagb-container uagb-block-903bab86\">\n<p>La baignoire Ovo se marrie excellement bien dans la collection du m\u00eame nom.<\/p>\n\n\n\n<p>La collection pr\u00e9sente une trilogie de g\u00e9om\u00e9tries &#8211; ronde, ovale et rectangulaire. Les fines g\u00e9om\u00e9tries rectangulaires du syst\u00e8me de console et des \u00e9tag\u00e8res murales parall\u00e8les compl\u00e8tent les miroirs ronds et les douches ovales, les lavabos, les douches et les baignoires autoportantes.<\/p>\n<\/div>\n\n\n\n<div class=\"wp-block-uagb-container uagb-block-f7758e22\">\n<figure class=\"wp-block-image size-full\"><a href=\"https:\/\/agence-france.fr\/wp-content\/uploads\/2023\/07\/OvoOvo-Interior-09.jpg\" target=\"_blank\" rel=\"noreferrer noopener\"><img decoding=\"async\" loading=\"lazy\" width=\"1000\" height=\"706\" src=\"https:\/\/agence-france.fr\/wp-content\/uploads\/2023\/07\/OvoOvo-Interior-09.jpg\" alt=\"\" class=\"wp-image-2347\" srcset=\"https:\/\/agence-france.fr\/wp-content\/uploads\/2023\/07\/OvoOvo-Interior-09.jpg 1000w, https:\/\/agence-france.fr\/wp-content\/uploads\/2023\/07\/OvoOvo-Interior-09-300x212.jpg 300w, https:\/\/agence-france.fr\/wp-content\/uploads\/2023\/07\/OvoOvo-Interior-09-768x542.jpg 768w\" sizes=\"(max-width: 1000px) 100vw, 1000px\" \/><\/a><\/figure>\n<\/div>\n<\/div><\/div>\n\n\n\n<div class=\"wp-block-uagb-container uagb-block-7f47a94f alignfull uagb-is-root-container\"><div class=\"uagb-container-inner-blocks-wrap\">\n<div class=\"wp-block-uagb-container uagb-block-5b129dd0\">\n<figure class=\"wp-block-image size-large\"><a href=\"https:\/\/agence-france.fr\/wp-content\/uploads\/2023\/07\/ovo-m-public.jpg\" target=\"_blank\" rel=\"noreferrer noopener\"><img decoding=\"async\" loading=\"lazy\" width=\"1024\" height=\"725\" src=\"https:\/\/agence-france.fr\/wp-content\/uploads\/2023\/07\/ovo-m-public-1024x725.jpg\" alt=\"\" class=\"wp-image-2348\" srcset=\"https:\/\/agence-france.fr\/wp-content\/uploads\/2023\/07\/ovo-m-public-1024x725.jpg 1024w, https:\/\/agence-france.fr\/wp-content\/uploads\/2023\/07\/ovo-m-public-300x212.jpg 300w, https:\/\/agence-france.fr\/wp-content\/uploads\/2023\/07\/ovo-m-public-768x544.jpg 768w, https:\/\/agence-france.fr\/wp-content\/uploads\/2023\/07\/ovo-m-public-1536x1087.jpg 1536w, https:\/\/agence-france.fr\/wp-content\/uploads\/2023\/07\/ovo-m-public.jpg 1800w\" sizes=\"(max-width: 1024px) 100vw, 1024px\" \/><\/a><\/figure>\n<\/div>\n\n\n\n<div class=\"wp-block-uagb-container uagb-block-85603d06\">\n<figure class=\"wp-block-image size-large\"><a href=\"https:\/\/agence-france.fr\/wp-content\/uploads\/2023\/07\/Eumar_OVO2_Countertop_03-1.jpg\" target=\"_blank\" rel=\"noreferrer noopener\"><img decoding=\"async\" loading=\"lazy\" width=\"1024\" height=\"576\" src=\"https:\/\/agence-france.fr\/wp-content\/uploads\/2023\/07\/Eumar_OVO2_Countertop_03-1-1024x576.jpg\" alt=\"\" class=\"wp-image-2349\" srcset=\"https:\/\/agence-france.fr\/wp-content\/uploads\/2023\/07\/Eumar_OVO2_Countertop_03-1-1024x576.jpg 1024w, https:\/\/agence-france.fr\/wp-content\/uploads\/2023\/07\/Eumar_OVO2_Countertop_03-1-300x169.jpg 300w, https:\/\/agence-france.fr\/wp-content\/uploads\/2023\/07\/Eumar_OVO2_Countertop_03-1-768x432.jpg 768w, https:\/\/agence-france.fr\/wp-content\/uploads\/2023\/07\/Eumar_OVO2_Countertop_03-1.jpg 1280w\" sizes=\"(max-width: 1024px) 100vw, 1024px\" \/><\/a><\/figure>\n<\/div>\n\n\n\n<div class=\"wp-block-uagb-container uagb-block-f4d22a23\">\n<figure class=\"wp-block-image size-large\"><a href=\"https:\/\/agence-france.fr\/wp-content\/uploads\/2023\/07\/21-473.1507069265.5429.webp\" target=\"_blank\" rel=\"noreferrer noopener\"><img decoding=\"async\" loading=\"lazy\" width=\"1024\" height=\"648\" src=\"https:\/\/agence-france.fr\/wp-content\/uploads\/2023\/07\/21-473.1507069265.5429-1024x648.webp\" alt=\"\" class=\"wp-image-2350\" srcset=\"https:\/\/agence-france.fr\/wp-content\/uploads\/2023\/07\/21-473.1507069265.5429-1024x648.webp 1024w, https:\/\/agence-france.fr\/wp-content\/uploads\/2023\/07\/21-473.1507069265.5429-300x190.webp 300w, https:\/\/agence-france.fr\/wp-content\/uploads\/2023\/07\/21-473.1507069265.5429-768x486.webp 768w, https:\/\/agence-france.fr\/wp-content\/uploads\/2023\/07\/21-473.1507069265.5429.webp 1280w\" sizes=\"(max-width: 1024px) 100vw, 1024px\" \/><\/a><\/figure>\n<\/div>\n<\/div><\/div>\n\n\n\n<h2 class=\"wp-block-heading\">Catalogue<\/h2>\n\n\n\n<div class=\"wp-block-uagb-container uagb-block-a18448f2 alignfull uagb-is-root-container\"><div class=\"uagb-container-inner-blocks-wrap\">\n<div class=\"wp-block-uagb-container uagb-block-dbb7f034\">\n<figure class=\"wp-block-image size-full\"><a href=\"https:\/\/drive.google.com\/file\/d\/12ilBFnKK2jtccxEj36EsG4h9aTGSEkxY\/view?usp=sharing\" target=\"_blank\" rel=\"noreferrer noopener\"><img decoding=\"async\" loading=\"lazy\" width=\"474\" height=\"648\" src=\"https:\/\/agence-france.fr\/wp-content\/uploads\/2023\/07\/front-catalogue-et-listye-de-prix-eumar-3.png\" alt=\"\" class=\"wp-image-2332\" srcset=\"https:\/\/agence-france.fr\/wp-content\/uploads\/2023\/07\/front-catalogue-et-listye-de-prix-eumar-3.png 474w, https:\/\/agence-france.fr\/wp-content\/uploads\/2023\/07\/front-catalogue-et-listye-de-prix-eumar-3-219x300.png 219w\" sizes=\"(max-width: 474px) 100vw, 474px\" \/><\/a><\/figure>\n<\/div>\n\n\n\n<div class=\"wp-block-uagb-container uagb-block-e22de1b5\">\n<p><em>Collection Ovo p.45<\/em><\/p>\n<\/div>\n\n\n\n<div class=\"wp-block-uagb-container uagb-block-0a126be8\"><\/div>\n\n\n\n<div class=\"wp-block-uagb-container uagb-block-593c9017\"><\/div>\n\n\n\n<div class=\"wp-block-uagb-container uagb-block-5a19db36\"><\/div>\n<\/div><\/div>\n\n\n\n<h2 class=\"wp-block-heading\">Navigation<\/h2>\n\n\n\n<div class=\"wp-block-uagb-container uagb-block-a4bc2c97 alignfull uagb-is-root-container\"><div class=\"uagb-container-inner-blocks-wrap\">\n<div class=\"wp-block-uagb-container uagb-block-de7a1266\">\n<figure class=\"wp-block-image size-large\"><a href=\"https:\/\/agence-france.fr\/index.php\/nos-marques-eumar\/\"><img decoding=\"async\" loading=\"lazy\" width=\"724\" height=\"1024\" src=\"https:\/\/agence-france.fr\/wp-content\/uploads\/2023\/07\/Galerie-Eumar-4-724x1024.png\" alt=\"\" class=\"wp-image-2333\" srcset=\"https:\/\/agence-france.fr\/wp-content\/uploads\/2023\/07\/Galerie-Eumar-4-724x1024.png 724w, https:\/\/agence-france.fr\/wp-content\/uploads\/2023\/07\/Galerie-Eumar-4-212x300.png 212w, https:\/\/agence-france.fr\/wp-content\/uploads\/2023\/07\/Galerie-Eumar-4-768x1086.png 768w, https:\/\/agence-france.fr\/wp-content\/uploads\/2023\/07\/Galerie-Eumar-4-1086x1536.png 1086w, https:\/\/agence-france.fr\/wp-content\/uploads\/2023\/07\/Galerie-Eumar-4.png 1414w\" sizes=\"(max-width: 724px) 100vw, 724px\" \/><\/a><\/figure>\n<\/div>\n\n\n\n<div class=\"wp-block-uagb-container uagb-block-e812d78c\"><\/div>\n\n\n\n<div class=\"wp-block-uagb-container uagb-block-e1c7df85\"><\/div>\n\n\n\n<div class=\"wp-block-uagb-container uagb-block-4e247086\">\n<figure class=\"wp-block-image size-large\"><a href=\"https:\/\/agence-france.fr\/index.php\/nos-produits-creacore\/\"><img decoding=\"async\" loading=\"lazy\" width=\"724\" height=\"1024\" src=\"https:\/\/agence-france.fr\/wp-content\/uploads\/2023\/07\/clic-Creacore-724x1024.png\" alt=\"\" class=\"wp-image-2336\" srcset=\"https:\/\/agence-france.fr\/wp-content\/uploads\/2023\/07\/clic-Creacore-724x1024.png 724w, https:\/\/agence-france.fr\/wp-content\/uploads\/2023\/07\/clic-Creacore-212x300.png 212w, https:\/\/agence-france.fr\/wp-content\/uploads\/2023\/07\/clic-Creacore-768x1086.png 768w, https:\/\/agence-france.fr\/wp-content\/uploads\/2023\/07\/clic-Creacore-1086x1536.png 1086w, https:\/\/agence-france.fr\/wp-content\/uploads\/2023\/07\/clic-Creacore.png 1414w\" sizes=\"(max-width: 724px) 100vw, 724px\" \/><\/a><\/figure>\n<\/div>\n\n\n\n<div class=\"wp-block-uagb-container uagb-block-4750face\">\n<figure class=\"wp-block-image size-large\"><a href=\"https:\/\/agence-france.fr\/index.php\/nos-produits\/\"><img decoding=\"async\" loading=\"lazy\" width=\"724\" height=\"1024\" src=\"https:\/\/agence-france.fr\/wp-content\/uploads\/2023\/07\/clic-retour-nos-produits-1-724x1024.png\" alt=\"\" class=\"wp-image-2334\" srcset=\"https:\/\/agence-france.fr\/wp-content\/uploads\/2023\/07\/clic-retour-nos-produits-1-724x1024.png 724w, https:\/\/agence-france.fr\/wp-content\/uploads\/2023\/07\/clic-retour-nos-produits-1-212x300.png 212w, https:\/\/agence-france.fr\/wp-content\/uploads\/2023\/07\/clic-retour-nos-produits-1-768x1086.png 768w, https:\/\/agence-france.fr\/wp-content\/uploads\/2023\/07\/clic-retour-nos-produits-1-1086x1536.png 1086w, https:\/\/agence-france.fr\/wp-content\/uploads\/2023\/07\/clic-retour-nos-produits-1.png 1414w\" sizes=\"(max-width: 724px) 100vw, 724px\" \/><\/a><\/figure>\n<\/div>\n<\/div><\/div>\n","protected":false},"excerpt":{"rendered":"<p>La baignoire autoportante de la collection Ovo a \u00e9t\u00e9 con\u00e7ue comme une pi\u00e8ce ma\u00eetresse. Confiante dans son allure, cette baignoire offre le nec plus ultra en mati\u00e8re de chouchoutage et de relaxation. *Diponible en version corner La baignoire Ovo se marrie excellement bien dans la collection du m\u00eame nom. La collection pr\u00e9sente une trilogie de [&hellip;]<\/p>\n","protected":false},"author":1,"featured_media":0,"parent":0,"menu_order":0,"comment_status":"closed","ping_status":"closed","template":"","meta":{"om_disable_all_campaigns":false,"_uag_custom_page_level_css":"","_monsterinsights_skip_tracking":false,"_monsterinsights_sitenote_active":false,"_monsterinsights_sitenote_note":"","_monsterinsights_sitenote_category":0},"aioseo_notices":[],"uagb_featured_image_src":{"full":false,"thumbnail":false,"medium":false,"medium_large":false,"large":false,"1536x1536":false,"2048x2048":false},"uagb_author_info":{"display_name":"pbc","author_link":"https:\/\/agence-france.fr\/index.php\/author\/p-boissonnade\/"},"uagb_comment_info":0,"uagb_excerpt":"La baignoire autoportante de la collection Ovo a \u00e9t\u00e9 con\u00e7ue comme une pi\u00e8ce ma\u00eetresse. Confiante dans son allure, cette baignoire offre le nec plus ultra en mati\u00e8re de chouchoutage et de relaxation. *Diponible en version corner La baignoire Ovo se marrie excellement bien dans la collection du m\u00eame nom. La collection pr\u00e9sente une trilogie de\u2026","_links":{"self":[{"href":"https:\/\/agence-france.fr\/index.php\/wp-json\/wp\/v2\/pages\/2326"}],"collection":[{"href":"https:\/\/agence-france.fr\/index.php\/wp-json\/wp\/v2\/pages"}],"about":[{"href":"https:\/\/agence-france.fr\/index.php\/wp-json\/wp\/v2\/types\/page"}],"author":[{"embeddable":true,"href":"https:\/\/agence-france.fr\/index.php\/wp-json\/wp\/v2\/users\/1"}],"replies":[{"embeddable":true,"href":"https:\/\/agence-france.fr\/index.php\/wp-json\/wp\/v2\/comments?post=2326"}],"version-history":[{"count":6,"href":"https:\/\/agence-france.fr\/index.php\/wp-json\/wp\/v2\/pages\/2326\/revisions"}],"predecessor-version":[{"id":2353,"href":"https:\/\/agence-france.fr\/index.php\/wp-json\/wp\/v2\/pages\/2326\/revisions\/2353"}],"wp:attachment":[{"href":"https:\/\/agence-france.fr\/index.php\/wp-json\/wp\/v2\/media?parent=2326"}],"curies":[{"name":"wp","href":"https:\/\/api.w.org\/{rel}","templated":true}]}}