{"id":2304,"date":"2023-07-19T13:53:18","date_gmt":"2023-07-19T13:53:18","guid":{"rendered":"https:\/\/agence-france.fr\/?page_id=2304"},"modified":"2023-07-19T14:08:52","modified_gmt":"2023-07-19T14:08:52","slug":"nos-produits-origami","status":"publish","type":"page","link":"https:\/\/agence-france.fr\/index.php\/nos-produits-origami\/","title":{"rendered":"Nos produits &#8211; Origami"},"content":{"rendered":"\n<div class=\"wp-block-uagb-container uagb-block-4ace2c0b alignfull uagb-is-root-container\"><div class=\"uagb-container-inner-blocks-wrap\">\n<div class=\"wp-block-uagb-container uagb-block-295a32ab\">\n<figure class=\"wp-block-image size-full\"><img decoding=\"async\" loading=\"lazy\" width=\"1000\" height=\"668\" src=\"https:\/\/agence-france.fr\/wp-content\/uploads\/2023\/07\/OrigamiOrigami-Interior-21.jpeg\" alt=\"\" class=\"wp-image-2312\" srcset=\"https:\/\/agence-france.fr\/wp-content\/uploads\/2023\/07\/OrigamiOrigami-Interior-21.jpeg 1000w, https:\/\/agence-france.fr\/wp-content\/uploads\/2023\/07\/OrigamiOrigami-Interior-21-300x200.jpeg 300w, https:\/\/agence-france.fr\/wp-content\/uploads\/2023\/07\/OrigamiOrigami-Interior-21-768x513.jpeg 768w\" sizes=\"(max-width: 1000px) 100vw, 1000px\" \/><\/figure>\n<\/div>\n\n\n\n<div class=\"wp-block-uagb-container uagb-block-e0dd0978\">\n<figure class=\"wp-block-image size-full\"><img decoding=\"async\" loading=\"lazy\" width=\"1000\" height=\"667\" src=\"https:\/\/agence-france.fr\/wp-content\/uploads\/2023\/07\/OrigamiOrigami-Interior-22.jpeg\" alt=\"\" class=\"wp-image-2313\" srcset=\"https:\/\/agence-france.fr\/wp-content\/uploads\/2023\/07\/OrigamiOrigami-Interior-22.jpeg 1000w, https:\/\/agence-france.fr\/wp-content\/uploads\/2023\/07\/OrigamiOrigami-Interior-22-300x200.jpeg 300w, https:\/\/agence-france.fr\/wp-content\/uploads\/2023\/07\/OrigamiOrigami-Interior-22-768x512.jpeg 768w\" sizes=\"(max-width: 1000px) 100vw, 1000px\" \/><\/figure>\n<\/div>\n<\/div><\/div>\n\n\n\n<div class=\"wp-block-uagb-container uagb-block-29015a31 alignfull uagb-is-root-container\"><div class=\"uagb-container-inner-blocks-wrap\">\n<div class=\"wp-block-uagb-container uagb-block-67bb3a5d\">\n<p>Le lavabo Origami en solid surface CreaCore silky-mat avec une couleur et un mat\u00e9riau unis sur toute la surface, comptoir rectangulaire pour lavabos simples. Ecoulement unique cach\u00e9 sous le couvercle pour un aspect ultra-hygi\u00e9nique qui ajoute une qualit\u00e9 infinie \u00e0 l&#8217;ensemble du design. <\/p>\n<\/div>\n\n\n\n<div class=\"wp-block-uagb-container uagb-block-b6efc65b\">\n<figure class=\"wp-block-image size-full\"><img decoding=\"async\" loading=\"lazy\" width=\"1000\" height=\"704\" src=\"https:\/\/agence-france.fr\/wp-content\/uploads\/2023\/07\/OrigamiOrigami-Interior-02.jpeg\" alt=\"\" class=\"wp-image-2308\" srcset=\"https:\/\/agence-france.fr\/wp-content\/uploads\/2023\/07\/OrigamiOrigami-Interior-02.jpeg 1000w, https:\/\/agence-france.fr\/wp-content\/uploads\/2023\/07\/OrigamiOrigami-Interior-02-300x211.jpeg 300w, https:\/\/agence-france.fr\/wp-content\/uploads\/2023\/07\/OrigamiOrigami-Interior-02-768x541.jpeg 768w\" sizes=\"(max-width: 1000px) 100vw, 1000px\" \/><\/figure>\n<\/div>\n\n\n\n<div class=\"wp-block-uagb-container uagb-block-159e6ce9\">\n<figure class=\"wp-block-image size-full\"><img decoding=\"async\" loading=\"lazy\" width=\"1000\" height=\"1000\" src=\"https:\/\/agence-france.fr\/wp-content\/uploads\/2023\/07\/origami-60c-488-0604-80.jpg\" alt=\"\" class=\"wp-image-2307\" srcset=\"https:\/\/agence-france.fr\/wp-content\/uploads\/2023\/07\/origami-60c-488-0604-80.jpg 1000w, https:\/\/agence-france.fr\/wp-content\/uploads\/2023\/07\/origami-60c-488-0604-80-300x300.jpg 300w, https:\/\/agence-france.fr\/wp-content\/uploads\/2023\/07\/origami-60c-488-0604-80-150x150.jpg 150w, https:\/\/agence-france.fr\/wp-content\/uploads\/2023\/07\/origami-60c-488-0604-80-768x768.jpg 768w\" sizes=\"(max-width: 1000px) 100vw, 1000px\" \/><\/figure>\n<\/div>\n\n\n\n<div class=\"wp-block-uagb-container uagb-block-a6c4af71\">\n<p>Dimensions : 600x145x428mm. Poids : 9 kg. Sans couture et hygi\u00e9nique, non poreux et antibact\u00e9rien, pratique et facile \u00e0 entretenir, esth\u00e9tique et durable, r\u00e9parable et renouvelable, r\u00e9sistant aux chocs thermiques, conforme aux exigences de la norme CE (EN 14688). Tous les produits sont test\u00e9s de mani\u00e8re approfondie afin d&#8217;obtenir un maximum de confort et de durabilit\u00e9.<\/p>\n<\/div>\n<\/div><\/div>\n\n\n\n<div class=\"wp-block-uagb-container uagb-block-a341e812 alignfull uagb-is-root-container\"><div class=\"uagb-container-inner-blocks-wrap\">\n<div class=\"wp-block-uagb-container uagb-block-55f8f9d0\">\n<figure class=\"wp-block-image size-full\"><img decoding=\"async\" loading=\"lazy\" width=\"1000\" height=\"567\" src=\"https:\/\/agence-france.fr\/wp-content\/uploads\/2023\/07\/OrigamiOrigami-Interior-08.jpeg\" alt=\"\" class=\"wp-image-2309\" srcset=\"https:\/\/agence-france.fr\/wp-content\/uploads\/2023\/07\/OrigamiOrigami-Interior-08.jpeg 1000w, https:\/\/agence-france.fr\/wp-content\/uploads\/2023\/07\/OrigamiOrigami-Interior-08-300x170.jpeg 300w, https:\/\/agence-france.fr\/wp-content\/uploads\/2023\/07\/OrigamiOrigami-Interior-08-768x435.jpeg 768w\" sizes=\"(max-width: 1000px) 100vw, 1000px\" \/><\/figure>\n<\/div>\n\n\n\n<div class=\"wp-block-uagb-container uagb-block-85cf4a61\">\n<figure class=\"wp-block-image size-full\"><img decoding=\"async\" loading=\"lazy\" width=\"1000\" height=\"567\" src=\"https:\/\/agence-france.fr\/wp-content\/uploads\/2023\/07\/OrigamiOrigami-Interior-09.jpeg\" alt=\"\" class=\"wp-image-2310\" srcset=\"https:\/\/agence-france.fr\/wp-content\/uploads\/2023\/07\/OrigamiOrigami-Interior-09.jpeg 1000w, https:\/\/agence-france.fr\/wp-content\/uploads\/2023\/07\/OrigamiOrigami-Interior-09-300x170.jpeg 300w, https:\/\/agence-france.fr\/wp-content\/uploads\/2023\/07\/OrigamiOrigami-Interior-09-768x435.jpeg 768w\" sizes=\"(max-width: 1000px) 100vw, 1000px\" \/><\/figure>\n<\/div>\n\n\n\n<div class=\"wp-block-uagb-container uagb-block-195a4e9c\">\n<figure class=\"wp-block-image size-full\"><img decoding=\"async\" loading=\"lazy\" width=\"1000\" height=\"567\" src=\"https:\/\/agence-france.fr\/wp-content\/uploads\/2023\/07\/OrigamiOrigami-Interior-10.jpeg\" alt=\"\" class=\"wp-image-2311\" srcset=\"https:\/\/agence-france.fr\/wp-content\/uploads\/2023\/07\/OrigamiOrigami-Interior-10.jpeg 1000w, https:\/\/agence-france.fr\/wp-content\/uploads\/2023\/07\/OrigamiOrigami-Interior-10-300x170.jpeg 300w, https:\/\/agence-france.fr\/wp-content\/uploads\/2023\/07\/OrigamiOrigami-Interior-10-768x435.jpeg 768w\" sizes=\"(max-width: 1000px) 100vw, 1000px\" \/><\/figure>\n<\/div>\n<\/div><\/div>\n\n\n\n<h2 class=\"wp-block-heading\">Catalogue: <\/h2>\n\n\n\n<div class=\"wp-block-uagb-container uagb-block-4c406eb2 alignfull uagb-is-root-container\"><div class=\"uagb-container-inner-blocks-wrap\">\n<div class=\"wp-block-uagb-container uagb-block-d32d0826\">\n<figure class=\"wp-block-image size-full\"><a href=\"https:\/\/drive.google.com\/file\/d\/12ilBFnKK2jtccxEj36EsG4h9aTGSEkxY\/view?usp=sharing\" target=\"_blank\" rel=\"noreferrer noopener\"><img decoding=\"async\" loading=\"lazy\" width=\"474\" height=\"648\" src=\"https:\/\/agence-france.fr\/wp-content\/uploads\/2023\/07\/front-catalogue-et-listye-de-prix-eumar-2.png\" alt=\"\" class=\"wp-image-2316\" srcset=\"https:\/\/agence-france.fr\/wp-content\/uploads\/2023\/07\/front-catalogue-et-listye-de-prix-eumar-2.png 474w, https:\/\/agence-france.fr\/wp-content\/uploads\/2023\/07\/front-catalogue-et-listye-de-prix-eumar-2-219x300.png 219w\" sizes=\"(max-width: 474px) 100vw, 474px\" \/><\/a><\/figure>\n<\/div>\n\n\n\n<div class=\"wp-block-uagb-container uagb-block-99e38f7c\">\n<p><em>Origami p.41<\/em><\/p>\n<\/div>\n\n\n\n<div class=\"wp-block-uagb-container uagb-block-ab57fc54\"><\/div>\n\n\n\n<div class=\"wp-block-uagb-container uagb-block-04d1e835\"><\/div>\n\n\n\n<div class=\"wp-block-uagb-container uagb-block-3f2ce74a\"><\/div>\n<\/div><\/div>\n\n\n\n<h2 class=\"wp-block-heading\">Navigation : <\/h2>\n\n\n\n<div class=\"wp-block-uagb-container uagb-block-1a3c0c0f alignfull uagb-is-root-container\"><div class=\"uagb-container-inner-blocks-wrap\">\n<div class=\"wp-block-uagb-container uagb-block-332ecc6a\">\n<figure class=\"wp-block-image size-large\"><a href=\"https:\/\/agence-france.fr\/index.php\/nos-marques-eumar\/\"><img decoding=\"async\" loading=\"lazy\" width=\"724\" height=\"1024\" src=\"https:\/\/agence-france.fr\/wp-content\/uploads\/2023\/07\/Galerie-Eumar-3-724x1024.png\" alt=\"\" class=\"wp-image-2320\" srcset=\"https:\/\/agence-france.fr\/wp-content\/uploads\/2023\/07\/Galerie-Eumar-3-724x1024.png 724w, https:\/\/agence-france.fr\/wp-content\/uploads\/2023\/07\/Galerie-Eumar-3-212x300.png 212w, https:\/\/agence-france.fr\/wp-content\/uploads\/2023\/07\/Galerie-Eumar-3-768x1086.png 768w, https:\/\/agence-france.fr\/wp-content\/uploads\/2023\/07\/Galerie-Eumar-3-1086x1536.png 1086w, https:\/\/agence-france.fr\/wp-content\/uploads\/2023\/07\/Galerie-Eumar-3.png 1414w\" sizes=\"(max-width: 724px) 100vw, 724px\" \/><\/a><\/figure>\n<\/div>\n\n\n\n<div class=\"wp-block-uagb-container uagb-block-c9cc2891\">\n<figure class=\"wp-block-image size-large\"><img decoding=\"async\" loading=\"lazy\" width=\"724\" height=\"1024\" src=\"https:\/\/agence-france.fr\/wp-content\/uploads\/2023\/07\/Clic-Galerie-Eumar-2-1-724x1024.png\" alt=\"\" class=\"wp-image-2321\" srcset=\"https:\/\/agence-france.fr\/wp-content\/uploads\/2023\/07\/Clic-Galerie-Eumar-2-1-724x1024.png 724w, https:\/\/agence-france.fr\/wp-content\/uploads\/2023\/07\/Clic-Galerie-Eumar-2-1-212x300.png 212w, https:\/\/agence-france.fr\/wp-content\/uploads\/2023\/07\/Clic-Galerie-Eumar-2-1-768x1086.png 768w, https:\/\/agence-france.fr\/wp-content\/uploads\/2023\/07\/Clic-Galerie-Eumar-2-1-1086x1536.png 1086w, https:\/\/agence-france.fr\/wp-content\/uploads\/2023\/07\/Clic-Galerie-Eumar-2-1.png 1414w\" sizes=\"(max-width: 724px) 100vw, 724px\" \/><\/figure>\n<\/div>\n\n\n\n<div class=\"wp-block-uagb-container uagb-block-ab0b6a84\"><\/div>\n\n\n\n<div class=\"wp-block-uagb-container uagb-block-4cc3b5ae\">\n<figure class=\"wp-block-image size-large\"><a href=\"https:\/\/agence-france.fr\/index.php\/nos-produits\/\"><img decoding=\"async\" loading=\"lazy\" width=\"724\" height=\"1024\" src=\"https:\/\/agence-france.fr\/wp-content\/uploads\/2023\/07\/clic-retour-nos-produits-724x1024.png\" alt=\"\" class=\"wp-image-2324\" srcset=\"https:\/\/agence-france.fr\/wp-content\/uploads\/2023\/07\/clic-retour-nos-produits-724x1024.png 724w, https:\/\/agence-france.fr\/wp-content\/uploads\/2023\/07\/clic-retour-nos-produits-212x300.png 212w, https:\/\/agence-france.fr\/wp-content\/uploads\/2023\/07\/clic-retour-nos-produits-768x1086.png 768w, https:\/\/agence-france.fr\/wp-content\/uploads\/2023\/07\/clic-retour-nos-produits-1086x1536.png 1086w, https:\/\/agence-france.fr\/wp-content\/uploads\/2023\/07\/clic-retour-nos-produits.png 1414w\" sizes=\"(max-width: 724px) 100vw, 724px\" \/><\/a><\/figure>\n<\/div>\n<\/div><\/div>\n","protected":false},"excerpt":{"rendered":"<p>Le lavabo Origami en solid surface CreaCore silky-mat avec une couleur et un mat\u00e9riau unis sur toute la surface, comptoir rectangulaire pour lavabos simples. Ecoulement unique cach\u00e9 sous le couvercle pour un aspect ultra-hygi\u00e9nique qui ajoute une qualit\u00e9 infinie \u00e0 l&#8217;ensemble du design. Dimensions : 600x145x428mm. Poids : 9 kg. Sans couture et hygi\u00e9nique, non [&hellip;]<\/p>\n","protected":false},"author":1,"featured_media":0,"parent":0,"menu_order":0,"comment_status":"closed","ping_status":"closed","template":"","meta":{"om_disable_all_campaigns":false,"_uag_custom_page_level_css":"","_monsterinsights_skip_tracking":false,"_monsterinsights_sitenote_active":false,"_monsterinsights_sitenote_note":"","_monsterinsights_sitenote_category":0},"aioseo_notices":[],"uagb_featured_image_src":{"full":false,"thumbnail":false,"medium":false,"medium_large":false,"large":false,"1536x1536":false,"2048x2048":false},"uagb_author_info":{"display_name":"pbc","author_link":"https:\/\/agence-france.fr\/index.php\/author\/p-boissonnade\/"},"uagb_comment_info":0,"uagb_excerpt":"Le lavabo Origami en solid surface CreaCore silky-mat avec une couleur et un mat\u00e9riau unis sur toute la surface, comptoir rectangulaire pour lavabos simples. Ecoulement unique cach\u00e9 sous le couvercle pour un aspect ultra-hygi\u00e9nique qui ajoute une qualit\u00e9 infinie \u00e0 l&#8217;ensemble du design. Dimensions : 600x145x428mm. Poids : 9 kg. Sans couture et hygi\u00e9nique, non\u2026","_links":{"self":[{"href":"https:\/\/agence-france.fr\/index.php\/wp-json\/wp\/v2\/pages\/2304"}],"collection":[{"href":"https:\/\/agence-france.fr\/index.php\/wp-json\/wp\/v2\/pages"}],"about":[{"href":"https:\/\/agence-france.fr\/index.php\/wp-json\/wp\/v2\/types\/page"}],"author":[{"embeddable":true,"href":"https:\/\/agence-france.fr\/index.php\/wp-json\/wp\/v2\/users\/1"}],"replies":[{"embeddable":true,"href":"https:\/\/agence-france.fr\/index.php\/wp-json\/wp\/v2\/comments?post=2304"}],"version-history":[{"count":4,"href":"https:\/\/agence-france.fr\/index.php\/wp-json\/wp\/v2\/pages\/2304\/revisions"}],"predecessor-version":[{"id":2325,"href":"https:\/\/agence-france.fr\/index.php\/wp-json\/wp\/v2\/pages\/2304\/revisions\/2325"}],"wp:attachment":[{"href":"https:\/\/agence-france.fr\/index.php\/wp-json\/wp\/v2\/media?parent=2304"}],"curies":[{"name":"wp","href":"https:\/\/api.w.org\/{rel}","templated":true}]}}