{"id":2010,"date":"2023-07-17T13:39:48","date_gmt":"2023-07-17T13:39:48","guid":{"rendered":"https:\/\/agence-france.fr\/?page_id=2010"},"modified":"2023-07-26T15:07:33","modified_gmt":"2023-07-26T15:07:33","slug":"nos-produits-baignoires-acier","status":"publish","type":"page","link":"https:\/\/agence-france.fr\/index.php\/nos-produits-baignoires-acier\/","title":{"rendered":"Nos produits &#8211; Acier \u00e9maill\u00e9"},"content":{"rendered":"\n<div class=\"wp-block-uagb-container uagb-block-5161eccf alignfull uagb-is-root-container\"><div class=\"uagb-container-inner-blocks-wrap\">\n<div class=\"wp-block-uagb-container uagb-block-c96eea53\">\n<figure class=\"wp-block-image size-full\"><img decoding=\"async\" loading=\"lazy\" width=\"590\" height=\"483\" src=\"https:\/\/agence-france.fr\/wp-content\/uploads\/2023\/07\/schmidlin-acier-emaille-baignoire-1-1.png\" alt=\"\" class=\"wp-image-2034\" srcset=\"https:\/\/agence-france.fr\/wp-content\/uploads\/2023\/07\/schmidlin-acier-emaille-baignoire-1-1.png 590w, https:\/\/agence-france.fr\/wp-content\/uploads\/2023\/07\/schmidlin-acier-emaille-baignoire-1-1-300x246.png 300w\" sizes=\"(max-width: 590px) 100vw, 590px\" \/><\/figure>\n<\/div>\n\n\n\n<div class=\"wp-block-uagb-container uagb-block-4a44b0e9\">\n<figure class=\"wp-block-image size-large\"><a href=\"https:\/\/agence-france.fr\/wp-content\/uploads\/2023\/07\/Schimidlin-Orbis-mini-3.jpg\" target=\"_blank\" rel=\"noreferrer noopener\"><img decoding=\"async\" loading=\"lazy\" width=\"1024\" height=\"767\" src=\"https:\/\/agence-france.fr\/wp-content\/uploads\/2023\/07\/Schimidlin-Orbis-mini-3-1024x767.jpg\" alt=\"\" class=\"wp-image-2716\" srcset=\"https:\/\/agence-france.fr\/wp-content\/uploads\/2023\/07\/Schimidlin-Orbis-mini-3-1024x767.jpg 1024w, https:\/\/agence-france.fr\/wp-content\/uploads\/2023\/07\/Schimidlin-Orbis-mini-3-300x225.jpg 300w, https:\/\/agence-france.fr\/wp-content\/uploads\/2023\/07\/Schimidlin-Orbis-mini-3-768x575.jpg 768w, https:\/\/agence-france.fr\/wp-content\/uploads\/2023\/07\/Schimidlin-Orbis-mini-3-1536x1150.jpg 1536w, https:\/\/agence-france.fr\/wp-content\/uploads\/2023\/07\/Schimidlin-Orbis-mini-3-2048x1534.jpg 2048w\" sizes=\"(max-width: 1024px) 100vw, 1024px\" \/><\/a><\/figure>\n<\/div>\n<\/div><\/div>\n\n\n\n<div class=\"wp-block-uagb-container uagb-block-d636574c alignfull uagb-is-root-container\"><div class=\"uagb-container-inner-blocks-wrap\">\n<div class=\"wp-block-uagb-container uagb-block-e9760693\">\n<figure class=\"wp-block-image size-large\"><img decoding=\"async\" loading=\"lazy\" width=\"1024\" height=\"458\" src=\"https:\/\/agence-france.fr\/wp-content\/uploads\/2023\/07\/937e3ae374ad34e51f178526ecbecc5fe7dc9fa0-1024x458.jpeg\" alt=\"\" class=\"wp-image-2706\" srcset=\"https:\/\/agence-france.fr\/wp-content\/uploads\/2023\/07\/937e3ae374ad34e51f178526ecbecc5fe7dc9fa0-1024x458.jpeg 1024w, https:\/\/agence-france.fr\/wp-content\/uploads\/2023\/07\/937e3ae374ad34e51f178526ecbecc5fe7dc9fa0-300x134.jpeg 300w, https:\/\/agence-france.fr\/wp-content\/uploads\/2023\/07\/937e3ae374ad34e51f178526ecbecc5fe7dc9fa0-768x343.jpeg 768w, https:\/\/agence-france.fr\/wp-content\/uploads\/2023\/07\/937e3ae374ad34e51f178526ecbecc5fe7dc9fa0-1536x686.jpeg 1536w, https:\/\/agence-france.fr\/wp-content\/uploads\/2023\/07\/937e3ae374ad34e51f178526ecbecc5fe7dc9fa0.jpeg 1600w\" sizes=\"(max-width: 1024px) 100vw, 1024px\" \/><\/figure>\n<\/div>\n\n\n\n<div class=\"wp-block-uagb-container uagb-block-6e066809\">\n<p>L&#8217;acier \u00e9maill\u00e9 est un mat\u00e9riau largement utilis\u00e9 dans la fabrication de divers produits sanitaires, tels que les baignoires, les \u00e9viers et les lavabos. Il est obtenu en recouvrant une feuille d&#8217;acier d&#8217;une couche d&#8217;\u00e9mail vitrifi\u00e9. L&#8217;\u00e9mail est une combinaison de verre fondu et de pigments min\u00e9raux, ce qui conf\u00e8re \u00e0 la surface de l&#8217;acier une finition lisse, durable et r\u00e9sistante.<\/p>\n<\/div>\n\n\n\n<div class=\"wp-block-uagb-container uagb-block-0a94e80d\">\n<p>L&#8217;histoire de l&#8217;acier \u00e9maill\u00e9 remonte au 19e si\u00e8cle, lorsque des techniques de fabrication d&#8217;\u00e9maux ont \u00e9t\u00e9 d\u00e9velopp\u00e9es et appliqu\u00e9es \u00e0 l&#8217;acier pour am\u00e9liorer sa r\u00e9sistance \u00e0 la corrosion et pour obtenir une surface plus esth\u00e9tique. \u00c0 l&#8217;\u00e9poque, les baignoires en fonte \u00e9maill\u00e9e \u00e9taient populaires, mais au fil du temps, l&#8217;acier \u00e9maill\u00e9 est devenu une alternative plus l\u00e9g\u00e8re et plus \u00e9conomique.<\/p>\n<\/div>\n\n\n\n<div class=\"wp-block-uagb-container uagb-block-9f1bed17\">\n<figure class=\"wp-block-image size-large\"><img decoding=\"async\" loading=\"lazy\" width=\"1024\" height=\"458\" src=\"https:\/\/agence-france.fr\/wp-content\/uploads\/2023\/07\/schmidlin-prod-1024x458.jpeg\" alt=\"\" class=\"wp-image-2013\" srcset=\"https:\/\/agence-france.fr\/wp-content\/uploads\/2023\/07\/schmidlin-prod-1024x458.jpeg 1024w, https:\/\/agence-france.fr\/wp-content\/uploads\/2023\/07\/schmidlin-prod-300x134.jpeg 300w, https:\/\/agence-france.fr\/wp-content\/uploads\/2023\/07\/schmidlin-prod-768x343.jpeg 768w, https:\/\/agence-france.fr\/wp-content\/uploads\/2023\/07\/schmidlin-prod-1536x686.jpeg 1536w, https:\/\/agence-france.fr\/wp-content\/uploads\/2023\/07\/schmidlin-prod.jpeg 1600w\" sizes=\"(max-width: 1024px) 100vw, 1024px\" \/><\/figure>\n<\/div>\n<\/div><\/div>\n\n\n\n<div class=\"wp-block-uagb-container uagb-block-b83e5904 alignfull uagb-is-root-container\"><div class=\"uagb-container-inner-blocks-wrap\">\n<div class=\"wp-block-uagb-container uagb-block-1446b52b\">\n<figure class=\"wp-block-image size-large\"><img decoding=\"async\" loading=\"lazy\" width=\"1024\" height=\"458\" src=\"https:\/\/agence-france.fr\/wp-content\/uploads\/2023\/07\/551058435da8d7cd9520e2b33aac257d417a2a6e-1024x458.jpeg\" alt=\"\" class=\"wp-image-2708\" srcset=\"https:\/\/agence-france.fr\/wp-content\/uploads\/2023\/07\/551058435da8d7cd9520e2b33aac257d417a2a6e-1024x458.jpeg 1024w, https:\/\/agence-france.fr\/wp-content\/uploads\/2023\/07\/551058435da8d7cd9520e2b33aac257d417a2a6e-300x134.jpeg 300w, https:\/\/agence-france.fr\/wp-content\/uploads\/2023\/07\/551058435da8d7cd9520e2b33aac257d417a2a6e-768x343.jpeg 768w, https:\/\/agence-france.fr\/wp-content\/uploads\/2023\/07\/551058435da8d7cd9520e2b33aac257d417a2a6e-1536x686.jpeg 1536w, https:\/\/agence-france.fr\/wp-content\/uploads\/2023\/07\/551058435da8d7cd9520e2b33aac257d417a2a6e.jpeg 1600w\" sizes=\"(max-width: 1024px) 100vw, 1024px\" \/><\/figure>\n<\/div>\n\n\n\n<div class=\"wp-block-uagb-container uagb-block-e4e2c4d4\">\n<figure class=\"wp-block-image size-large\"><img decoding=\"async\" loading=\"lazy\" width=\"1024\" height=\"458\" src=\"https:\/\/agence-france.fr\/wp-content\/uploads\/2023\/07\/32c1bbbc63af486b9fc6fc77412e40b076e967d5-1024x458.jpeg\" alt=\"\" class=\"wp-image-2710\" srcset=\"https:\/\/agence-france.fr\/wp-content\/uploads\/2023\/07\/32c1bbbc63af486b9fc6fc77412e40b076e967d5-1024x458.jpeg 1024w, https:\/\/agence-france.fr\/wp-content\/uploads\/2023\/07\/32c1bbbc63af486b9fc6fc77412e40b076e967d5-300x134.jpeg 300w, https:\/\/agence-france.fr\/wp-content\/uploads\/2023\/07\/32c1bbbc63af486b9fc6fc77412e40b076e967d5-768x343.jpeg 768w, https:\/\/agence-france.fr\/wp-content\/uploads\/2023\/07\/32c1bbbc63af486b9fc6fc77412e40b076e967d5-1536x686.jpeg 1536w, https:\/\/agence-france.fr\/wp-content\/uploads\/2023\/07\/32c1bbbc63af486b9fc6fc77412e40b076e967d5.jpeg 1600w\" sizes=\"(max-width: 1024px) 100vw, 1024px\" \/><\/figure>\n<\/div>\n<\/div><\/div>\n\n\n\n<h2 class=\"wp-block-heading\">Avantages de l&#8217;acier \u00e9maill\u00e9 <\/h2>\n\n\n\n<ol>\n<li class=\"has-medium-font-size\">R\u00e9sistance : L&#8217;acier \u00e9maill\u00e9 est tr\u00e8s durable et r\u00e9sistant aux rayures, aux chocs et aux taches. Il peut r\u00e9sister \u00e0 une utilisation quotidienne intensive et conserve son apparence pendant de nombreuses ann\u00e9es.<\/li>\n\n\n\n<li class=\"has-medium-font-size\">Facilit\u00e9 d&#8217;entretien : La surface lisse de l&#8217;acier \u00e9maill\u00e9 est facile \u00e0 nettoyer et \u00e0 entretenir. Un simple lavage \u00e0 l&#8217;eau savonneuse suffit g\u00e9n\u00e9ralement pour \u00e9liminer la salet\u00e9 et les r\u00e9sidus.<\/li>\n\n\n\n<li class=\"has-medium-font-size\">R\u00e9sistance \u00e0 la corrosion : L&#8217;\u00e9mail vitrifi\u00e9 prot\u00e8ge efficacement l&#8217;acier de la corrosion due \u00e0 l&#8217;eau et aux produits chimiques couramment utilis\u00e9s dans la salle de bains. Cela en fait un mat\u00e9riau id\u00e9al pour les baignoires qui sont souvent expos\u00e9es \u00e0 l&#8217;humidit\u00e9.<\/li>\n\n\n\n<li class=\"has-medium-font-size\">Esth\u00e9tique : L&#8217;acier \u00e9maill\u00e9 offre une finition lisse et brillante, disponible dans une vari\u00e9t\u00e9 de couleurs et de textures. Cela permet aux concepteurs et aux propri\u00e9taires de choisir une baignoire qui correspond \u00e0 leur style et \u00e0 leur d\u00e9coration int\u00e9rieure.<\/li>\n\n\n\n<li class=\"has-medium-font-size\">Conductivit\u00e9 thermique : L&#8217;acier \u00e9maill\u00e9 a une bonne conductivit\u00e9 thermique, ce qui signifie qu&#8217;il peut conserver la chaleur de l&#8217;eau plus longtemps que d&#8217;autres mat\u00e9riaux. Cela permet de profiter d&#8217;un bain chaud plus longtemps.<\/li>\n\n\n\n<li class=\"has-medium-font-size\">Co\u00fbt : Compar\u00e9 \u00e0 d&#8217;autres mat\u00e9riaux haut de gamme, l&#8217;acier \u00e9maill\u00e9 est g\u00e9n\u00e9ralement plus abordable tout en offrant des performances et une durabilit\u00e9 satisfaisantes.<\/li>\n<\/ol>\n\n\n\n<h2 class=\"wp-block-heading has-medium-font-size\">Schmidlin: <\/h2>\n\n\n\n<div class=\"wp-block-uagb-container uagb-block-a65830af alignfull uagb-is-root-container\"><div class=\"uagb-container-inner-blocks-wrap\">\n<div class=\"wp-block-uagb-container uagb-block-f2587b9d\">\n<figure class=\"wp-block-image size-large\"><a href=\"https:\/\/agence-france.fr\/index.php\/nos-marques-schmidlin\/\"><img decoding=\"async\" loading=\"lazy\" width=\"724\" height=\"1024\" src=\"https:\/\/agence-france.fr\/wp-content\/uploads\/2023\/07\/Galerie-Schmidlin-2-724x1024.png\" alt=\"\" class=\"wp-image-2014\" srcset=\"https:\/\/agence-france.fr\/wp-content\/uploads\/2023\/07\/Galerie-Schmidlin-2-724x1024.png 724w, https:\/\/agence-france.fr\/wp-content\/uploads\/2023\/07\/Galerie-Schmidlin-2-212x300.png 212w, https:\/\/agence-france.fr\/wp-content\/uploads\/2023\/07\/Galerie-Schmidlin-2-768x1086.png 768w, https:\/\/agence-france.fr\/wp-content\/uploads\/2023\/07\/Galerie-Schmidlin-2-1086x1536.png 1086w, https:\/\/agence-france.fr\/wp-content\/uploads\/2023\/07\/Galerie-Schmidlin-2.png 1414w\" sizes=\"(max-width: 724px) 100vw, 724px\" \/><\/a><figcaption class=\"wp-element-caption\">La marque<\/figcaption><\/figure>\n<\/div>\n\n\n\n<div class=\"wp-block-uagb-container uagb-block-2022d90a\">\n<figure class=\"wp-block-image size-full\"><a href=\"https:\/\/drive.google.com\/file\/d\/1pWC1_7M1OsL3vGvCko5qPG_nU7C33cqq\/view?usp=sharing\"><img decoding=\"async\" loading=\"lazy\" width=\"426\" height=\"603\" src=\"https:\/\/agence-france.fr\/wp-content\/uploads\/2023\/07\/Schmidlin-Front-baignoires-sur-mesure-1-3.png\" alt=\"\" class=\"wp-image-2023\" srcset=\"https:\/\/agence-france.fr\/wp-content\/uploads\/2023\/07\/Schmidlin-Front-baignoires-sur-mesure-1-3.png 426w, https:\/\/agence-france.fr\/wp-content\/uploads\/2023\/07\/Schmidlin-Front-baignoires-sur-mesure-1-3-212x300.png 212w\" sizes=\"(max-width: 426px) 100vw, 426px\" \/><\/a><figcaption class=\"wp-element-caption\">Catalogues<\/figcaption><\/figure>\n<\/div>\n\n\n\n<div class=\"wp-block-uagb-container uagb-block-70f86cf2\"><\/div>\n\n\n\n<div class=\"wp-block-uagb-container uagb-block-b209ef69\"><\/div>\n\n\n\n<div class=\"wp-block-uagb-container uagb-block-3f65a954\"><\/div>\n<\/div><\/div>\n\n\n\n<h2 class=\"wp-block-heading\">S\u00e9lection des produits: <\/h2>\n\n\n\n<h2 class=\"wp-block-heading has-medium-font-size\">Baignoires<\/h2>\n\n\n\n<div class=\"wp-block-uagb-container uagb-block-9e37fece alignfull uagb-is-root-container\"><div class=\"uagb-container-inner-blocks-wrap\">\n<div class=\"wp-block-uagb-container uagb-block-2378f313\">\n<figure class=\"wp-block-image size-large\"><a href=\"https:\/\/agence-france.fr\/index.php\/nos-produits-baignoire-riva-frame\/\"><img decoding=\"async\" loading=\"lazy\" width=\"724\" height=\"1024\" src=\"https:\/\/agence-france.fr\/wp-content\/uploads\/2023\/07\/frame-724x1024.png\" alt=\"\" class=\"wp-image-2702\" srcset=\"https:\/\/agence-france.fr\/wp-content\/uploads\/2023\/07\/frame-724x1024.png 724w, https:\/\/agence-france.fr\/wp-content\/uploads\/2023\/07\/frame-212x300.png 212w, https:\/\/agence-france.fr\/wp-content\/uploads\/2023\/07\/frame-768x1086.png 768w, https:\/\/agence-france.fr\/wp-content\/uploads\/2023\/07\/frame-1086x1536.png 1086w, https:\/\/agence-france.fr\/wp-content\/uploads\/2023\/07\/frame.png 1414w\" sizes=\"(max-width: 724px) 100vw, 724px\" \/><\/a><\/figure>\n<\/div>\n\n\n\n<div class=\"wp-block-uagb-container uagb-block-2818070e\">\n<figure class=\"wp-block-image size-large\"><a href=\"https:\/\/agence-france.fr\/index.php\/nos-produits-baignoire-viva\/\"><img decoding=\"async\" loading=\"lazy\" width=\"724\" height=\"1024\" src=\"https:\/\/agence-france.fr\/wp-content\/uploads\/2023\/07\/clic-VIVA-724x1024.png\" alt=\"\" class=\"wp-image-2751\" srcset=\"https:\/\/agence-france.fr\/wp-content\/uploads\/2023\/07\/clic-VIVA-724x1024.png 724w, https:\/\/agence-france.fr\/wp-content\/uploads\/2023\/07\/clic-VIVA-212x300.png 212w, https:\/\/agence-france.fr\/wp-content\/uploads\/2023\/07\/clic-VIVA-768x1086.png 768w, https:\/\/agence-france.fr\/wp-content\/uploads\/2023\/07\/clic-VIVA.png 884w\" sizes=\"(max-width: 724px) 100vw, 724px\" \/><\/a><\/figure>\n<\/div>\n\n\n\n<div class=\"wp-block-uagb-container uagb-block-71dd0d29\"><\/div>\n\n\n\n<div class=\"wp-block-uagb-container uagb-block-b5d07a6a\"><\/div>\n\n\n\n<div class=\"wp-block-uagb-container uagb-block-5adc743b\"><\/div>\n<\/div><\/div>\n\n\n\n<h2 class=\"wp-block-heading has-medium-font-size\">Lavabos<\/h2>\n\n\n\n<div class=\"wp-block-uagb-container uagb-block-f513212c alignfull uagb-is-root-container\"><div class=\"uagb-container-inner-blocks-wrap\">\n<div class=\"wp-block-uagb-container uagb-block-6caf8c4c\">\n<figure class=\"wp-block-image size-large\"><a href=\"https:\/\/agence-france.fr\/index.php\/nos-produits-lavabo-orbis-mini\/\"><img decoding=\"async\" loading=\"lazy\" width=\"724\" height=\"1024\" src=\"https:\/\/agence-france.fr\/wp-content\/uploads\/2023\/07\/clic-Orbis-mini-724x1024.png\" alt=\"\" class=\"wp-image-2742\" srcset=\"https:\/\/agence-france.fr\/wp-content\/uploads\/2023\/07\/clic-Orbis-mini-724x1024.png 724w, https:\/\/agence-france.fr\/wp-content\/uploads\/2023\/07\/clic-Orbis-mini-212x300.png 212w, https:\/\/agence-france.fr\/wp-content\/uploads\/2023\/07\/clic-Orbis-mini-768x1086.png 768w, https:\/\/agence-france.fr\/wp-content\/uploads\/2023\/07\/clic-Orbis-mini.png 884w\" sizes=\"(max-width: 724px) 100vw, 724px\" \/><\/a><\/figure>\n<\/div>\n\n\n\n<div class=\"wp-block-uagb-container uagb-block-75cb5974\"><\/div>\n\n\n\n<div class=\"wp-block-uagb-container uagb-block-920a9540\"><\/div>\n\n\n\n<div class=\"wp-block-uagb-container uagb-block-80e6a534\"><\/div>\n\n\n\n<div class=\"wp-block-uagb-container uagb-block-ce765d35\"><\/div>\n<\/div><\/div>\n\n\n\n<h2 class=\"wp-block-heading\">Navigation<\/h2>\n\n\n\n<div class=\"wp-block-uagb-container uagb-block-feec98d2 alignfull uagb-is-root-container\"><div class=\"uagb-container-inner-blocks-wrap\">\n<div class=\"wp-block-uagb-container uagb-block-36bdc4cc\"><\/div>\n\n\n\n<div class=\"wp-block-uagb-container uagb-block-9a81cc43\"><\/div>\n\n\n\n<div class=\"wp-block-uagb-container uagb-block-f20b7703\"><\/div>\n\n\n\n<div class=\"wp-block-uagb-container uagb-block-24db0865\"><\/div>\n\n\n\n<div class=\"wp-block-uagb-container uagb-block-60bafbb8\">\n<figure class=\"wp-block-image size-large\"><a href=\"https:\/\/agence-france.fr\/index.php\/nos-produits\/\"><img decoding=\"async\" loading=\"lazy\" width=\"724\" height=\"1024\" src=\"https:\/\/agence-france.fr\/wp-content\/uploads\/2023\/07\/clic-retour-nos-produits-12-724x1024.png\" alt=\"\" class=\"wp-image-2703\" srcset=\"https:\/\/agence-france.fr\/wp-content\/uploads\/2023\/07\/clic-retour-nos-produits-12-724x1024.png 724w, https:\/\/agence-france.fr\/wp-content\/uploads\/2023\/07\/clic-retour-nos-produits-12-212x300.png 212w, https:\/\/agence-france.fr\/wp-content\/uploads\/2023\/07\/clic-retour-nos-produits-12-768x1086.png 768w, https:\/\/agence-france.fr\/wp-content\/uploads\/2023\/07\/clic-retour-nos-produits-12-1086x1536.png 1086w, https:\/\/agence-france.fr\/wp-content\/uploads\/2023\/07\/clic-retour-nos-produits-12.png 1414w\" sizes=\"(max-width: 724px) 100vw, 724px\" \/><\/a><\/figure>\n<\/div>\n<\/div><\/div>\n","protected":false},"excerpt":{"rendered":"<p>L&#8217;acier \u00e9maill\u00e9 est un mat\u00e9riau largement utilis\u00e9 dans la fabrication de divers produits sanitaires, tels que les baignoires, les \u00e9viers et les lavabos. Il est obtenu en recouvrant une feuille d&#8217;acier d&#8217;une couche d&#8217;\u00e9mail vitrifi\u00e9. L&#8217;\u00e9mail est une combinaison de verre fondu et de pigments min\u00e9raux, ce qui conf\u00e8re \u00e0 la surface de l&#8217;acier une [&hellip;]<\/p>\n","protected":false},"author":1,"featured_media":0,"parent":0,"menu_order":0,"comment_status":"closed","ping_status":"closed","template":"","meta":{"om_disable_all_campaigns":false,"_uag_custom_page_level_css":"","_monsterinsights_skip_tracking":false,"_monsterinsights_sitenote_active":false,"_monsterinsights_sitenote_note":"","_monsterinsights_sitenote_category":0},"aioseo_notices":[],"uagb_featured_image_src":{"full":false,"thumbnail":false,"medium":false,"medium_large":false,"large":false,"1536x1536":false,"2048x2048":false},"uagb_author_info":{"display_name":"pbc","author_link":"https:\/\/agence-france.fr\/index.php\/author\/p-boissonnade\/"},"uagb_comment_info":0,"uagb_excerpt":"L&#8217;acier \u00e9maill\u00e9 est un mat\u00e9riau largement utilis\u00e9 dans la fabrication de divers produits sanitaires, tels que les baignoires, les \u00e9viers et les lavabos. Il est obtenu en recouvrant une feuille d&#8217;acier d&#8217;une couche d&#8217;\u00e9mail vitrifi\u00e9. L&#8217;\u00e9mail est une combinaison de verre fondu et de pigments min\u00e9raux, ce qui conf\u00e8re \u00e0 la surface de l&#8217;acier une\u2026","_links":{"self":[{"href":"https:\/\/agence-france.fr\/index.php\/wp-json\/wp\/v2\/pages\/2010"}],"collection":[{"href":"https:\/\/agence-france.fr\/index.php\/wp-json\/wp\/v2\/pages"}],"about":[{"href":"https:\/\/agence-france.fr\/index.php\/wp-json\/wp\/v2\/types\/page"}],"author":[{"embeddable":true,"href":"https:\/\/agence-france.fr\/index.php\/wp-json\/wp\/v2\/users\/1"}],"replies":[{"embeddable":true,"href":"https:\/\/agence-france.fr\/index.php\/wp-json\/wp\/v2\/comments?post=2010"}],"version-history":[{"count":12,"href":"https:\/\/agence-france.fr\/index.php\/wp-json\/wp\/v2\/pages\/2010\/revisions"}],"predecessor-version":[{"id":2753,"href":"https:\/\/agence-france.fr\/index.php\/wp-json\/wp\/v2\/pages\/2010\/revisions\/2753"}],"wp:attachment":[{"href":"https:\/\/agence-france.fr\/index.php\/wp-json\/wp\/v2\/media?parent=2010"}],"curies":[{"name":"wp","href":"https:\/\/api.w.org\/{rel}","templated":true}]}}