{"id":1531,"date":"2023-07-06T08:25:38","date_gmt":"2023-07-06T08:25:38","guid":{"rendered":"https:\/\/agence-france.fr\/?page_id=1531"},"modified":"2024-06-12T15:49:32","modified_gmt":"2024-06-12T15:49:32","slug":"nos-marques-ever-life-design","status":"publish","type":"page","link":"https:\/\/agence-france.fr\/index.php\/nos-marques-ever-life-design\/","title":{"rendered":"Nos marques &#8211; EVER Life Design"},"content":{"rendered":"\n<div class=\"wp-block-uagb-container uagb-block-26f8abf5 alignfull uagb-is-root-container\"><div class=\"uagb-container-inner-blocks-wrap\">\n<div class=\"wp-block-uagb-container uagb-block-2623718c\"><style>.kb-google-maps-container_6ac5dd-1b{height:450px;}<\/style><div class=\"kb-google-maps-container kb-google-maps-container_6ac5dd-1b  wp-block-kadence-googlemaps\" data-mapid=\"_6ac5dd-1b\"><iframe width=\"100%\" height=\"100%\"\n\t\t\t\t\t\t\tstyle=\"border:0\" loading=\"lazy\"\n\t\t\t\t\t\t\tsrc=\"https:\/\/www.google.com\/maps\/embed\/v1\/place?key=AIzaSyBAM2o7PiQqwk15LC1XRH2e_KJ-jUa7KYk&#038;zoom=5&#038;maptype=roadmap&#038;q=+Via+M.+Curie%2C+7%2C+46034+Borgo+Virgilio+MN%2C+Italie\"\n\t\t\t\t\t\t\ttitle=\"Google map of  Via M. Curie, 7, 46034 Borgo Virgilio MN, Italie\"><\/iframe><\/div><script>function kb_google_map_6ac5dd_1b() { let center = { lat: 37.8201, lng: -122.4781}; let map = new google.maps.Map(document.getElementById(\"kb-google-map_6ac5dd-1b\"), {\n\t\t\t\t\t    zoom: 5,\n\t\t\t\t\t    center: center,});let marker = new google.maps.Marker({   position: { lat: 37.8201, lng: -122.4781},    map: map,  });}<\/script><\/div>\n\n\n\n<div class=\"wp-block-uagb-container uagb-block-19890cd2\">\n<p>Ever Life Design<\/p>\n\n\n\n<p>Via M. Curie, 7, 46034 Borgo Virgilio MN, Italie<\/p>\n\n\n\n<p><a href=\"http:\/\/everlifedesign.it\" target=\"_blank\" rel=\"noopener\" title=\"everlifedesign.it\">everlifedesign.it<\/a><\/p>\n\n\n\n<p><a href=\"https:\/\/www.google.com\/search?q=ever+life+design&amp;rlz=1C1ONGR_frFR1060FR1060&amp;oq=ever+life+design&amp;aqs=chrome.0.35i39i650j46i175i199i512j35i39j0i22i30l4j69i60.3535j0j7&amp;sourceid=chrome&amp;ie=UTF-8#\">+39 0376 4473<\/a><\/p>\n<\/div>\n\n\n\n<div class=\"wp-block-uagb-container uagb-block-b432ef7d\"><div class=\"n2-section-smartslider fitvidsignore  n2_clear\" data-ssid=\"7\"><div id=\"n2-ss-7-align\" class=\"n2-ss-align\"><div class=\"n2-padding\"><div id=\"n2-ss-7\" data-creator=\"Smart Slider 3\" data-responsive=\"auto\" class=\"n2-ss-slider n2-ow n2-has-hover n2notransition  \"><div class=\"n2-ss-slider-wrapper-inside\">\n        <div class=\"n2-ss-slider-1 n2_ss__touch_element n2-ow\">\n            <div class=\"n2-ss-slider-2 n2-ow\">\n                                                <div class=\"n2-ss-slider-3 n2-ow\">\n\n                    <div class=\"n2-ss-slide-backgrounds n2-ow-all\"><div class=\"n2-ss-slide-background\" data-public-id=\"1\" data-mode=\"fill\"><div class=\"n2-ss-slide-background-image\" data-blur=\"0\" data-opacity=\"100\" data-x=\"50\" data-y=\"50\" data-alt=\"\" data-title=\"\"><picture class=\"skip-lazy\" data-skip-lazy=\"1\"><img decoding=\"async\" src=\"\/\/agence-france.fr\/wp-content\/uploads\/2023\/07\/EVER-Buck.jpg\" alt=\"\" title=\"\" loading=\"lazy\" class=\"skip-lazy\" data-skip-lazy=\"1\"><\/picture><\/div><div data-color=\"RGBA(255,255,255,0)\" style=\"background-color: RGBA(255,255,255,0);\" class=\"n2-ss-slide-background-color\"><\/div><\/div><div class=\"n2-ss-slide-background\" data-public-id=\"2\" data-mode=\"fill\"><div class=\"n2-ss-slide-background-image\" data-blur=\"0\" data-opacity=\"100\" data-x=\"50\" data-y=\"50\" data-alt=\"\" data-title=\"\"><picture class=\"skip-lazy\" data-skip-lazy=\"1\"><img decoding=\"async\" src=\"\/\/agence-france.fr\/wp-content\/uploads\/2023\/07\/Mobby2-768x1024-1.jpg\" alt=\"\" title=\"\" loading=\"lazy\" class=\"skip-lazy\" data-skip-lazy=\"1\"><\/picture><\/div><div data-color=\"RGBA(255,255,255,0)\" style=\"background-color: RGBA(255,255,255,0);\" class=\"n2-ss-slide-background-color\"><\/div><\/div><div class=\"n2-ss-slide-background\" data-public-id=\"3\" data-mode=\"fill\"><div class=\"n2-ss-slide-background-image\" data-blur=\"0\" data-opacity=\"100\" data-x=\"50\" data-y=\"50\" data-alt=\"\" data-title=\"\"><picture class=\"skip-lazy\" data-skip-lazy=\"1\"><img decoding=\"async\" src=\"\/\/agence-france.fr\/wp-content\/uploads\/2023\/07\/Mobby3-768x1024-1.jpg\" alt=\"\" title=\"\" loading=\"lazy\" class=\"skip-lazy\" data-skip-lazy=\"1\"><\/picture><\/div><div data-color=\"RGBA(255,255,255,0)\" style=\"background-color: RGBA(255,255,255,0);\" class=\"n2-ss-slide-background-color\"><\/div><\/div><div class=\"n2-ss-slide-background\" data-public-id=\"4\" data-mode=\"fill\"><div class=\"n2-ss-slide-background-image\" data-blur=\"0\" data-opacity=\"100\" data-x=\"50\" data-y=\"50\" data-alt=\"\" data-title=\"\"><picture class=\"skip-lazy\" data-skip-lazy=\"1\"><img decoding=\"async\" src=\"\/\/agence-france.fr\/wp-content\/uploads\/2023\/05\/Ever-click-1.jpg\" alt=\"\" title=\"\" loading=\"lazy\" class=\"skip-lazy\" data-skip-lazy=\"1\"><\/picture><\/div><div data-color=\"RGBA(255,255,255,0)\" style=\"background-color: RGBA(255,255,255,0);\" class=\"n2-ss-slide-background-color\"><\/div><\/div><div class=\"n2-ss-slide-background\" data-public-id=\"5\" data-mode=\"fill\"><div class=\"n2-ss-slide-background-image\" data-blur=\"0\" data-opacity=\"100\" data-x=\"50\" data-y=\"50\" data-alt=\"\" data-title=\"\"><picture class=\"skip-lazy\" data-skip-lazy=\"1\"><img decoding=\"async\" src=\"\/\/agence-france.fr\/wp-content\/uploads\/2023\/07\/Mobby1-980x800-1.jpg\" alt=\"\" title=\"\" loading=\"lazy\" class=\"skip-lazy\" data-skip-lazy=\"1\"><\/picture><\/div><div data-color=\"RGBA(255,255,255,0)\" style=\"background-color: RGBA(255,255,255,0);\" class=\"n2-ss-slide-background-color\"><\/div><\/div><div class=\"n2-ss-slide-background\" data-public-id=\"6\" data-mode=\"fill\"><div class=\"n2-ss-slide-background-image\" data-blur=\"0\" data-opacity=\"100\" data-x=\"50\" data-y=\"50\" data-alt=\"\" data-title=\"\"><picture class=\"skip-lazy\" data-skip-lazy=\"1\"><img decoding=\"async\" src=\"\/\/agence-france.fr\/wp-content\/uploads\/2023\/07\/ever-life-design-roll-collection-diego-cisi-sgabello-lavabo-1280x483-1.jpg\" alt=\"\" title=\"\" loading=\"lazy\" class=\"skip-lazy\" data-skip-lazy=\"1\"><\/picture><\/div><div data-color=\"RGBA(255,255,255,0)\" style=\"background-color: RGBA(255,255,255,0);\" class=\"n2-ss-slide-background-color\"><\/div><\/div><div class=\"n2-ss-slide-background\" data-public-id=\"7\" data-mode=\"fill\"><div class=\"n2-ss-slide-background-image\" data-blur=\"0\" data-opacity=\"100\" data-x=\"50\" data-y=\"50\" data-alt=\"\" data-title=\"\"><picture class=\"skip-lazy\" data-skip-lazy=\"1\"><img decoding=\"async\" src=\"\/\/agence-france.fr\/wp-content\/uploads\/2023\/07\/dot-porta-asciugamani.jpg\" alt=\"\" title=\"\" loading=\"lazy\" class=\"skip-lazy\" data-skip-lazy=\"1\"><\/picture><\/div><div data-color=\"RGBA(255,255,255,0)\" style=\"background-color: RGBA(255,255,255,0);\" class=\"n2-ss-slide-background-color\"><\/div><\/div><div class=\"n2-ss-slide-background\" data-public-id=\"8\" data-mode=\"fill\"><div class=\"n2-ss-slide-background-image\" data-blur=\"0\" data-opacity=\"100\" data-x=\"50\" data-y=\"50\" data-alt=\"\" data-title=\"\"><picture class=\"skip-lazy\" data-skip-lazy=\"1\"><img decoding=\"async\" src=\"\/\/agence-france.fr\/wp-content\/uploads\/2023\/07\/Ever-bounce.png\" alt=\"\" title=\"\" loading=\"lazy\" class=\"skip-lazy\" data-skip-lazy=\"1\"><\/picture><\/div><div data-color=\"RGBA(255,255,255,0)\" style=\"background-color: RGBA(255,255,255,0);\" class=\"n2-ss-slide-background-color\"><\/div><\/div><div class=\"n2-ss-slide-background\" data-public-id=\"9\" data-mode=\"fill\"><div class=\"n2-ss-slide-background-image\" data-blur=\"0\" data-opacity=\"100\" data-x=\"50\" data-y=\"50\" data-alt=\"\" data-title=\"\"><picture class=\"skip-lazy\" data-skip-lazy=\"1\"><img decoding=\"async\" src=\"\/\/agence-france.fr\/wp-content\/uploads\/2023\/07\/ever-tuck.jpg\" alt=\"\" title=\"\" loading=\"lazy\" class=\"skip-lazy\" data-skip-lazy=\"1\"><\/picture><\/div><div data-color=\"RGBA(255,255,255,0)\" style=\"background-color: RGBA(255,255,255,0);\" class=\"n2-ss-slide-background-color\"><\/div><\/div><div class=\"n2-ss-slide-background\" data-public-id=\"10\" data-mode=\"fill\"><div class=\"n2-ss-slide-background-image\" data-blur=\"0\" data-opacity=\"100\" data-x=\"50\" data-y=\"50\" data-alt=\"\" data-title=\"\"><picture class=\"skip-lazy\" data-skip-lazy=\"1\"><img decoding=\"async\" src=\"\/\/agence-france.fr\/wp-content\/uploads\/2023\/07\/Ever-Gambol.jpg\" alt=\"\" title=\"\" loading=\"lazy\" class=\"skip-lazy\" data-skip-lazy=\"1\"><\/picture><\/div><div data-color=\"RGBA(255,255,255,0)\" style=\"background-color: RGBA(255,255,255,0);\" class=\"n2-ss-slide-background-color\"><\/div><\/div><\/div>                    <div class=\"n2-ss-slider-4 n2-ow\">\n                        <svg xmlns=\"http:\/\/www.w3.org\/2000\/svg\" viewBox=\"0 0 1200 800\" data-related-device=\"desktopPortrait\" class=\"n2-ow n2-ss-preserve-size n2-ss-preserve-size--slider n2-ss-slide-limiter\"><\/svg><div data-first=\"1\" data-slide-duration=\"0\" data-id=\"33\" data-slide-public-id=\"1\" data-title=\"EVER Buck\" class=\"n2-ss-slide n2-ow  n2-ss-slide-33\"><div role=\"note\" class=\"n2-ss-slide--focus\" tabindex=\"-1\">EVER Buck<\/div><div class=\"n2-ss-layers-container n2-ss-slide-limiter n2-ow\"><div class=\"n2-ss-layer n2-ow n-uc-DAn79EsHIh5q\" data-sstype=\"slide\" data-pm=\"default\"><\/div><\/div><\/div><div data-slide-duration=\"0\" data-id=\"23\" data-slide-public-id=\"2\" data-title=\"Mobby2-768x1024\" class=\"n2-ss-slide n2-ow  n2-ss-slide-23\"><div role=\"note\" class=\"n2-ss-slide--focus\" tabindex=\"-1\">Mobby2-768&#215;1024<\/div><div class=\"n2-ss-layers-container n2-ss-slide-limiter n2-ow\"><div class=\"n2-ss-layer n2-ow n-uc-v1jOEqsXmCUX\" data-sstype=\"slide\" data-pm=\"default\"><\/div><\/div><\/div><div data-slide-duration=\"0\" data-id=\"24\" data-slide-public-id=\"3\" data-title=\"Mobby3-768x1024\" class=\"n2-ss-slide n2-ow  n2-ss-slide-24\"><div role=\"note\" class=\"n2-ss-slide--focus\" tabindex=\"-1\">Mobby3-768&#215;1024<\/div><div class=\"n2-ss-layers-container n2-ss-slide-limiter n2-ow\"><div class=\"n2-ss-layer n2-ow n-uc-ZYYo5pMbfdlm\" data-sstype=\"slide\" data-pm=\"default\"><\/div><\/div><\/div><div data-slide-duration=\"0\" data-id=\"22\" data-slide-public-id=\"4\" data-title=\"Ever-click-1\" class=\"n2-ss-slide n2-ow  n2-ss-slide-22\"><div role=\"note\" class=\"n2-ss-slide--focus\" tabindex=\"-1\">Ever-click-1<\/div><div class=\"n2-ss-layers-container n2-ss-slide-limiter n2-ow\"><div class=\"n2-ss-layer n2-ow n-uc-BwIVghGwOKbb\" data-sstype=\"slide\" data-pm=\"default\"><\/div><\/div><\/div><div data-slide-duration=\"0\" data-id=\"25\" data-slide-public-id=\"5\" data-title=\"Mobby1-980x800\" class=\"n2-ss-slide n2-ow  n2-ss-slide-25\"><div role=\"note\" class=\"n2-ss-slide--focus\" tabindex=\"-1\">Mobby1-980&#215;800<\/div><div class=\"n2-ss-layers-container n2-ss-slide-limiter n2-ow\"><div class=\"n2-ss-layer n2-ow n-uc-dhZCdhecAyM5\" data-sstype=\"slide\" data-pm=\"default\"><\/div><\/div><\/div><div data-slide-duration=\"0\" data-id=\"26\" data-slide-public-id=\"6\" data-title=\"ever-life-design-roll-collection-diego-cisi-sgabello-lavabo-1280x483\" class=\"n2-ss-slide n2-ow  n2-ss-slide-26\"><div role=\"note\" class=\"n2-ss-slide--focus\" tabindex=\"-1\">ever-life-design-roll-collection-diego-cisi-sgabello-lavabo-1280&#215;483<\/div><div class=\"n2-ss-layers-container n2-ss-slide-limiter n2-ow\"><div class=\"n2-ss-layer n2-ow n-uc-O1V1DJJUfa6F\" data-sstype=\"slide\" data-pm=\"default\"><\/div><\/div><\/div><div data-slide-duration=\"0\" data-id=\"27\" data-slide-public-id=\"7\" data-title=\"dot-porta-asciugamani\" class=\"n2-ss-slide n2-ow  n2-ss-slide-27\"><div role=\"note\" class=\"n2-ss-slide--focus\" tabindex=\"-1\">dot-porta-asciugamani<\/div><div class=\"n2-ss-layers-container n2-ss-slide-limiter n2-ow\"><div class=\"n2-ss-layer n2-ow n-uc-BnGeI9BMGsne\" data-sstype=\"slide\" data-pm=\"default\"><\/div><\/div><\/div><div data-slide-duration=\"0\" data-id=\"30\" data-slide-public-id=\"8\" data-title=\"Ever bounce\" class=\"n2-ss-slide n2-ow  n2-ss-slide-30\"><div role=\"note\" class=\"n2-ss-slide--focus\" tabindex=\"-1\">Ever bounce<\/div><div class=\"n2-ss-layers-container n2-ss-slide-limiter n2-ow\"><div class=\"n2-ss-layer n2-ow n-uc-VaEGQu8QxEIL\" data-sstype=\"slide\" data-pm=\"default\"><\/div><\/div><\/div><div data-slide-duration=\"0\" data-id=\"31\" data-slide-public-id=\"9\" data-title=\"ever tuck\" class=\"n2-ss-slide n2-ow  n2-ss-slide-31\"><div role=\"note\" class=\"n2-ss-slide--focus\" tabindex=\"-1\">ever tuck<\/div><div class=\"n2-ss-layers-container n2-ss-slide-limiter n2-ow\"><div class=\"n2-ss-layer n2-ow n-uc-4UG58zddfEDg\" data-sstype=\"slide\" data-pm=\"default\"><\/div><\/div><\/div><div data-slide-duration=\"0\" data-id=\"32\" data-slide-public-id=\"10\" data-title=\"Ever Gambol\" class=\"n2-ss-slide n2-ow  n2-ss-slide-32\"><div role=\"note\" class=\"n2-ss-slide--focus\" tabindex=\"-1\">Ever Gambol<\/div><div class=\"n2-ss-layers-container n2-ss-slide-limiter n2-ow\"><div class=\"n2-ss-layer n2-ow n-uc-byRSHy1SuGMg\" data-sstype=\"slide\" data-pm=\"default\"><\/div><\/div><\/div>                    <\/div>\n\n                                    <\/div>\n            <\/div>\n        <\/div>\n        <div class=\"n2-ss-slider-controls n2-ss-slider-controls-absolute-left-center\"><div style=\"--widget-offset:15px;\" class=\"n2-ss-widget nextend-arrow n2-ow-all nextend-arrow-previous  nextend-arrow-animated-fade\" data-hide-mobileportrait=\"1\" id=\"n2-ss-7-arrow-previous\" role=\"button\" aria-label=\"previous arrow\" tabindex=\"0\"><img decoding=\"async\" loading=\"lazy\" width=\"32\" height=\"32\" class=\"skip-lazy\" data-skip-lazy=\"1\" src=\"data:image\/svg+xml;base64,PHN2ZyB3aWR0aD0iMzIiIGhlaWdodD0iMzIiIHZpZXdCb3g9IjAgMCAzMiAzMiIgeG1sbnM9Imh0dHA6Ly93d3cudzMub3JnLzIwMDAvc3ZnIj4KICAgIDxwYXRoIGQ9Ik0xMS40MzMgMTUuOTkyTDIyLjY5IDUuNzEyYy4zOTMtLjM5LjM5My0xLjAzIDAtMS40Mi0uMzkzLS4zOS0xLjAzLS4zOS0xLjQyMyAwbC0xMS45OCAxMC45NGMtLjIxLjIxLS4zLjQ5LS4yODUuNzYtLjAxNS4yOC4wNzUuNTYuMjg0Ljc3bDExLjk4IDEwLjk0Yy4zOTMuMzkgMS4wMy4zOSAxLjQyNCAwIC4zOTMtLjQuMzkzLTEuMDMgMC0xLjQybC0xMS4yNTctMTAuMjkiCiAgICAgICAgICBmaWxsPSIjZmZmZmZmIiBvcGFjaXR5PSIwLjgiIGZpbGwtcnVsZT0iZXZlbm9kZCIvPgo8L3N2Zz4=\" alt=\"previous arrow\"><\/div><\/div><div class=\"n2-ss-slider-controls n2-ss-slider-controls-absolute-right-center\"><div style=\"--widget-offset:15px;\" class=\"n2-ss-widget nextend-arrow n2-ow-all nextend-arrow-next  nextend-arrow-animated-fade\" data-hide-mobileportrait=\"1\" id=\"n2-ss-7-arrow-next\" role=\"button\" aria-label=\"next arrow\" tabindex=\"0\"><img decoding=\"async\" loading=\"lazy\" width=\"32\" height=\"32\" class=\"skip-lazy\" data-skip-lazy=\"1\" src=\"data:image\/svg+xml;base64,PHN2ZyB3aWR0aD0iMzIiIGhlaWdodD0iMzIiIHZpZXdCb3g9IjAgMCAzMiAzMiIgeG1sbnM9Imh0dHA6Ly93d3cudzMub3JnLzIwMDAvc3ZnIj4KICAgIDxwYXRoIGQ9Ik0xMC43MjIgNC4yOTNjLS4zOTQtLjM5LTEuMDMyLS4zOS0xLjQyNyAwLS4zOTMuMzktLjM5MyAxLjAzIDAgMS40MmwxMS4yODMgMTAuMjgtMTEuMjgzIDEwLjI5Yy0uMzkzLjM5LS4zOTMgMS4wMiAwIDEuNDIuMzk1LjM5IDEuMDMzLjM5IDEuNDI3IDBsMTIuMDA3LTEwLjk0Yy4yMS0uMjEuMy0uNDkuMjg0LS43Ny4wMTQtLjI3LS4wNzYtLjU1LS4yODYtLjc2TDEwLjcyIDQuMjkzeiIKICAgICAgICAgIGZpbGw9IiNmZmZmZmYiIG9wYWNpdHk9IjAuOCIgZmlsbC1ydWxlPSJldmVub2RkIi8+Cjwvc3ZnPg==\" alt=\"next arrow\"><\/div><\/div><\/div><\/div><ss3-loader><\/ss3-loader><\/div><\/div><div class=\"n2_clear\"><\/div><\/div><\/div>\n<\/div><\/div>\n\n\n\n<div class=\"wp-block-uagb-container uagb-block-a1696a98 alignfull uagb-is-root-container\"><div class=\"uagb-container-inner-blocks-wrap\">\n<div class=\"wp-block-uagb-container uagb-block-ce1f82cc\">\n<figure class=\"wp-block-embed is-type-video is-provider-youtube wp-block-embed-youtube wp-embed-aspect-16-9 wp-has-aspect-ratio\"><div class=\"wp-block-embed__wrapper\">\n<iframe loading=\"lazy\" title=\"EVER Life Design by Thermomat: Acrobatic Products\" width=\"500\" height=\"281\" src=\"https:\/\/www.youtube.com\/embed\/QbnVghkNRuk?feature=oembed&#038;enablejsapi=1&#038;origin=https:\/\/agence-france.fr\" frameborder=\"0\" allow=\"accelerometer; autoplay; clipboard-write; encrypted-media; gyroscope; picture-in-picture; web-share\" referrerpolicy=\"strict-origin-when-cross-origin\" allowfullscreen><\/iframe>\n<\/div><\/figure>\n<\/div>\n\n\n\n<div class=\"wp-block-uagb-container uagb-block-d8c6d3ca\">\n<p>Comment mieux r\u00e9sumer EVER qu&#8217;avec cette splendide vid\u00e9o ? <\/p>\n\n\n\n<p>Une marque misant \u00e0 la fois sur la praticit\u00e9 et le design, EVER innove dans la fa\u00e7on de penser notre salle de bain. <\/p>\n\n\n\n<p>Des petits accessoires adapt\u00e9s au design minimaliste, aux lavabos et aux \u00e9l\u00e9ments de salle de bain \u00e9pur\u00e9s, EVER propose des solutions originales pour des salles d&#8217;eau dynamiques. <\/p>\n<\/div>\n<\/div><\/div>\n\n\n\n<h2 class=\"wp-block-heading\">Catalogues<\/h2>\n\n\n\n<div class=\"wp-block-uagb-container uagb-block-6fc45a38 alignfull uagb-is-root-container\"><div class=\"uagb-container-inner-blocks-wrap\">\n<div class=\"wp-block-uagb-container uagb-block-e5f1a999\">\n<figure class=\"wp-block-image size-full\"><a href=\"https:\/\/drive.google.com\/file\/d\/1iLwhuS9Zro7J1sxAPjIpop0d4A7-aJpH\/view?usp=sharing\" target=\"_blank\" rel=\"noreferrer noopener\"><img decoding=\"async\" loading=\"lazy\" width=\"476\" height=\"591\" src=\"https:\/\/agence-france.fr\/wp-content\/uploads\/2023\/07\/Front-EVER-company-profile.png\" alt=\"\" class=\"wp-image-1548\" srcset=\"https:\/\/agence-france.fr\/wp-content\/uploads\/2023\/07\/Front-EVER-company-profile.png 476w, https:\/\/agence-france.fr\/wp-content\/uploads\/2023\/07\/Front-EVER-company-profile-242x300.png 242w\" sizes=\"(max-width: 476px) 100vw, 476px\" \/><\/a><figcaption class=\"wp-element-caption\">Company Profile<\/figcaption><\/figure>\n<\/div>\n\n\n\n<div class=\"wp-block-uagb-container uagb-block-d5cf2537\">\n<figure class=\"wp-block-image size-full\"><a href=\"https:\/\/drive.google.com\/file\/d\/1vAcowm7MIGVtxlMdE8c4rwfHwTAjG8KM\/view?usp=sharing\" target=\"_blank\" rel=\"noreferrer noopener\"><img decoding=\"async\" loading=\"lazy\" width=\"476\" height=\"585\" src=\"https:\/\/agence-france.fr\/wp-content\/uploads\/2023\/07\/Front-Catalogue-Ever.png\" alt=\"\" class=\"wp-image-1549\" srcset=\"https:\/\/agence-france.fr\/wp-content\/uploads\/2023\/07\/Front-Catalogue-Ever.png 476w, https:\/\/agence-france.fr\/wp-content\/uploads\/2023\/07\/Front-Catalogue-Ever-244x300.png 244w\" sizes=\"(max-width: 476px) 100vw, 476px\" \/><\/a><figcaption class=\"wp-element-caption\">Catalogue<\/figcaption><\/figure>\n<\/div>\n\n\n\n<div class=\"wp-block-uagb-container uagb-block-2f238333\">\n<figure class=\"wp-block-image size-full\"><a href=\"https:\/\/drive.google.com\/file\/d\/1yiL2B7G0VT-tWSFTvQQf6-6zy9juKdF2\/view?usp=sharing\" target=\"_blank\" rel=\"noreferrer noopener\"><img decoding=\"async\" loading=\"lazy\" width=\"471\" height=\"586\" src=\"https:\/\/agence-france.fr\/wp-content\/uploads\/2023\/07\/Front-liste-de-prix-EVER.png\" alt=\"\" class=\"wp-image-1550\" srcset=\"https:\/\/agence-france.fr\/wp-content\/uploads\/2023\/07\/Front-liste-de-prix-EVER.png 471w, https:\/\/agence-france.fr\/wp-content\/uploads\/2023\/07\/Front-liste-de-prix-EVER-241x300.png 241w\" sizes=\"(max-width: 471px) 100vw, 471px\" \/><\/a><figcaption class=\"wp-element-caption\">Liste de prix<\/figcaption><\/figure>\n<\/div>\n\n\n\n<div class=\"wp-block-uagb-container uagb-block-2683eeae\"><\/div>\n\n\n\n<div class=\"wp-block-uagb-container uagb-block-e99ed34a\"><\/div>\n<\/div><\/div>\n\n\n\n<div class=\"wp-block-uagb-separator uagb-block-524327ef wp-block-uagb-separator--icon\"><div class=\"wp-block-uagb-separator__inner\" style=\"--my-background-image:\"><div class=\"wp-block-uagb-separator-element\"><svg xmlns=\"https:\/\/www.w3.org\/2000\/svg\" viewBox=\"0 0 512 512\"><path d=\"M222.7 32.15C227.7 49.08 218.1 66.9 201.1 71.94C121.8 95.55 64 169.1 64 255.1C64 362 149.1 447.1 256 447.1C362 447.1 448 362 448 255.1C448 169.1 390.2 95.55 310.9 71.94C293.9 66.9 284.3 49.08 289.3 32.15C294.4 15.21 312.2 5.562 329.1 10.6C434.9 42.07 512 139.1 512 255.1C512 397.4 397.4 511.1 256 511.1C114.6 511.1 0 397.4 0 255.1C0 139.1 77.15 42.07 182.9 10.6C199.8 5.562 217.6 15.21 222.7 32.15V32.15z\"><\/path><\/svg><\/div><\/div><\/div>\n\n\n\n<div class=\"wp-block-uagb-container uagb-block-42be610c alignfull uagb-is-root-container\"><div class=\"uagb-container-inner-blocks-wrap\">\n<div class=\"wp-block-uagb-container uagb-block-9aa3da1b\"><\/div>\n\n\n\n<div class=\"wp-block-uagb-container uagb-block-6fbe119b\">\n<figure class=\"wp-block-image size-large\"><img decoding=\"async\" loading=\"lazy\" width=\"724\" height=\"1024\" src=\"https:\/\/agence-france.fr\/wp-content\/uploads\/2023\/07\/clic-galerie-ever-724x1024.png\" alt=\"\" class=\"wp-image-1559\" srcset=\"https:\/\/agence-france.fr\/wp-content\/uploads\/2023\/07\/clic-galerie-ever-724x1024.png 724w, https:\/\/agence-france.fr\/wp-content\/uploads\/2023\/07\/clic-galerie-ever-212x300.png 212w, https:\/\/agence-france.fr\/wp-content\/uploads\/2023\/07\/clic-galerie-ever-768x1086.png 768w, https:\/\/agence-france.fr\/wp-content\/uploads\/2023\/07\/clic-galerie-ever-1086x1536.png 1086w, https:\/\/agence-france.fr\/wp-content\/uploads\/2023\/07\/clic-galerie-ever.png 1414w\" sizes=\"(max-width: 724px) 100vw, 724px\" \/><\/figure>\n<\/div>\n\n\n\n<div class=\"wp-block-uagb-container uagb-block-f7a1ae7b\">\n<figure class=\"wp-block-image size-large\"><a href=\"https:\/\/www.everlifedesign.it\/\" target=\"_blank\" rel=\"noreferrer noopener\"><img decoding=\"async\" loading=\"lazy\" width=\"724\" height=\"1024\" src=\"https:\/\/agence-france.fr\/wp-content\/uploads\/2023\/07\/clic-Site-off-ever-2-724x1024.png\" alt=\"\" class=\"wp-image-1564\" srcset=\"https:\/\/agence-france.fr\/wp-content\/uploads\/2023\/07\/clic-Site-off-ever-2-724x1024.png 724w, https:\/\/agence-france.fr\/wp-content\/uploads\/2023\/07\/clic-Site-off-ever-2-212x300.png 212w, https:\/\/agence-france.fr\/wp-content\/uploads\/2023\/07\/clic-Site-off-ever-2-768x1086.png 768w, https:\/\/agence-france.fr\/wp-content\/uploads\/2023\/07\/clic-Site-off-ever-2-1086x1536.png 1086w, https:\/\/agence-france.fr\/wp-content\/uploads\/2023\/07\/clic-Site-off-ever-2.png 1414w\" sizes=\"(max-width: 724px) 100vw, 724px\" \/><\/a><\/figure>\n<\/div>\n\n\n\n<div class=\"wp-block-uagb-container uagb-block-37ce41f4\">\n<figure class=\"wp-block-image size-large\"><a href=\"https:\/\/agence-france.fr\/index.php\/nos-marques\/\"><img decoding=\"async\" loading=\"lazy\" width=\"724\" height=\"1024\" src=\"https:\/\/agence-france.fr\/wp-content\/uploads\/2023\/07\/Clic-retour-nos-marques-2-724x1024.png\" alt=\"\" class=\"wp-image-1553\" srcset=\"https:\/\/agence-france.fr\/wp-content\/uploads\/2023\/07\/Clic-retour-nos-marques-2-724x1024.png 724w, https:\/\/agence-france.fr\/wp-content\/uploads\/2023\/07\/Clic-retour-nos-marques-2-212x300.png 212w, https:\/\/agence-france.fr\/wp-content\/uploads\/2023\/07\/Clic-retour-nos-marques-2-768x1086.png 768w, https:\/\/agence-france.fr\/wp-content\/uploads\/2023\/07\/Clic-retour-nos-marques-2-1086x1536.png 1086w, https:\/\/agence-france.fr\/wp-content\/uploads\/2023\/07\/Clic-retour-nos-marques-2.png 1414w\" sizes=\"(max-width: 724px) 100vw, 724px\" \/><\/a><\/figure>\n<\/div>\n\n\n\n<div class=\"wp-block-uagb-container uagb-block-116b3d92\"><\/div>\n<\/div><\/div>\n","protected":false},"excerpt":{"rendered":"<p>Ever Life Design Via M. Curie, 7, 46034 Borgo Virgilio MN, Italie everlifedesign.it +39 0376 4473 Comment mieux r\u00e9sumer EVER qu&#8217;avec cette splendide vid\u00e9o ? Une marque misant \u00e0 la fois sur la praticit\u00e9 et le design, EVER innove dans la fa\u00e7on de penser notre salle de bain. Des petits accessoires adapt\u00e9s au design minimaliste, [&hellip;]<\/p>\n","protected":false},"author":1,"featured_media":0,"parent":0,"menu_order":0,"comment_status":"closed","ping_status":"closed","template":"","meta":{"om_disable_all_campaigns":false,"_uag_custom_page_level_css":"","_monsterinsights_skip_tracking":false,"_monsterinsights_sitenote_active":false,"_monsterinsights_sitenote_note":"","_monsterinsights_sitenote_category":0},"aioseo_notices":[],"uagb_featured_image_src":{"full":false,"thumbnail":false,"medium":false,"medium_large":false,"large":false,"1536x1536":false,"2048x2048":false},"uagb_author_info":{"display_name":"pbc","author_link":"https:\/\/agence-france.fr\/index.php\/author\/p-boissonnade\/"},"uagb_comment_info":0,"uagb_excerpt":"Ever Life Design Via M. Curie, 7, 46034 Borgo Virgilio MN, Italie everlifedesign.it +39 0376 4473 Comment mieux r\u00e9sumer EVER qu&#8217;avec cette splendide vid\u00e9o ? Une marque misant \u00e0 la fois sur la praticit\u00e9 et le design, EVER innove dans la fa\u00e7on de penser notre salle de bain. Des petits accessoires adapt\u00e9s au design minimaliste,\u2026","_links":{"self":[{"href":"https:\/\/agence-france.fr\/index.php\/wp-json\/wp\/v2\/pages\/1531"}],"collection":[{"href":"https:\/\/agence-france.fr\/index.php\/wp-json\/wp\/v2\/pages"}],"about":[{"href":"https:\/\/agence-france.fr\/index.php\/wp-json\/wp\/v2\/types\/page"}],"author":[{"embeddable":true,"href":"https:\/\/agence-france.fr\/index.php\/wp-json\/wp\/v2\/users\/1"}],"replies":[{"embeddable":true,"href":"https:\/\/agence-france.fr\/index.php\/wp-json\/wp\/v2\/comments?post=1531"}],"version-history":[{"count":7,"href":"https:\/\/agence-france.fr\/index.php\/wp-json\/wp\/v2\/pages\/1531\/revisions"}],"predecessor-version":[{"id":3484,"href":"https:\/\/agence-france.fr\/index.php\/wp-json\/wp\/v2\/pages\/1531\/revisions\/3484"}],"wp:attachment":[{"href":"https:\/\/agence-france.fr\/index.php\/wp-json\/wp\/v2\/media?parent=1531"}],"curies":[{"name":"wp","href":"https:\/\/api.w.org\/{rel}","templated":true}]}}